{"id":692473,"date":"2025-08-27T14:07:11","date_gmt":"2025-08-27T11:07:11","guid":{"rendered":"https:\/\/roveyayinevi.com.tr\/index.php\/urun\/koruyucu-melegim\/"},"modified":"2026-04-12T02:03:03","modified_gmt":"2026-04-11T23:03:03","slug":"koruyucu-melegim","status":"publish","type":"product","link":"https:\/\/roveyayinevi.com.tr\/index.php\/urun\/koruyucu-melegim\/","title":{"rendered":"Koruyucu Mele\u011fim"},"content":{"rendered":"<p>Su\u00e7, \u015fiddet, sava\u015f, anla\u015fmazl\u0131k, ter\u00f6r&#8230; bizi, ailemizi, \u00e7evremizi, \u00fclkemizi tehdit ediyor. Mikail\u2019in kanatlar\u0131 alt\u0131na s\u0131\u011f\u0131nmam\u0131z gerek. Koruyucu Mele\u011fim size Mikail\u2019i tan\u0131t\u0131yor ve onun koruyucu g\u00fcc\u00fcnden nas\u0131l yararlanaca\u011f\u0131n\u0131z\u0131, ona sesinizi nas\u0131l duyuraca\u011f\u0131n\u0131z\u0131 a\u00e7\u0131klayarak yol g\u00f6steriyor. \u0130slam, Yahudi ve H\u0131ristiyan geleneklerinde sayg\u0131n bir yeri olan Mikail, ba\u015f\u0131n\u0131z derde girdi\u011finde sizi ve sevdiklerinizi ger\u00e7ekten koruyabilir. Bu kitapta anlat\u0131lan ya\u015fanm\u0131\u015f olaylar\u0131 okuyarak, ona ihtiya\u00e7 duydu\u011funuzda Mikail\u2019in sizden yard\u0131m\u0131n\u0131 asla esirgemedi\u011fini g\u00f6receksiniz. <\/p>\n","protected":false},"excerpt":{"rendered":"<p>Su\u00e7, \u015fiddet, sava\u015f, anla\u015fmazl\u0131k, ter\u00f6r&#8230; bizi, ailemizi, \u00e7evremizi, \u00fclkemizi tehdit ediyor. Mikail\u2019in kanatlar\u0131 alt\u0131na s\u0131\u011f\u0131nmam\u0131z gerek. Koruyucu Mele\u011fim size Mikail\u2019i tan\u0131t\u0131yor ve onun koruyucu g\u00fcc\u00fcnden nas\u0131l<span class=\"excerpt-hellip\"> [\u2026]<\/span><\/p>\n","protected":false},"featured_media":0,"template":"","meta":{"_monsterinsights_skip_tracking":false,"_monsterinsights_sitenote_active":false,"_monsterinsights_sitenote_note":"","_monsterinsights_sitenote_category":0},"product_brand":[],"product_cat":[12364,12376],"product_tag":[],"class_list":{"0":"post-692473","1":"product","2":"type-product","3":"status-publish","5":"product_cat-genel-konular","6":"product_cat-kisisel-gelisim","7":"pa_cilt-ciltsiz","8":"pa_tur-kitap","9":"pa_yayinevi-omega","10":"pa_yazar-elisabeth-clare-prophet","12":"first","13":"instock","14":"sale","15":"shipping-taxable","16":"purchasable","17":"product-type-simple"},"_links":{"self":[{"href":"https:\/\/roveyayinevi.com.tr\/index.php\/wp-json\/wp\/v2\/product\/692473","targetHints":{"allow":["GET"]}}],"collection":[{"href":"https:\/\/roveyayinevi.com.tr\/index.php\/wp-json\/wp\/v2\/product"}],"about":[{"href":"https:\/\/roveyayinevi.com.tr\/index.php\/wp-json\/wp\/v2\/types\/product"}],"wp:attachment":[{"href":"https:\/\/roveyayinevi.com.tr\/index.php\/wp-json\/wp\/v2\/media?parent=692473"}],"wp:term":[{"taxonomy":"product_brand","embeddable":true,"href":"https:\/\/roveyayinevi.com.tr\/index.php\/wp-json\/wp\/v2\/product_brand?post=692473"},{"taxonomy":"product_cat","embeddable":true,"href":"https:\/\/roveyayinevi.com.tr\/index.php\/wp-json\/wp\/v2\/product_cat?post=692473"},{"taxonomy":"product_tag","embeddable":true,"href":"https:\/\/roveyayinevi.com.tr\/index.php\/wp-json\/wp\/v2\/product_tag?post=692473"}],"curies":[{"name":"wp","href":"https:\/\/api.w.org\/{rel}","templated":true}]}}