{"id":692470,"date":"2025-08-27T14:07:10","date_gmt":"2025-08-27T11:07:10","guid":{"rendered":"https:\/\/roveyayinevi.com.tr\/index.php\/urun\/ataturkun-saklanan-seceresi\/"},"modified":"2026-04-16T02:02:32","modified_gmt":"2026-04-15T23:02:32","slug":"ataturkun-saklanan-seceresi","status":"publish","type":"product","link":"https:\/\/roveyayinevi.com.tr\/index.php\/urun\/ataturkun-saklanan-seceresi\/","title":{"rendered":"Atat\u00fcrk\u2019\u00fcn Saklanan \u015eeceresi"},"content":{"rendered":"<p>Atat\u00fcrk\u2019\u00fcn memleketi, soyu ve ge\u00e7mi\u015fi hakk\u0131nda yay\u0131nlanm\u0131\u015f bir\u00e7ok eser ve ortaya at\u0131lm\u0131\u015f bir\u00e7ok  iddia vard\u0131r. \u00d6zellikle iddialar\u0131n \u00e7o\u011funlu\u011fu bilgi ve belgeye dayanmayan, ilmi ge\u00e7erlili\u011fi olmayan iddialard\u0131r. Mustafa Kemal Atat\u00fcrk, de\u011fi\u015fik ara\u015ft\u0131rmalar\u0131m\u0131zda da ortaya konuldu\u011fu gibi, hem baba hem de anne taraf\u0131ndan T\u00fcrk\u2019t\u00fcr. Eldeki b\u00fct\u00fcn belgeler ve bilgiler bu konuda hi\u00e7bir teredd\u00fcde yer b\u0131rakmayacak kadar a\u00e7\u0131kt\u0131r. Hem ailesinde, hem de kendi \u015fahs\u0131nda muazzam bir \u201cT\u00fcrkl\u00fck bilinci\u201d vard\u0131r. Elinizdeki bu eser, \u00e7ok yeni bilgiler ve belgeler \u0131\u015f\u0131\u011f\u0131nda Atat\u00fcrk\u2019\u00fcn hem baba, hem de anne soyuna mensup olan \u015fah\u0131slar\u0131n tespit edilebilenlerini \u201csoya\u011fac\u0131\u201d olarak ortaya koymaya \u00e7al\u0131\u015f\u0131lm\u0131\u015ft\u0131r. <\/p>\n","protected":false},"excerpt":{"rendered":"<p>Atat\u00fcrk\u2019\u00fcn memleketi, soyu ve ge\u00e7mi\u015fi hakk\u0131nda yay\u0131nlanm\u0131\u015f bir\u00e7ok eser ve ortaya at\u0131lm\u0131\u015f bir\u00e7ok iddia vard\u0131r. \u00d6zellikle iddialar\u0131n \u00e7o\u011funlu\u011fu bilgi ve belgeye dayanmayan, ilmi ge\u00e7erlili\u011fi olmayan iddialard\u0131r.<span class=\"excerpt-hellip\"> [\u2026]<\/span><\/p>\n","protected":false},"featured_media":0,"template":"","meta":{"_monsterinsights_skip_tracking":false,"_monsterinsights_sitenote_active":false,"_monsterinsights_sitenote_note":"","_monsterinsights_sitenote_category":0},"product_brand":[],"product_cat":[12530,12304],"product_tag":[],"class_list":{"0":"post-692470","1":"product","2":"type-product","3":"status-publish","5":"product_cat-mustafa-kemal-ataturk","6":"product_cat-tarih","7":"pa_cilt-ciltsiz","8":"pa_tur-kitap","9":"pa_yayinevi-yeditepe-yayinevi","10":"pa_yazar-ali-guler","12":"first","13":"instock","14":"sale","15":"shipping-taxable","16":"purchasable","17":"product-type-simple"},"_links":{"self":[{"href":"https:\/\/roveyayinevi.com.tr\/index.php\/wp-json\/wp\/v2\/product\/692470","targetHints":{"allow":["GET"]}}],"collection":[{"href":"https:\/\/roveyayinevi.com.tr\/index.php\/wp-json\/wp\/v2\/product"}],"about":[{"href":"https:\/\/roveyayinevi.com.tr\/index.php\/wp-json\/wp\/v2\/types\/product"}],"wp:attachment":[{"href":"https:\/\/roveyayinevi.com.tr\/index.php\/wp-json\/wp\/v2\/media?parent=692470"}],"wp:term":[{"taxonomy":"product_brand","embeddable":true,"href":"https:\/\/roveyayinevi.com.tr\/index.php\/wp-json\/wp\/v2\/product_brand?post=692470"},{"taxonomy":"product_cat","embeddable":true,"href":"https:\/\/roveyayinevi.com.tr\/index.php\/wp-json\/wp\/v2\/product_cat?post=692470"},{"taxonomy":"product_tag","embeddable":true,"href":"https:\/\/roveyayinevi.com.tr\/index.php\/wp-json\/wp\/v2\/product_tag?post=692470"}],"curies":[{"name":"wp","href":"https:\/\/api.w.org\/{rel}","templated":true}]}}