{"id":692464,"date":"2025-08-27T14:07:09","date_gmt":"2025-08-27T11:07:09","guid":{"rendered":"https:\/\/roveyayinevi.com.tr\/index.php\/urun\/dik-bayir\/"},"modified":"2026-04-16T02:02:32","modified_gmt":"2026-04-15T23:02:32","slug":"dik-bayir","status":"publish","type":"product","link":"https:\/\/roveyayinevi.com.tr\/index.php\/urun\/dik-bayir\/","title":{"rendered":"Dik Bay\u0131r"},"content":{"rendered":"<p>\u0130lk sayfas\u0131ndan itibaren insan\u0131 saran bir roman&#8230; Bir k\u00f6y\u00fcn kurulu\u015funun ve da\u011f\u0131l\u0131\u015f\u0131n\u0131n hik\u00e2yeleri bir arada. Alaman gurbetli\u011fi peyda olunca ard\u0131na bakmadan gidenlerin ve gidenlerle, gidenlerden gelecekleri bekleyi\u015fi bir hayat tarz\u0131 haline getiren \u00e7aresiz Anadolu k\u00f6yl\u00fcs\u00fcn\u00fcn hazin destan\u0131d\u0131r. Gidenler gider; kalanlar yaln\u0131z kal\u0131r. Bitmek bilmeyen g\u00f6\u00e7ler silsilesine bir halka daha eklenir. Eserde Celal\u00ee isyanlar\u0131n\u0131n tarihine Anadolu insan\u0131n\u0131n g\u00f6z\u00fcnden bak\u0131l\u0131r. Halk diliyle yaz\u0131lm\u0131\u015f g\u00fczel mektuplarla \u00f6r\u00fcl\u00fcd\u00fcr.<\/p>\n","protected":false},"excerpt":{"rendered":"<p>\u0130lk sayfas\u0131ndan itibaren insan\u0131 saran bir roman&#8230; Bir k\u00f6y\u00fcn kurulu\u015funun ve da\u011f\u0131l\u0131\u015f\u0131n\u0131n hik\u00e2yeleri bir arada. Alaman gurbetli\u011fi peyda olunca ard\u0131na bakmadan gidenlerin ve gidenlerle, gidenlerden gelecekleri<span class=\"excerpt-hellip\"> [\u2026]<\/span><\/p>\n","protected":false},"featured_media":0,"template":"","meta":{"_monsterinsights_skip_tracking":false,"_monsterinsights_sitenote_active":false,"_monsterinsights_sitenote_note":"","_monsterinsights_sitenote_category":0},"product_brand":[],"product_cat":[12291,12292],"product_tag":[],"class_list":{"0":"post-692464","1":"product","2":"type-product","3":"status-publish","5":"product_cat-edebiyat","6":"product_cat-turk-edebiyati","7":"pa_cilt-ciltsiz","8":"pa_tur-kitap","9":"pa_yayinevi-otuken-nesriyat","10":"pa_yazar-abbas-sayar","12":"first","13":"instock","14":"sale","15":"shipping-taxable","16":"purchasable","17":"product-type-simple"},"_links":{"self":[{"href":"https:\/\/roveyayinevi.com.tr\/index.php\/wp-json\/wp\/v2\/product\/692464","targetHints":{"allow":["GET"]}}],"collection":[{"href":"https:\/\/roveyayinevi.com.tr\/index.php\/wp-json\/wp\/v2\/product"}],"about":[{"href":"https:\/\/roveyayinevi.com.tr\/index.php\/wp-json\/wp\/v2\/types\/product"}],"wp:attachment":[{"href":"https:\/\/roveyayinevi.com.tr\/index.php\/wp-json\/wp\/v2\/media?parent=692464"}],"wp:term":[{"taxonomy":"product_brand","embeddable":true,"href":"https:\/\/roveyayinevi.com.tr\/index.php\/wp-json\/wp\/v2\/product_brand?post=692464"},{"taxonomy":"product_cat","embeddable":true,"href":"https:\/\/roveyayinevi.com.tr\/index.php\/wp-json\/wp\/v2\/product_cat?post=692464"},{"taxonomy":"product_tag","embeddable":true,"href":"https:\/\/roveyayinevi.com.tr\/index.php\/wp-json\/wp\/v2\/product_tag?post=692464"}],"curies":[{"name":"wp","href":"https:\/\/api.w.org\/{rel}","templated":true}]}}