{"id":692462,"date":"2025-08-27T14:07:09","date_gmt":"2025-08-27T11:07:09","guid":{"rendered":"https:\/\/roveyayinevi.com.tr\/index.php\/urun\/kayip-kita-munun-cocuklari\/"},"modified":"2026-04-16T02:02:32","modified_gmt":"2026-04-15T23:02:32","slug":"kayip-kita-munun-cocuklari","status":"publish","type":"product","link":"https:\/\/roveyayinevi.com.tr\/index.php\/urun\/kayip-kita-munun-cocuklari\/","title":{"rendered":"Kay\u0131p K\u0131ta Mu\u2019nun \u00c7ocuklar\u0131"},"content":{"rendered":"<p>Yery\u00fcz\u00fcn\u00fcn t\u00fcm b\u00f6lgelerinde bulunmu\u015f \u00e7ok eski \u00e7a\u011flara ait insan kal\u0131nt\u0131lar\u0131 ile sembolik yaz\u0131, resim, tablet ve eski belgeler \u015feklinde kar\u015f\u0131m\u0131za \u00e7\u0131kan b\u00f6l\u00fck p\u00f6r\u00e7\u00fck tarihsel kay\u0131tlardan yararlanarak, anakaradan ayr\u0131lan kolonicilerin izledi\u011fi g\u00fczerg\u00e2h\u0131 ya da hatlar\u0131 belirlemeyi ba\u015fard\u0131m. Bu kal\u0131nt\u0131lar, ana hatlardan ayr\u0131lan \u00e7ok say\u0131da dalla birlikte kolonile\u015fmenin iki ana g\u00fczerg\u00e2h\u0131 izledi\u011fini a\u00e7\u0131k\u00e7a g\u00f6stermektedir&#8230; Ne var ki ilk kolonilerin nerede ortaya \u00e7\u0131kt\u0131\u011f\u0131n\u0131 kesin olarak biliyoruz. Do\u011fu y\u00f6n\u00fcnde ilk yerle\u015fimler, bug\u00fcn Kuzey ya da Orta Amerika\u2019n\u0131n Bat\u0131 sahilleri olarak bilinen yerlerde ger\u00e7ekle\u015fmi\u015ftir. Bat\u0131 kolonileri ise ilk kez Asya\u2019n\u0131n do\u011fu k\u0131y\u0131lar\u0131nda ortaya \u00e7\u0131km\u0131\u015ft\u0131r. Bir koloni, anakaran\u0131n egemenlik \u00e7at\u0131s\u0131 alt\u0131nda kendini y\u00f6netecek kadar geli\u015fti\u011fi zaman koloni imparatorlu\u011funa d\u00f6n\u00fc\u015f\u00fcyor ve buraya bir h\u00fck\u00fcmdar atan\u0131yordu. Sembol\u00fcyse, ufuktan y\u00fckselen ve \u0131\u015f\u0131nlar\u0131 da bulunan g\u00fcne\u015fti. -James Churchward James Churchward, Kay\u0131p K\u0131ta Mu\u2019nun \u00c7ocuklar\u0131 adl\u0131 bu eserinde, t\u00fcm ya\u015fam\u0131n\u0131 adad\u0131\u011f\u0131 Kay\u0131p K\u0131ta Mu ara\u015ft\u0131rmalar\u0131na Mu uygarl\u0131\u011f\u0131n\u0131n d\u00fcnya \u00fczerinde kurdu\u011fu kolonilerin izini s\u00fcrerek devam ediyor. Maya, M\u0131s\u0131r, Hindistan gibi b\u00fcy\u00fck uygarl\u0131klar\u0131n asl\u0131nda birer Mu kolonisi olarak hayata g\u00f6zlerini a\u00e7t\u0131\u011f\u0131n\u0131 ileri s\u00fcr\u00fcyor. \ufffcTan\u0131t\u0131m Metni<\/p>\n","protected":false},"excerpt":{"rendered":"<p>Yery\u00fcz\u00fcn\u00fcn t\u00fcm b\u00f6lgelerinde bulunmu\u015f \u00e7ok eski \u00e7a\u011flara ait insan kal\u0131nt\u0131lar\u0131 ile sembolik yaz\u0131, resim, tablet ve eski belgeler \u015feklinde kar\u015f\u0131m\u0131za \u00e7\u0131kan b\u00f6l\u00fck p\u00f6r\u00e7\u00fck tarihsel kay\u0131tlardan yararlanarak,<span class=\"excerpt-hellip\"> [\u2026]<\/span><\/p>\n","protected":false},"featured_media":0,"template":"","meta":{"_monsterinsights_skip_tracking":false,"_monsterinsights_sitenote_active":false,"_monsterinsights_sitenote_note":"","_monsterinsights_sitenote_category":0},"product_brand":[],"product_cat":[13590,12337],"product_tag":[],"class_list":{"0":"post-692462","1":"product","2":"type-product","3":"status-publish","5":"product_cat-arastirma-inceleme-politika-siyaset","6":"product_cat-politika-siyaset","7":"pa_cilt-ciltsiz","8":"pa_tur-kitap","9":"pa_yayinevi-omega","10":"pa_yazar-james-churchward","12":"first","13":"instock","14":"sale","15":"shipping-taxable","16":"purchasable","17":"product-type-simple"},"_links":{"self":[{"href":"https:\/\/roveyayinevi.com.tr\/index.php\/wp-json\/wp\/v2\/product\/692462","targetHints":{"allow":["GET"]}}],"collection":[{"href":"https:\/\/roveyayinevi.com.tr\/index.php\/wp-json\/wp\/v2\/product"}],"about":[{"href":"https:\/\/roveyayinevi.com.tr\/index.php\/wp-json\/wp\/v2\/types\/product"}],"wp:attachment":[{"href":"https:\/\/roveyayinevi.com.tr\/index.php\/wp-json\/wp\/v2\/media?parent=692462"}],"wp:term":[{"taxonomy":"product_brand","embeddable":true,"href":"https:\/\/roveyayinevi.com.tr\/index.php\/wp-json\/wp\/v2\/product_brand?post=692462"},{"taxonomy":"product_cat","embeddable":true,"href":"https:\/\/roveyayinevi.com.tr\/index.php\/wp-json\/wp\/v2\/product_cat?post=692462"},{"taxonomy":"product_tag","embeddable":true,"href":"https:\/\/roveyayinevi.com.tr\/index.php\/wp-json\/wp\/v2\/product_tag?post=692462"}],"curies":[{"name":"wp","href":"https:\/\/api.w.org\/{rel}","templated":true}]}}