{"id":692458,"date":"2025-08-27T14:07:08","date_gmt":"2025-08-27T11:07:08","guid":{"rendered":"https:\/\/roveyayinevi.com.tr\/index.php\/urun\/siyaset-sosyolojisi\/"},"modified":"2026-04-16T02:02:32","modified_gmt":"2026-04-15T23:02:32","slug":"siyaset-sosyolojisi","status":"publish","type":"product","link":"https:\/\/roveyayinevi.com.tr\/index.php\/urun\/siyaset-sosyolojisi\/","title":{"rendered":"Siyaset Sosyolojisi"},"content":{"rendered":"<p>Se\u00e7kin akademisyenler ve yazarlar\u0131n katk\u0131da bulundu\u011fu Siyaset Sosyolojisi, T\u00fcrk\u00e7ede yay\u0131nlanan en kapsaml\u0131 siyaset sosyolojisi derlemesi olma \u00f6zelli\u011fini ta\u015f\u0131maktad\u0131r. Kitab\u0131n  Siyaset Sosyolojisi Kuramlar\u0131  ba\u015fl\u0131kl\u0131 ilk k\u0131sm\u0131, \u00e7o\u011fulcu, \u00e7at\u0131\u015fmac\u0131, devlet-merkezli, kurumsal, k\u00fclt\u00fcrel ve post-modern kuramlara ili\u015fkin kapsaml\u0131 bir tart\u0131\u015fma y\u00fcr\u00fctmektedir.  Sivil Toplum: Siyasal Eylemin K\u00f6kleri ve S\u00fcre\u00e7leri  ba\u015fl\u0131kl\u0131 ikinci k\u0131s\u0131m, siyasal s\u00fcre\u00e7lere ve siyasal \u00f6rg\u00fctlere yo\u011funla\u015farak siyasetin toplumsal taban\u0131n\u0131 sorgulamaktad\u0131r.  Devlet ve G\u00f6r\u00fcn\u00fcmleri  ba\u015fl\u0131kl\u0131 \u00fc\u00e7\u00fcnc\u00fc k\u0131s\u0131m, ulus-devletlerin yap\u0131sal ve k\u00fclt\u00fcrel bi\u00e7imleni\u015flerini, sivil ve askeri b\u00fcrokrasileri ve de otoriter siyasal sistemleri incelemektedir.  Devlet Politikas\u0131 ve Yenilikler  ba\u015fl\u0131kl\u0131 d\u00f6rd\u00fcnc\u00fc k\u0131s\u0131m, toplumsal de\u011fi\u015fim, adalet, yeniden b\u00f6l\u00fc\u015f\u00fcm ve bask\u0131 gibi siyasal sonu\u00e7lara odaklanarak, bu sonu\u00e7lar\u0131 hem refah devleti, etnik az\u0131nl\u0131k politikalar\u0131, ekonomiye m\u00fcdahale gibi devlet politikas\u0131ndaki de\u011fi\u015fimler hem de sava\u015flar, devrimler ve kom\u00fcnizmden piyasa ekonomisine ge\u00e7i\u015fler gibi rejim de\u011fi\u015fiklikleri ba\u011flam\u0131nda a\u00e7\u0131klamaya \u00e7al\u0131\u015fmaktad\u0131r. Nihayet  K\u00fcreselle\u015fme ve Siyaset Sosyolojisi  ba\u015fl\u0131\u011f\u0131n\u0131 ta\u015f\u0131yan be\u015finci k\u0131s\u0131mda ise emperyalizm, yeni s\u00f6m\u00fcrgecilik, ticaret, ulus-\u00f6tesi \u015firketler, k\u00fcresel kapitalizm, g\u00f6\u00e7 ve soyk\u0131r\u0131m gibi kavramlar ekseninde uluslararas\u0131 sistemler analiz edilmektedir.  Siyaset sosyolojisi son y\u0131llarda \u00fcz\u00fcnt\u00fc verici bi\u00e7imde par\u00e7alara ayr\u0131ld\u0131. Ancak Siyaset Sosyolojisi kitab\u0131, bu alana b\u00fct\u00fcnl\u00fckl\u00fc ve tutarl\u0131 bir yakla\u015f\u0131m getiren m\u00fckemmel bir ele\u015ftirel derleme ve siyaset sosyolojisiyle ilgilenen herkes a\u00e7\u0131s\u0131ndan vazge\u00e7ilmez bir ba\u015fvuru kayna\u011f\u0131 olma \u00f6zelli\u011fi ta\u015f\u0131yor . -Doug McAdam, Stanford \u00dcniversitesi-  Siyaset Sosyolojisi geri d\u00f6nd\u00fc! Janoski, Alford, Hicks ve Schwartz, Siyaset Sosyolojisi\u2019yle, -klasik kuramlardan sivil topluma, devletten yeni politikalara- tan\u0131d\u0131k bile\u015fenlerle ve iyi a\u015f\u00e7\u0131larla birlikte \u00f6zel ve zengin bir \u00e7orba pi\u015firmekten fazlas\u0131n\u0131 yapt\u0131lar. A\u015fina oldu\u011fumuz kar\u0131\u015f\u0131ma -medyadan k\u00fcreselle\u015fmeye, post-yap\u0131salc\u0131 ve feminist kuramlardan rasyonalizme- yeni bile\u015fenler ve yeni kat\u0131l\u0131mc\u0131lar eklediler. Sonu\u00e7 ise hem bu alt disiplinin geleneklerine sayg\u0131l\u0131 hem de kapsaml\u0131 ve b\u00fcy\u00fcleyici oldu . -Sidney Tarrow, Cornell \u00dcniversitesi- <\/p>\n","protected":false},"excerpt":{"rendered":"<p>Se\u00e7kin akademisyenler ve yazarlar\u0131n katk\u0131da bulundu\u011fu Siyaset Sosyolojisi, T\u00fcrk\u00e7ede yay\u0131nlanan en kapsaml\u0131 siyaset sosyolojisi derlemesi olma \u00f6zelli\u011fini ta\u015f\u0131maktad\u0131r. Kitab\u0131n Siyaset Sosyolojisi Kuramlar\u0131 ba\u015fl\u0131kl\u0131 ilk k\u0131sm\u0131, \u00e7o\u011fulcu,<span class=\"excerpt-hellip\"> [\u2026]<\/span><\/p>\n","protected":false},"featured_media":0,"template":"","meta":{"_monsterinsights_skip_tracking":false,"_monsterinsights_sitenote_active":false,"_monsterinsights_sitenote_note":"","_monsterinsights_sitenote_category":0},"product_brand":[],"product_cat":[12351,12324],"product_tag":[],"class_list":{"0":"post-692458","1":"product","2":"type-product","3":"status-publish","5":"product_cat-siyaset-sosyolojisi","6":"product_cat-sosyoloji","7":"pa_cilt-ciltsiz","8":"pa_tur-kitap","9":"pa_yayinevi-phoenix-yayinevi","10":"pa_yazar-mildred-a-schwartz","12":"first","13":"instock","14":"sale","15":"shipping-taxable","16":"purchasable","17":"product-type-simple"},"_links":{"self":[{"href":"https:\/\/roveyayinevi.com.tr\/index.php\/wp-json\/wp\/v2\/product\/692458","targetHints":{"allow":["GET"]}}],"collection":[{"href":"https:\/\/roveyayinevi.com.tr\/index.php\/wp-json\/wp\/v2\/product"}],"about":[{"href":"https:\/\/roveyayinevi.com.tr\/index.php\/wp-json\/wp\/v2\/types\/product"}],"wp:attachment":[{"href":"https:\/\/roveyayinevi.com.tr\/index.php\/wp-json\/wp\/v2\/media?parent=692458"}],"wp:term":[{"taxonomy":"product_brand","embeddable":true,"href":"https:\/\/roveyayinevi.com.tr\/index.php\/wp-json\/wp\/v2\/product_brand?post=692458"},{"taxonomy":"product_cat","embeddable":true,"href":"https:\/\/roveyayinevi.com.tr\/index.php\/wp-json\/wp\/v2\/product_cat?post=692458"},{"taxonomy":"product_tag","embeddable":true,"href":"https:\/\/roveyayinevi.com.tr\/index.php\/wp-json\/wp\/v2\/product_tag?post=692458"}],"curies":[{"name":"wp","href":"https:\/\/api.w.org\/{rel}","templated":true}]}}