{"id":692457,"date":"2025-08-27T14:07:08","date_gmt":"2025-08-27T11:07:08","guid":{"rendered":"https:\/\/roveyayinevi.com.tr\/index.php\/urun\/intiharlar-sozlugu\/"},"modified":"2026-04-16T02:02:32","modified_gmt":"2026-04-15T23:02:32","slug":"intiharlar-sozlugu","status":"publish","type":"product","link":"https:\/\/roveyayinevi.com.tr\/index.php\/urun\/intiharlar-sozlugu\/","title":{"rendered":"\u0130ntiharlar S\u00f6zl\u00fc\u011f\u00fc"},"content":{"rendered":"<p>&#8220;Aram\u0131zda intiharla u\u011fra\u015fanlar intihar davran\u0131\u015f\u0131 konusunda her \u015feyi bildiklerini s\u00f6yleyebilirler, yaln\u0131zca insanlar\u0131n neden intihar ettiklerini s\u00f6yleyemezler.&#8221;Nedenleri, y\u00f6ntemleri ve sonu\u00e7lar\u0131yla, farkl\u0131 k\u00fclt\u00fcrlerde y\u00fcklenen anlamlar\u0131yla her daim tart\u0131\u015fmalara konu olan \u0130ntihar, tarih boyunca Hayat&#8217;a kar\u015f\u0131 en keskin tepkilerin ba\u015f\u0131nda gelir. Psikolojik, sosyolojik ve antropolojik a\u00e7\u0131dan incelemelere konu olsa da her bir g\u00f6n\u00fcll\u00fc \u00f6l\u00fcm edimi geride b\u0131rakt\u0131\u011f\u0131 i\u015faretler kadar bazen bilin\u00e7li bilinmezlikleriyle yeniden yorumlanmaya a\u00e7\u0131k bir \u00f6zg\u00fcnl\u00fck bar\u0131nd\u0131r\u0131r. Bu nedenle Camus&#8217;n\u00fcn de &#8220;tek tutarl\u0131 felsefi eylem&#8221; \u015feklinde yorumlad\u0131\u011f\u0131 insan\u0131n kendi hayat\u0131na son verme karar\u0131, geride kalanlar a\u00e7\u0131s\u0131ndan da sorgulay\u0131c\u0131 ve \u00e7\u00f6z\u00fcme muhta\u00e7 olan sars\u0131c\u0131 bir deneyimdir. Dolay\u0131s\u0131yla \u0130ntiharlar S\u00f6zl\u00fc\u011f\u00fc g\u00f6n\u00fcll\u00fc \u00f6l\u00fcm\u00fc yaln\u0131zca psikolojik ya da toplumsal bir bozuklu\u011fun s\u0131\u011f\u0131na\u011f\u0131 olarak de\u011fil edebi, felsefe ve etik y\u00f6nleriyle de incelemeye tabi tutuyor.Antik \u00c7a\u011f&#8217;dan g\u00fcn\u00fcm\u00fcze iz b\u0131rakm\u0131\u015f ger\u00e7ek ya da kurgusal intihar vakalar\u0131, intihar olgusu hakk\u0131nda geli\u015ftirilmi\u015f teoriler, siyasi ve sosyolojik kuramlar ve uygulamalar ile \u00e7e\u015fitli \u00fclkelerden ya\u015f ve cinsiyete dayal\u0131 istatistikleri kapsayan 300&#8217;e yak\u0131n ba\u015fl\u0131kla \u0130ntiharlar S\u00f6zl\u00fc\u011f\u00fc, bu yak\u0131c\u0131 konuyu ona yara\u015fan ciddiyetle ku\u015fatan bir ba\u015fvuru kitab\u0131&#8230;<\/p>\n","protected":false},"excerpt":{"rendered":"<p>&#8220;Aram\u0131zda intiharla u\u011fra\u015fanlar intihar davran\u0131\u015f\u0131 konusunda her \u015feyi bildiklerini s\u00f6yleyebilirler, yaln\u0131zca insanlar\u0131n neden intihar ettiklerini s\u00f6yleyemezler.&#8221;Nedenleri, y\u00f6ntemleri ve sonu\u00e7lar\u0131yla, farkl\u0131 k\u00fclt\u00fcrlerde y\u00fcklenen anlamlar\u0131yla her daim tart\u0131\u015fmalara<span class=\"excerpt-hellip\"> [\u2026]<\/span><\/p>\n","protected":false},"featured_media":0,"template":"","meta":{"_monsterinsights_skip_tracking":false,"_monsterinsights_sitenote_active":false,"_monsterinsights_sitenote_note":"","_monsterinsights_sitenote_category":0},"product_brand":[],"product_cat":[12364,16266],"product_tag":[],"class_list":{"0":"post-692457","1":"product","2":"type-product","3":"status-publish","5":"product_cat-genel-konular","6":"product_cat-referans-kaynak-kitap","7":"pa_tur-kitap","8":"pa_yayinevi-sel-yayincilik","9":"pa_yazar-eric-volant","11":"first","12":"instock","13":"sale","14":"shipping-taxable","15":"purchasable","16":"product-type-simple"},"_links":{"self":[{"href":"https:\/\/roveyayinevi.com.tr\/index.php\/wp-json\/wp\/v2\/product\/692457","targetHints":{"allow":["GET"]}}],"collection":[{"href":"https:\/\/roveyayinevi.com.tr\/index.php\/wp-json\/wp\/v2\/product"}],"about":[{"href":"https:\/\/roveyayinevi.com.tr\/index.php\/wp-json\/wp\/v2\/types\/product"}],"wp:attachment":[{"href":"https:\/\/roveyayinevi.com.tr\/index.php\/wp-json\/wp\/v2\/media?parent=692457"}],"wp:term":[{"taxonomy":"product_brand","embeddable":true,"href":"https:\/\/roveyayinevi.com.tr\/index.php\/wp-json\/wp\/v2\/product_brand?post=692457"},{"taxonomy":"product_cat","embeddable":true,"href":"https:\/\/roveyayinevi.com.tr\/index.php\/wp-json\/wp\/v2\/product_cat?post=692457"},{"taxonomy":"product_tag","embeddable":true,"href":"https:\/\/roveyayinevi.com.tr\/index.php\/wp-json\/wp\/v2\/product_tag?post=692457"}],"curies":[{"name":"wp","href":"https:\/\/api.w.org\/{rel}","templated":true}]}}