{"id":692456,"date":"2025-08-27T14:07:07","date_gmt":"2025-08-27T11:07:07","guid":{"rendered":"https:\/\/roveyayinevi.com.tr\/index.php\/urun\/icsel-catismalarimiz\/"},"modified":"2026-04-16T02:02:32","modified_gmt":"2026-04-15T23:02:32","slug":"icsel-catismalarimiz","status":"publish","type":"product","link":"https:\/\/roveyayinevi.com.tr\/index.php\/urun\/icsel-catismalarimiz\/","title":{"rendered":"\u0130\u00e7sel \u00c7at\u0131\u015fmalar\u0131m\u0131z"},"content":{"rendered":"<p>Freud&#8217;dan sonraki ku\u015faklar\u0131n en \u00f6zg\u00fcn psikanalistlerinden biri olan Karen Horney, nevroz teorisi kendinden \u00f6ncekilerin aksine &#8220;yap\u0131c\u0131&#8221;d\u0131r. Freud&#8217;un insan\u0131 harekete ge\u00e7iren d\u00fcrt\u00fclerin ancak denetim alt\u0131na al\u0131nabilece\u011fi, en iyi ihtimalle &#8220;y\u00fcceltilebilece\u011fi&#8221; teorisini ters k\u00f6\u015feye yat\u0131r\u0131r ve insan\u0131n i\u00e7inde bulundu\u011fu ko\u015fullar de\u011fi\u015ftirilerek kendisinin de de\u011fi\u015febilece\u011fini s\u00f6yler. Nevrozlar\u0131n alt\u0131nda yatan \u00e7at\u0131\u015fmalar hafifletilebilir, hatta fiil\u00ee bir bi\u00e7imde \u00e7\u00f6z\u00fcmlenebilir ve b\u00f6ylece ki\u015fili\u011fin ger\u00e7ek anlamda b\u00fct\u00fcnle\u015fmesi sa\u011flanabilir. K\u00fclt\u00fcr\u00fcn ve \u00e7evrenin \u00f6nemini vurgulayarak yabanc\u0131la\u015fma sorununu, kendini ger\u00e7ekle\u015ftirme ve \u00f6zg\u00fcrle\u015fmeyi merkezine alan bir yakla\u015f\u0131m geli\u015ftiren, yeni ve dinamik bir nevroz teorisi ortaya koyan Horney, \u0130\u00e7sel \u00c7at\u0131\u015fmalar\u0131m\u0131z&#8217;da, &#8220;insanlara yakla\u015fma&#8221;, &#8220;insanlar\u0131n aksine gitme&#8221; ve &#8220;insanlardan uzakla\u015fma&#8221; durumlar\u0131ndaki temel \u00e7at\u0131\u015fmalar\u0131 ele al\u0131yor.<\/p>\n","protected":false},"excerpt":{"rendered":"<p>Freud&#8217;dan sonraki ku\u015faklar\u0131n en \u00f6zg\u00fcn psikanalistlerinden biri olan Karen Horney, nevroz teorisi kendinden \u00f6ncekilerin aksine &#8220;yap\u0131c\u0131&#8221;d\u0131r. Freud&#8217;un insan\u0131 harekete ge\u00e7iren d\u00fcrt\u00fclerin ancak denetim alt\u0131na al\u0131nabilece\u011fi, en<span class=\"excerpt-hellip\"> [\u2026]<\/span><\/p>\n","protected":false},"featured_media":0,"template":"","meta":{"_monsterinsights_skip_tracking":false,"_monsterinsights_sitenote_active":false,"_monsterinsights_sitenote_note":"","_monsterinsights_sitenote_category":0},"product_brand":[],"product_cat":[12389,12388],"product_tag":[],"class_list":{"0":"post-692456","1":"product","2":"type-product","3":"status-publish","5":"product_cat-diger-felsefe","6":"product_cat-felsefe","7":"pa_cilt-ciltsiz","8":"pa_tur-kitap","9":"pa_yayinevi-sel-yayincilik","10":"pa_yazar-karen-horney","12":"first","13":"instock","14":"sale","15":"shipping-taxable","16":"purchasable","17":"product-type-simple"},"_links":{"self":[{"href":"https:\/\/roveyayinevi.com.tr\/index.php\/wp-json\/wp\/v2\/product\/692456","targetHints":{"allow":["GET"]}}],"collection":[{"href":"https:\/\/roveyayinevi.com.tr\/index.php\/wp-json\/wp\/v2\/product"}],"about":[{"href":"https:\/\/roveyayinevi.com.tr\/index.php\/wp-json\/wp\/v2\/types\/product"}],"wp:attachment":[{"href":"https:\/\/roveyayinevi.com.tr\/index.php\/wp-json\/wp\/v2\/media?parent=692456"}],"wp:term":[{"taxonomy":"product_brand","embeddable":true,"href":"https:\/\/roveyayinevi.com.tr\/index.php\/wp-json\/wp\/v2\/product_brand?post=692456"},{"taxonomy":"product_cat","embeddable":true,"href":"https:\/\/roveyayinevi.com.tr\/index.php\/wp-json\/wp\/v2\/product_cat?post=692456"},{"taxonomy":"product_tag","embeddable":true,"href":"https:\/\/roveyayinevi.com.tr\/index.php\/wp-json\/wp\/v2\/product_tag?post=692456"}],"curies":[{"name":"wp","href":"https:\/\/api.w.org\/{rel}","templated":true}]}}