{"id":692454,"date":"2025-08-27T14:07:07","date_gmt":"2025-08-27T11:07:07","guid":{"rendered":"https:\/\/roveyayinevi.com.tr\/index.php\/urun\/hayatinizi-mahvetmeden-once-neden-kafka-okumalisiniz\/"},"modified":"2026-04-16T02:02:32","modified_gmt":"2026-04-15T23:02:32","slug":"hayatinizi-mahvetmeden-once-neden-kafka-okumalisiniz","status":"publish","type":"product","link":"https:\/\/roveyayinevi.com.tr\/index.php\/urun\/hayatinizi-mahvetmeden-once-neden-kafka-okumalisiniz\/","title":{"rendered":"Hayat\u0131n\u0131z\u0131 Mahvetmeden \u00d6nce Neden Kafka Okumal\u0131s\u0131n\u0131z"},"content":{"rendered":"<p>Kitaplar\u0131n\u0131 okusun okumas\u0131n, herkes Kafka\u2019y\u0131 tan\u0131r. Foto\u011fraflar\u0131ndaki o d\u00fc\u015f\u00fcnceli y\u00fczde devlet dairelerinin yo\u011fun s\u0131k\u0131nt\u0131s\u0131, k\u00e2bus gibi ya\u015fanan d\u00f6n\u00fc\u015f\u00fcmler, Holokost\u2019un habercisi esrarengiz bir ifade vard\u0131r. Ya\u015fad\u0131\u011f\u0131 d\u00f6nemde dehas\u0131 \u015fimdiki kadar anla\u015f\u0131lamam\u0131\u015f bu adam, tarihin e\u015fsiz karakterlerinden biridir. <\/p>\n","protected":false},"excerpt":{"rendered":"<p>Kitaplar\u0131n\u0131 okusun okumas\u0131n, herkes Kafka\u2019y\u0131 tan\u0131r. Foto\u011fraflar\u0131ndaki o d\u00fc\u015f\u00fcnceli y\u00fczde devlet dairelerinin yo\u011fun s\u0131k\u0131nt\u0131s\u0131, k\u00e2bus gibi ya\u015fanan d\u00f6n\u00fc\u015f\u00fcmler, Holokost\u2019un habercisi esrarengiz bir ifade vard\u0131r. Ya\u015fad\u0131\u011f\u0131 d\u00f6nemde<span class=\"excerpt-hellip\"> [\u2026]<\/span><\/p>\n","protected":false},"featured_media":0,"template":"","meta":{"_monsterinsights_skip_tracking":false,"_monsterinsights_sitenote_active":false,"_monsterinsights_sitenote_note":"","_monsterinsights_sitenote_category":0},"product_brand":[],"product_cat":[12777,12291],"product_tag":[],"class_list":{"0":"post-692454","1":"product","2":"type-product","3":"status-publish","5":"product_cat-deneme","6":"product_cat-edebiyat","7":"pa_tur-kitap","8":"pa_yayinevi-sel-yayincilik","9":"pa_yazar-james-hawes","11":"first","12":"instock","13":"sale","14":"shipping-taxable","15":"purchasable","16":"product-type-simple"},"_links":{"self":[{"href":"https:\/\/roveyayinevi.com.tr\/index.php\/wp-json\/wp\/v2\/product\/692454","targetHints":{"allow":["GET"]}}],"collection":[{"href":"https:\/\/roveyayinevi.com.tr\/index.php\/wp-json\/wp\/v2\/product"}],"about":[{"href":"https:\/\/roveyayinevi.com.tr\/index.php\/wp-json\/wp\/v2\/types\/product"}],"wp:attachment":[{"href":"https:\/\/roveyayinevi.com.tr\/index.php\/wp-json\/wp\/v2\/media?parent=692454"}],"wp:term":[{"taxonomy":"product_brand","embeddable":true,"href":"https:\/\/roveyayinevi.com.tr\/index.php\/wp-json\/wp\/v2\/product_brand?post=692454"},{"taxonomy":"product_cat","embeddable":true,"href":"https:\/\/roveyayinevi.com.tr\/index.php\/wp-json\/wp\/v2\/product_cat?post=692454"},{"taxonomy":"product_tag","embeddable":true,"href":"https:\/\/roveyayinevi.com.tr\/index.php\/wp-json\/wp\/v2\/product_tag?post=692454"}],"curies":[{"name":"wp","href":"https:\/\/api.w.org\/{rel}","templated":true}]}}