{"id":692449,"date":"2025-08-27T14:07:06","date_gmt":"2025-08-27T11:07:06","guid":{"rendered":"https:\/\/roveyayinevi.com.tr\/index.php\/urun\/gundelik-hayatin-elestirisi-ii-gundelik-hayat-sosyolojisinin-temelleri\/"},"modified":"2026-04-16T02:02:32","modified_gmt":"2026-04-15T23:02:32","slug":"gundelik-hayatin-elestirisi-ii-gundelik-hayat-sosyolojisinin-temelleri","status":"publish","type":"product","link":"https:\/\/roveyayinevi.com.tr\/index.php\/urun\/gundelik-hayatin-elestirisi-ii-gundelik-hayat-sosyolojisinin-temelleri\/","title":{"rendered":"G\u00fcndelik Hayat\u0131n Ele\u015ftirisi II &#8211; G\u00fcndelik Hayat Sosyolojisinin Temelleri"},"content":{"rendered":"<p>Henri Lefebvre de\u011fi\u015fimin ve devrimlerin ger\u00e7ek temeli olmay\u0131 s\u00fcrd\u00fcren g\u00fcndelik hayata odakland\u0131\u011f\u0131 \u00fc\u00e7 ciltlik \u00e7al\u0131\u015fmas\u0131n\u0131n G\u00fcndelik Hayat Sosyolojisinin Temelleri isimli bu ikinci cildinde, konuyu incelemek i\u00e7in gereken y\u00f6ntem ve teorik kategorileri ele al\u0131yor.Radikal politika ve sosyal bilimlerin merkezine mek\u00e2n ve kent sorununu yerle\u015ftiren; ihtiya\u00e7lar ve arzu, d\u00fc\u015f ve ger\u00e7eklik gibi kavramlar\u0131 tart\u0131\u015fan Lefebvre, insanlar\u0131n g\u00fcndelik hayat\u0131n s\u0131n\u0131rlar\u0131n\u0131 ancak devrim anlar\u0131nda par\u00e7alayarak ya\u015fant\u0131lar\u0131n\u0131 tarih sahnesine \u00e7\u0131kard\u0131klar\u0131n\u0131, fakat tarihin ve ya\u015fant\u0131n\u0131n paralelle\u015fti\u011fi bu momentler d\u0131\u015f\u0131nda g\u00fcndelik ya\u015fam\u0131n kendi i\u00e7ine kapand\u0131\u011f\u0131n\u0131 s\u00f6yl\u00fcyor. \u0130ktidar ili\u015fkileri, yabanc\u0131la\u015fma, meta feti\u015fizmi gibi meselelerin yeniden \u00fcretili\u015f s\u00fcre\u00e7lerini masaya yat\u0131rd\u0131\u011f\u0131 bu \u00e7al\u0131\u015fmas\u0131yla Lefebvre, daha b\u00fct\u00fcnl\u00fckl\u00fc bir bak\u0131\u015f a\u00e7\u0131s\u0131 izleyerek teorinin merkezine g\u00fcndelik hayat\u0131 koymakla kalm\u0131yor, onun arac\u0131l\u0131\u011f\u0131yla konuyla ili\u015fkili t\u00fcm disiplinlerin par\u00e7al\u0131 kavray\u0131\u015flar\u0131n\u0131 da ele\u015ftiriyor.<\/p>\n","protected":false},"excerpt":{"rendered":"<p>Henri Lefebvre de\u011fi\u015fimin ve devrimlerin ger\u00e7ek temeli olmay\u0131 s\u00fcrd\u00fcren g\u00fcndelik hayata odakland\u0131\u011f\u0131 \u00fc\u00e7 ciltlik \u00e7al\u0131\u015fmas\u0131n\u0131n G\u00fcndelik Hayat Sosyolojisinin Temelleri isimli bu ikinci cildinde, konuyu incelemek i\u00e7in<span class=\"excerpt-hellip\"> [\u2026]<\/span><\/p>\n","protected":false},"featured_media":0,"template":"","meta":{"_monsterinsights_skip_tracking":false,"_monsterinsights_sitenote_active":false,"_monsterinsights_sitenote_note":"","_monsterinsights_sitenote_category":0},"product_brand":[],"product_cat":[12325,12324],"product_tag":[],"class_list":{"0":"post-692449","1":"product","2":"type-product","3":"status-publish","5":"product_cat-diger-sosyoloji","6":"product_cat-sosyoloji","7":"pa_cilt-ciltsiz","8":"pa_tur-kitap","9":"pa_yayinevi-sel-yayincilik","10":"pa_yazar-henri-lefebvre","12":"first","13":"instock","14":"sale","15":"shipping-taxable","16":"purchasable","17":"product-type-simple"},"_links":{"self":[{"href":"https:\/\/roveyayinevi.com.tr\/index.php\/wp-json\/wp\/v2\/product\/692449","targetHints":{"allow":["GET"]}}],"collection":[{"href":"https:\/\/roveyayinevi.com.tr\/index.php\/wp-json\/wp\/v2\/product"}],"about":[{"href":"https:\/\/roveyayinevi.com.tr\/index.php\/wp-json\/wp\/v2\/types\/product"}],"wp:attachment":[{"href":"https:\/\/roveyayinevi.com.tr\/index.php\/wp-json\/wp\/v2\/media?parent=692449"}],"wp:term":[{"taxonomy":"product_brand","embeddable":true,"href":"https:\/\/roveyayinevi.com.tr\/index.php\/wp-json\/wp\/v2\/product_brand?post=692449"},{"taxonomy":"product_cat","embeddable":true,"href":"https:\/\/roveyayinevi.com.tr\/index.php\/wp-json\/wp\/v2\/product_cat?post=692449"},{"taxonomy":"product_tag","embeddable":true,"href":"https:\/\/roveyayinevi.com.tr\/index.php\/wp-json\/wp\/v2\/product_tag?post=692449"}],"curies":[{"name":"wp","href":"https:\/\/api.w.org\/{rel}","templated":true}]}}