{"id":692447,"date":"2025-08-27T14:07:06","date_gmt":"2025-08-27T11:07:06","guid":{"rendered":"https:\/\/roveyayinevi.com.tr\/index.php\/urun\/gorgulu-ve-bilgili-bir-burjuva-kadininin-mektuplari\/"},"modified":"2025-11-22T02:23:16","modified_gmt":"2025-11-21T23:23:16","slug":"gorgulu-ve-bilgili-bir-burjuva-kadininin-mektuplari","status":"publish","type":"product","link":"https:\/\/roveyayinevi.com.tr\/index.php\/urun\/gorgulu-ve-bilgili-bir-burjuva-kadininin-mektuplari\/","title":{"rendered":"G\u00f6rg\u00fcl\u00fc ve Bilgili Bir Burjuva Kad\u0131n\u0131n\u0131n Mektuplar\u0131"},"content":{"rendered":"<p>Tuhaf bir yaz\u0131\u015fma, tuhaf bir mektupla\u015fma. \u00dcsluptaki inan\u0131lmaz tazelik, canl\u0131l\u0131k ve a\u00e7\u0131k se\u00e7iklik \u015fa\u015fk\u0131n b\u0131rak\u0131yor bizi. Mektuplar\u0131n yazar\u0131  Me\u00e7hul kad\u0131n , Laclos ve Sade\u2019\u0131 an\u0131msatan bu lezzetli ve zengin metni bir mektuptan \u00f6tekine geli\u015ftirerek in\u015fa ediyor. Basmakal\u0131pl\u0131klardan yorgun d\u00fc\u015fen ve hayald\u00fcnyas\u0131 zengin olan bu zor ve riskli bir yolu deniyor: arzular\u0131n ve zevklerin do\u011fas\u0131n\u0131n yolu. Kad\u0131n\u0131n maceralar\u0131 gitgide \u00e7o\u011falan zevk kaymalar\u0131nda neredeyse b\u00fct\u00fcn duyular\u0131n\u0131n sapmas\u0131na do\u011fru bir geli\u015fme g\u00f6sterirken, muhatab\u0131n\u0131n s\u00fcrekli vaatleri sonucu hi\u00e7 beklemedi\u011fi ola\u011fan\u00fcst\u00fc bir cinsellik \u00e7\u0131k\u0131yor ortaya&#8230; Virgina Woolf\u2019un, kad\u0131n erotizminin ara\u015ft\u0131r\u0131lmas\u0131 dedi\u011fi \u015fey tam da budur. <\/p>\n","protected":false},"excerpt":{"rendered":"<p>Tuhaf bir yaz\u0131\u015fma, tuhaf bir mektupla\u015fma. \u00dcsluptaki inan\u0131lmaz tazelik, canl\u0131l\u0131k ve a\u00e7\u0131k se\u00e7iklik \u015fa\u015fk\u0131n b\u0131rak\u0131yor bizi. Mektuplar\u0131n yazar\u0131 Me\u00e7hul kad\u0131n , Laclos ve Sade\u2019\u0131 an\u0131msatan bu<span class=\"excerpt-hellip\"> [\u2026]<\/span><\/p>\n","protected":false},"featured_media":0,"template":"","meta":{"_monsterinsights_skip_tracking":false,"_monsterinsights_sitenote_active":false,"_monsterinsights_sitenote_note":"","_monsterinsights_sitenote_category":0},"product_brand":[],"product_cat":[17502,13488],"product_tag":[],"class_list":{"0":"post-692447","1":"product","2":"type-product","3":"status-publish","5":"product_cat-cinsellik","6":"product_cat-toplum-ve-insan","7":"pa_tur-kitap","8":"pa_yayinevi-sel-yayincilik","9":"pa_yazar-p-v","11":"first","12":"instock","13":"sale","14":"shipping-taxable","15":"purchasable","16":"product-type-simple"},"_links":{"self":[{"href":"https:\/\/roveyayinevi.com.tr\/index.php\/wp-json\/wp\/v2\/product\/692447","targetHints":{"allow":["GET"]}}],"collection":[{"href":"https:\/\/roveyayinevi.com.tr\/index.php\/wp-json\/wp\/v2\/product"}],"about":[{"href":"https:\/\/roveyayinevi.com.tr\/index.php\/wp-json\/wp\/v2\/types\/product"}],"wp:attachment":[{"href":"https:\/\/roveyayinevi.com.tr\/index.php\/wp-json\/wp\/v2\/media?parent=692447"}],"wp:term":[{"taxonomy":"product_brand","embeddable":true,"href":"https:\/\/roveyayinevi.com.tr\/index.php\/wp-json\/wp\/v2\/product_brand?post=692447"},{"taxonomy":"product_cat","embeddable":true,"href":"https:\/\/roveyayinevi.com.tr\/index.php\/wp-json\/wp\/v2\/product_cat?post=692447"},{"taxonomy":"product_tag","embeddable":true,"href":"https:\/\/roveyayinevi.com.tr\/index.php\/wp-json\/wp\/v2\/product_tag?post=692447"}],"curies":[{"name":"wp","href":"https:\/\/api.w.org\/{rel}","templated":true}]}}