{"id":692442,"date":"2025-08-27T14:07:05","date_gmt":"2025-08-27T11:07:05","guid":{"rendered":"https:\/\/roveyayinevi.com.tr\/index.php\/urun\/hakli-cikma-sanati-eristik-diyalektik\/"},"modified":"2026-04-16T02:02:32","modified_gmt":"2026-04-15T23:02:32","slug":"hakli-cikma-sanati-eristik-diyalektik","status":"publish","type":"product","link":"https:\/\/roveyayinevi.com.tr\/index.php\/urun\/hakli-cikma-sanati-eristik-diyalektik\/","title":{"rendered":"Hakl\u0131 \u00c7\u0131kma Sanat\u0131 &#8211; Eristik Diyalektik"},"content":{"rendered":"<p>19. y\u00fczy\u0131l felsefesinin \u00f6nemli fig\u00fcrlerinden, Kant\u2019\u0131n \u00f6\u011frencisi, Alman filozof Arthur Schopenhauer, 1830&#8217;da kaleme ald\u0131\u011f\u0131 bu metinde, k\u00f6kleri antik Yunan felsefesine uzanan, tart\u0131\u015fmalarda her ko\u015fulda hakl\u0131 \u00e7\u0131kma sanat\u0131 olan &#8220;Eristik Diyalektik&#8221; y\u00f6ntemini tariflendiriyor. Bir tezin objektif olarak &#8220;do\u011frulu\u011fu ve hakl\u0131l\u0131\u011f\u0131ndan&#8221; ziyade dinleyicilerin g\u00f6z\u00fcnde &#8220;ge\u00e7erlili\u011fine&#8221; odaklanan, savunu, tart\u0131\u015fma ve arg\u00fcman kullan\u0131m\u0131nda kar\u015f\u0131 taraf\u0131 alt etmenin yollar\u0131n\u0131 felsefi &#8220;hileler&#8221; ile a\u00e7\u0131klayan Schopenhauer, ka\u00e7\u0131n\u0131lmaz olarak di\u011fer filozoflar\u0131n konu \u00fczerine fikirlerini ve y\u00f6ntem sorunlar\u0131n\u0131 da yorumluyor. <\/p>\n","protected":false},"excerpt":{"rendered":"<p>19. y\u00fczy\u0131l felsefesinin \u00f6nemli fig\u00fcrlerinden, Kant\u2019\u0131n \u00f6\u011frencisi, Alman filozof Arthur Schopenhauer, 1830&#8217;da kaleme ald\u0131\u011f\u0131 bu metinde, k\u00f6kleri antik Yunan felsefesine uzanan, tart\u0131\u015fmalarda her ko\u015fulda hakl\u0131 \u00e7\u0131kma<span class=\"excerpt-hellip\"> [\u2026]<\/span><\/p>\n","protected":false},"featured_media":0,"template":"","meta":{"_monsterinsights_skip_tracking":false,"_monsterinsights_sitenote_active":false,"_monsterinsights_sitenote_note":"","_monsterinsights_sitenote_category":0},"product_brand":[],"product_cat":[12389,12388],"product_tag":[],"class_list":{"0":"post-692442","1":"product","2":"type-product","3":"status-publish","5":"product_cat-diger-felsefe","6":"product_cat-felsefe","7":"pa_cilt-ciltsiz","8":"pa_tur-kitap","9":"pa_yayinevi-sel-yayincilik","10":"pa_yazar-arthur-schopenhauer","12":"first","13":"instock","14":"sale","15":"shipping-taxable","16":"purchasable","17":"product-type-simple"},"_links":{"self":[{"href":"https:\/\/roveyayinevi.com.tr\/index.php\/wp-json\/wp\/v2\/product\/692442","targetHints":{"allow":["GET"]}}],"collection":[{"href":"https:\/\/roveyayinevi.com.tr\/index.php\/wp-json\/wp\/v2\/product"}],"about":[{"href":"https:\/\/roveyayinevi.com.tr\/index.php\/wp-json\/wp\/v2\/types\/product"}],"wp:attachment":[{"href":"https:\/\/roveyayinevi.com.tr\/index.php\/wp-json\/wp\/v2\/media?parent=692442"}],"wp:term":[{"taxonomy":"product_brand","embeddable":true,"href":"https:\/\/roveyayinevi.com.tr\/index.php\/wp-json\/wp\/v2\/product_brand?post=692442"},{"taxonomy":"product_cat","embeddable":true,"href":"https:\/\/roveyayinevi.com.tr\/index.php\/wp-json\/wp\/v2\/product_cat?post=692442"},{"taxonomy":"product_tag","embeddable":true,"href":"https:\/\/roveyayinevi.com.tr\/index.php\/wp-json\/wp\/v2\/product_tag?post=692442"}],"curies":[{"name":"wp","href":"https:\/\/api.w.org\/{rel}","templated":true}]}}