{"id":692441,"date":"2025-08-27T14:07:05","date_gmt":"2025-08-27T11:07:05","guid":{"rendered":"https:\/\/roveyayinevi.com.tr\/index.php\/urun\/korsakov\/"},"modified":"2026-04-16T02:02:32","modified_gmt":"2026-04-15T23:02:32","slug":"korsakov","status":"publish","type":"product","link":"https:\/\/roveyayinevi.com.tr\/index.php\/urun\/korsakov\/","title":{"rendered":"Korsakov"},"content":{"rendered":"<p>Korsakov, an\u0131lar\u0131n sabitlenmesinde ba\u015f g\u00f6steren haf\u0131za kayb\u0131n\u0131n, bir uydurmacalar ve sahte an\u0131lar kar\u0131\u015f\u0131m\u0131yla telafi edilmesinden olu\u015fan bir sendrom. Korsakov hastas\u0131, zihinsel kar\u015f\u0131kl\u0131ktan musdariptir, dikkati da\u011f\u0131l\u0131r, zaman ve mek\u00e2n i\u00e7inde y\u00f6n\u00fcn\u00fc \u015fa\u015f\u0131r\u0131r. Bu hastalardan biri de Fottorino\u2019nun roman\u0131n\u0131n ba\u015f kahraman\u0131 Fran\u00e7ais. Bask\u0131c\u0131 bir Katolik ortamda, kay\u0131plarla d\u00fcnyaya gelen Fran\u00e7ais, \u00e7ocukluktan ba\u015flayarak hayat\u0131n kendisine sundu\u011fu \u00fc\u00e7 adet soyad\u0131n\u0131n (Ardanuit, Mamman, Signorelli) pe\u015finden \u015fiirsel bir yolculu\u011fa \u00e7\u0131k\u0131yor. Bu adlar ve onlar\u0131n arkas\u0131na sakl\u0131 hayatlar, bir \u00e7ocu\u011fun kum ka\u00e7m\u0131\u015f g\u00f6zlerini ve huzursuz belle\u011fini Nice\u2019ten Sicilya\u2019ya, Tunus\u2019a kadar s\u00fcr\u00fckl\u00fcyor. Fransa\u2019n\u0131n en sayg\u0131n \u00f6d\u00fcllerinin sahibi Korsakov\u2019u belki de en iyi \u015fu c\u00fcmle \u00f6zetliyor:  Kalp, bir kad\u0131n\u0131n kaybedilmi\u015f a\u015fk\u0131ndan kurtulur, ama bir \u00e7ocu\u011fun devrald\u0131\u011f\u0131 a\u015fktan kurtulamaz.\u2019\u2019 <\/p>\n","protected":false},"excerpt":{"rendered":"<p>Korsakov, an\u0131lar\u0131n sabitlenmesinde ba\u015f g\u00f6steren haf\u0131za kayb\u0131n\u0131n, bir uydurmacalar ve sahte an\u0131lar kar\u0131\u015f\u0131m\u0131yla telafi edilmesinden olu\u015fan bir sendrom. Korsakov hastas\u0131, zihinsel kar\u015f\u0131kl\u0131ktan musdariptir, dikkati da\u011f\u0131l\u0131r, zaman<span class=\"excerpt-hellip\"> [\u2026]<\/span><\/p>\n","protected":false},"featured_media":0,"template":"","meta":{"_monsterinsights_skip_tracking":false,"_monsterinsights_sitenote_active":false,"_monsterinsights_sitenote_note":"","_monsterinsights_sitenote_category":0},"product_brand":[],"product_cat":[12291,14218],"product_tag":[],"class_list":{"0":"post-692441","1":"product","2":"type-product","3":"status-publish","5":"product_cat-edebiyat","6":"product_cat-italyan-edebiyati","7":"pa_tur-kitap","8":"pa_yayinevi-pinhan-yayincilik","9":"pa_yazar-eric-fottorino","11":"first","12":"instock","13":"sale","14":"shipping-taxable","15":"purchasable","16":"product-type-simple"},"_links":{"self":[{"href":"https:\/\/roveyayinevi.com.tr\/index.php\/wp-json\/wp\/v2\/product\/692441","targetHints":{"allow":["GET"]}}],"collection":[{"href":"https:\/\/roveyayinevi.com.tr\/index.php\/wp-json\/wp\/v2\/product"}],"about":[{"href":"https:\/\/roveyayinevi.com.tr\/index.php\/wp-json\/wp\/v2\/types\/product"}],"wp:attachment":[{"href":"https:\/\/roveyayinevi.com.tr\/index.php\/wp-json\/wp\/v2\/media?parent=692441"}],"wp:term":[{"taxonomy":"product_brand","embeddable":true,"href":"https:\/\/roveyayinevi.com.tr\/index.php\/wp-json\/wp\/v2\/product_brand?post=692441"},{"taxonomy":"product_cat","embeddable":true,"href":"https:\/\/roveyayinevi.com.tr\/index.php\/wp-json\/wp\/v2\/product_cat?post=692441"},{"taxonomy":"product_tag","embeddable":true,"href":"https:\/\/roveyayinevi.com.tr\/index.php\/wp-json\/wp\/v2\/product_tag?post=692441"}],"curies":[{"name":"wp","href":"https:\/\/api.w.org\/{rel}","templated":true}]}}