{"id":692434,"date":"2025-08-27T14:06:26","date_gmt":"2025-08-27T11:06:26","guid":{"rendered":"https:\/\/roveyayinevi.com.tr\/index.php\/urun\/hafizanin-kutsal-kitabi\/"},"modified":"2026-04-16T02:02:31","modified_gmt":"2026-04-15T23:02:31","slug":"hafizanin-kutsal-kitabi","status":"publish","type":"product","link":"https:\/\/roveyayinevi.com.tr\/index.php\/urun\/hafizanin-kutsal-kitabi\/","title":{"rendered":"Haf\u0131zan\u0131n Kutsal Kitab\u0131"},"content":{"rendered":"<p>Benim ba\u015f\u0131ma gelmez mi diyorsunuz? Hi\u00e7 c\u00fczdan\u0131n\u0131z\u0131, \u00e7antan\u0131z\u0131, dosyan\u0131z\u0131 ya da telefonunuzu bir yerde unuttu\u011funuz olmad\u0131 m\u0131? Yoksa bir gece \u00f6nce seyretti\u011finiz bir filmi ya da daha be\u015f dakika \u00f6nce tan\u0131\u015ft\u0131\u011f\u0131n\u0131z birinin ad\u0131n\u0131 hat\u0131rlamakta hi\u00e7 zorlanmad\u0131n\u0131z m\u0131? <\/p>\n","protected":false},"excerpt":{"rendered":"<p>Benim ba\u015f\u0131ma gelmez mi diyorsunuz? Hi\u00e7 c\u00fczdan\u0131n\u0131z\u0131, \u00e7antan\u0131z\u0131, dosyan\u0131z\u0131 ya da telefonunuzu bir yerde unuttu\u011funuz olmad\u0131 m\u0131? Yoksa bir gece \u00f6nce seyretti\u011finiz bir filmi ya da<span class=\"excerpt-hellip\"> [\u2026]<\/span><\/p>\n","protected":false},"featured_media":0,"template":"","meta":{"_monsterinsights_skip_tracking":false,"_monsterinsights_sitenote_active":false,"_monsterinsights_sitenote_note":"","_monsterinsights_sitenote_category":0},"product_brand":[],"product_cat":[13365,20549],"product_tag":[],"class_list":{"0":"post-692434","1":"product","2":"type-product","3":"status-publish","5":"product_cat-saglik","6":"product_cat-saglik-iletisimi","7":"pa_cilt-ciltsiz","8":"pa_tur-kitap","9":"pa_yayinevi-omega","10":"pa_yazar-gary-small","12":"first","13":"instock","14":"sale","15":"shipping-taxable","16":"purchasable","17":"product-type-simple"},"_links":{"self":[{"href":"https:\/\/roveyayinevi.com.tr\/index.php\/wp-json\/wp\/v2\/product\/692434","targetHints":{"allow":["GET"]}}],"collection":[{"href":"https:\/\/roveyayinevi.com.tr\/index.php\/wp-json\/wp\/v2\/product"}],"about":[{"href":"https:\/\/roveyayinevi.com.tr\/index.php\/wp-json\/wp\/v2\/types\/product"}],"wp:attachment":[{"href":"https:\/\/roveyayinevi.com.tr\/index.php\/wp-json\/wp\/v2\/media?parent=692434"}],"wp:term":[{"taxonomy":"product_brand","embeddable":true,"href":"https:\/\/roveyayinevi.com.tr\/index.php\/wp-json\/wp\/v2\/product_brand?post=692434"},{"taxonomy":"product_cat","embeddable":true,"href":"https:\/\/roveyayinevi.com.tr\/index.php\/wp-json\/wp\/v2\/product_cat?post=692434"},{"taxonomy":"product_tag","embeddable":true,"href":"https:\/\/roveyayinevi.com.tr\/index.php\/wp-json\/wp\/v2\/product_tag?post=692434"}],"curies":[{"name":"wp","href":"https:\/\/api.w.org\/{rel}","templated":true}]}}