{"id":692433,"date":"2025-08-27T14:06:25","date_gmt":"2025-08-27T11:06:25","guid":{"rendered":"https:\/\/roveyayinevi.com.tr\/index.php\/urun\/kayip-kita-munun-kozmik-gucleri-2\/"},"modified":"2026-04-16T02:02:31","modified_gmt":"2026-04-15T23:02:31","slug":"kayip-kita-munun-kozmik-gucleri-2","status":"publish","type":"product","link":"https:\/\/roveyayinevi.com.tr\/index.php\/urun\/kayip-kita-munun-kozmik-gucleri-2\/","title":{"rendered":"Kay\u0131p K\u0131ta Mu\u2019nun Kozmik G\u00fc\u00e7leri 2"},"content":{"rendered":"<p>Kozmik g\u00fc\u00e7ler \u00fczerine ilk kitab\u0131m esasen evrendeki t\u00fcm semavi bedenleri y\u00f6neten Birincil G\u00fc\u00e7ler\u2019i konu alm\u0131\u015ft\u0131. Bana bu g\u00fc\u00e7lerin k\u00f6kenini ve i\u015fleyi\u015f tarz\u0131n\u0131 g\u00f6rme f\u0131rsat\u0131 sundu\u011fundan, o k\u0131sm\u0131n bir ba\u015flang\u0131\u00e7 olmas\u0131 planlanm\u0131\u015ft\u0131. Bu cilt ise yerk\u00fcreyi etkileyen Kozmik G\u00fc\u00e7ler\u2019i ele al\u0131yor. Kozmik G\u00fc\u00e7ler \u00fczerine ilk kitab\u0131m\u0131 bir ekle bitirmi\u015ftim: Yerk\u00fcrenin Do\u011fu\u015fu nun bir \u00f6zeti. Yerk\u00fcre devasa bir a\u011fac\u0131n b\u00fcy\u00fck dal\u0131ndaki k\u00fc\u00e7\u00fck bir \u00e7al\u0131 \u00e7\u0131rp\u0131dan ibarettir. Bu nedenle g\u00fc\u00e7lerini do\u011frudan Kozmik G\u00fc\u00e7lerin Kayna\u011f\u0131\u2019ndan almaz. Yerk\u00fcrenin ihtiya\u00e7 duydu\u011fu \u015feyi ona kendi g\u00fcne\u015fi tedarik eder. G\u00fcne\u015f onun aktarma kay\u0131\u015f\u0131d\u0131r ve bu nedenle Yerk\u00fcrenin Kozmik G\u00fc\u00e7leri ikincil niteliktedir. G\u00fcne\u015f yerk\u00fcreye do\u011fa taraf\u0131ndan ayarlanan pay\u0131n\u0131 tedarik eder. Yerk\u00fcre bu hacmi al\u0131r, yeniden d\u00fczenler ve do\u011fan\u0131n gereksinimlerini kar\u015f\u0131lamak \u00fczere sert kabu\u011fundan ge\u00e7irerek d\u0131\u015far\u0131 aktar\u0131r. -James Churchward <\/p>\n","protected":false},"excerpt":{"rendered":"<p>Kozmik g\u00fc\u00e7ler \u00fczerine ilk kitab\u0131m esasen evrendeki t\u00fcm semavi bedenleri y\u00f6neten Birincil G\u00fc\u00e7ler\u2019i konu alm\u0131\u015ft\u0131. Bana bu g\u00fc\u00e7lerin k\u00f6kenini ve i\u015fleyi\u015f tarz\u0131n\u0131 g\u00f6rme f\u0131rsat\u0131 sundu\u011fundan, o<span class=\"excerpt-hellip\"> [\u2026]<\/span><\/p>\n","protected":false},"featured_media":0,"template":"","meta":{"_monsterinsights_skip_tracking":false,"_monsterinsights_sitenote_active":false,"_monsterinsights_sitenote_note":"","_monsterinsights_sitenote_category":0},"product_brand":[],"product_cat":[13590,12337],"product_tag":[],"class_list":{"0":"post-692433","1":"product","2":"type-product","3":"status-publish","5":"product_cat-arastirma-inceleme-politika-siyaset","6":"product_cat-politika-siyaset","7":"pa_cilt-ciltsiz","8":"pa_tur-kitap","9":"pa_yayinevi-omega","10":"pa_yazar-james-churchward","12":"first","13":"instock","14":"sale","15":"shipping-taxable","16":"purchasable","17":"product-type-simple"},"_links":{"self":[{"href":"https:\/\/roveyayinevi.com.tr\/index.php\/wp-json\/wp\/v2\/product\/692433","targetHints":{"allow":["GET"]}}],"collection":[{"href":"https:\/\/roveyayinevi.com.tr\/index.php\/wp-json\/wp\/v2\/product"}],"about":[{"href":"https:\/\/roveyayinevi.com.tr\/index.php\/wp-json\/wp\/v2\/types\/product"}],"wp:attachment":[{"href":"https:\/\/roveyayinevi.com.tr\/index.php\/wp-json\/wp\/v2\/media?parent=692433"}],"wp:term":[{"taxonomy":"product_brand","embeddable":true,"href":"https:\/\/roveyayinevi.com.tr\/index.php\/wp-json\/wp\/v2\/product_brand?post=692433"},{"taxonomy":"product_cat","embeddable":true,"href":"https:\/\/roveyayinevi.com.tr\/index.php\/wp-json\/wp\/v2\/product_cat?post=692433"},{"taxonomy":"product_tag","embeddable":true,"href":"https:\/\/roveyayinevi.com.tr\/index.php\/wp-json\/wp\/v2\/product_tag?post=692433"}],"curies":[{"name":"wp","href":"https:\/\/api.w.org\/{rel}","templated":true}]}}