{"id":692432,"date":"2025-08-27T14:06:25","date_gmt":"2025-08-27T11:06:25","guid":{"rendered":"https:\/\/roveyayinevi.com.tr\/index.php\/urun\/kayip-kita-munun-kozmik-gucleri-1\/"},"modified":"2026-04-16T02:02:31","modified_gmt":"2026-04-15T23:02:31","slug":"kayip-kita-munun-kozmik-gucleri-1","status":"publish","type":"product","link":"https:\/\/roveyayinevi.com.tr\/index.php\/urun\/kayip-kita-munun-kozmik-gucleri-1\/","title":{"rendered":"Kay\u0131p K\u0131ta Mu\u2019nun Kozmik G\u00fc\u00e7leri 1"},"content":{"rendered":"<p>\u201cHindistan\u2019da Naacallar taraf\u0131ndan anavatandan getirilen bir s\u00fcr\u00fc kil tablet buldum. Bu tabletlerin say\u0131s\u0131 esasen 10 bindir. Bu Naacal tabletlerinin \u00e7ok az\u0131 hari\u00e7 hepsi yarat\u0131l\u0131\u015f ve Kozmik G\u00fc\u00e7ler\u2019in i\u015fleyi\u015fi hakk\u0131ndayd\u0131. Bunlar\u0131n a\u00e7\u0131\u011fa \u00e7\u0131kmas\u0131yla bu kitab\u0131 yazmaya ba\u015flad\u0131m. Bu tabletlerin bulunmas\u0131na ili\u015fkin ayr\u0131nt\u0131lar\u0131 ilk kitab\u0131m olan Kay\u0131p K\u0131ta Mu\u2019da vermi\u015ftim. Altm\u0131\u015f y\u0131l \u00f6nce Hindistan\u2019da palmiyelerin g\u00f6lgesinde oturuyordum; eski hocam Rishi bu e\u015fsiz Naacal kal\u0131nt\u0131lar\u0131n\u0131 de\u015fifre ediyor ve \u00e7eviriyordu. Bug\u00fcn ise Amerika\u2019da bir k\u00fct\u00fcphane masas\u0131nda, yaln\u0131zca tek bir tak\u0131m\u0131nda 3 binden fazla yaz\u0131 bar\u0131nd\u0131ran di\u011fer Antik\u00e7a\u011f yaz\u0131lar\u0131n\u0131 de\u015fifre etmeye \u00e7al\u0131\u015f\u0131yorum. Bu tabletlerin baz\u0131lar\u0131ndan, tabletlerin en az 12 bin y\u0131ll\u0131k olduklar\u0131 anla\u015f\u0131l\u0131yor ama ne kadar eski olduklar\u0131n\u0131 bilmiyorum. <\/p>\n","protected":false},"excerpt":{"rendered":"<p>\u201cHindistan\u2019da Naacallar taraf\u0131ndan anavatandan getirilen bir s\u00fcr\u00fc kil tablet buldum. Bu tabletlerin say\u0131s\u0131 esasen 10 bindir. Bu Naacal tabletlerinin \u00e7ok az\u0131 hari\u00e7 hepsi yarat\u0131l\u0131\u015f ve Kozmik<span class=\"excerpt-hellip\"> [\u2026]<\/span><\/p>\n","protected":false},"featured_media":0,"template":"","meta":{"_monsterinsights_skip_tracking":false,"_monsterinsights_sitenote_active":false,"_monsterinsights_sitenote_note":"","_monsterinsights_sitenote_category":0},"product_brand":[],"product_cat":[13590,12337],"product_tag":[],"class_list":{"0":"post-692432","1":"product","2":"type-product","3":"status-publish","5":"product_cat-arastirma-inceleme-politika-siyaset","6":"product_cat-politika-siyaset","7":"pa_cilt-ciltsiz","8":"pa_tur-kitap","9":"pa_yayinevi-omega","10":"pa_yazar-james-churchward","12":"first","13":"instock","14":"sale","15":"shipping-taxable","16":"purchasable","17":"product-type-simple"},"_links":{"self":[{"href":"https:\/\/roveyayinevi.com.tr\/index.php\/wp-json\/wp\/v2\/product\/692432","targetHints":{"allow":["GET"]}}],"collection":[{"href":"https:\/\/roveyayinevi.com.tr\/index.php\/wp-json\/wp\/v2\/product"}],"about":[{"href":"https:\/\/roveyayinevi.com.tr\/index.php\/wp-json\/wp\/v2\/types\/product"}],"wp:attachment":[{"href":"https:\/\/roveyayinevi.com.tr\/index.php\/wp-json\/wp\/v2\/media?parent=692432"}],"wp:term":[{"taxonomy":"product_brand","embeddable":true,"href":"https:\/\/roveyayinevi.com.tr\/index.php\/wp-json\/wp\/v2\/product_brand?post=692432"},{"taxonomy":"product_cat","embeddable":true,"href":"https:\/\/roveyayinevi.com.tr\/index.php\/wp-json\/wp\/v2\/product_cat?post=692432"},{"taxonomy":"product_tag","embeddable":true,"href":"https:\/\/roveyayinevi.com.tr\/index.php\/wp-json\/wp\/v2\/product_tag?post=692432"}],"curies":[{"name":"wp","href":"https:\/\/api.w.org\/{rel}","templated":true}]}}