{"id":692431,"date":"2025-08-27T14:06:25","date_gmt":"2025-08-27T11:06:25","guid":{"rendered":"https:\/\/roveyayinevi.com.tr\/index.php\/urun\/kayip-kita-munun-kutsal-sembolleri\/"},"modified":"2026-04-16T02:02:31","modified_gmt":"2026-04-15T23:02:31","slug":"kayip-kita-munun-kutsal-sembolleri","status":"publish","type":"product","link":"https:\/\/roveyayinevi.com.tr\/index.php\/urun\/kayip-kita-munun-kutsal-sembolleri\/","title":{"rendered":"Kay\u0131p K\u0131ta Mu\u2019nun Kutsal Sembolleri"},"content":{"rendered":"<p>Kay\u0131p K\u0131ta Mu dizisinin \u00fc\u00e7\u00fcnc\u00fc kitab\u0131 olan Kay\u0131p K\u0131ta Mu\u2019nun Kutsal Sembolleri\u2019nde James Churchward ba\u015fl\u0131ca d\u00fcnya dinlerinde kullan\u0131lan kutsal sembollerin k\u00f6kenlerini ve orijinal anlamlar\u0131n\u0131 ara\u015ft\u0131rm\u0131\u015ft\u0131r. Churchward\u2019a g\u00f6re farkl\u0131 dinlere ait sembollerin hepsi ortak bir k\u00f6kene, eski Mu Uygarl\u0131\u011f\u0131\u2019na dayan\u0131r.Bug\u00fcne de\u011fin d\u00fcnya \u00fczerinde var olmu\u015f t\u00fcm uygarl\u0131klar kendi dinlerini anavatan Mu\u2019nun dinsel sembollerini kullanarak ifade etmi\u015ftir.\u00dcnl\u00fc ara\u015ft\u0131rmac\u0131 \u00f6mr\u00fcn\u00fcn yar\u0131s\u0131n\u0131 Pasifik Okyanusu b\u00f6lgesinde var olmu\u015f bu b\u00fcy\u00fck medeniyetin izini s\u00fcrmekle ge\u00e7irmi\u015ftir. 50 y\u0131ll\u0131k eme\u011fin \u00fcr\u00fcn\u00fc olan bulgular\u0131n\u0131 bu ciltte ve dizinin di\u011fer kitaplar\u0131nda bizlerle payla\u015fmaktad\u0131r. James Churchward di\u011fer kitaplar\u0131nda oldu\u011fu gibi bu kitab\u0131nda da \u00e7ok \u00e7arp\u0131c\u0131 tespitler yapm\u0131\u015ft\u0131r: \u201cinsanl\u0131k tarihinin baz\u0131 d\u00f6nemlerinde, ilkesizce hareket eden rahipler dinin i\u00e7ine uyumsuz icatlar, ta\u015fk\u0131nl\u0131klar ve ahlaks\u0131zl\u0131klarla dolu h\u0131r\u00e7\u0131n dini kurallar sokarak dinlerin \u00e7\u00f6k\u00fc\u015f\u00fcne neden oldular&#8230; insanlar\u0131n kalplerine bat\u0131l inan\u00e7lar ve korkular yerle\u015ftirerek onlar\u0131 tuzaklar\u0131na d\u00fc\u015f\u00fcrd\u00fcler. Hem ruhlar\u0131n\u0131 hem de bedenlerini k\u00f6lele\u015ftirdiler. Bunu ba\u015farmalar\u0131n\u0131n ard\u0131ndan bu rahiplerin zenginle\u015fmeleri ve t\u00fcm g\u00fcc\u00fc ellerine ge\u00e7irmeleri \u00e7ok s\u00fcrmedi\u2026\u201dBuna benzer ba\u015fka ilgin\u00e7 g\u00f6r\u00fc\u015f ve belgeler i\u00e7eren bu kitab\u0131 b\u00fcy\u00fck bir ilgiyle, bir solukta okuyaca\u011f\u0131n\u0131za inan\u0131yoruz. <\/p>\n","protected":false},"excerpt":{"rendered":"<p>Kay\u0131p K\u0131ta Mu dizisinin \u00fc\u00e7\u00fcnc\u00fc kitab\u0131 olan Kay\u0131p K\u0131ta Mu\u2019nun Kutsal Sembolleri\u2019nde James Churchward ba\u015fl\u0131ca d\u00fcnya dinlerinde kullan\u0131lan kutsal sembollerin k\u00f6kenlerini ve orijinal anlamlar\u0131n\u0131 ara\u015ft\u0131rm\u0131\u015ft\u0131r. Churchward\u2019a<span class=\"excerpt-hellip\"> [\u2026]<\/span><\/p>\n","protected":false},"featured_media":0,"template":"","meta":{"_monsterinsights_skip_tracking":false,"_monsterinsights_sitenote_active":false,"_monsterinsights_sitenote_note":"","_monsterinsights_sitenote_category":0},"product_brand":[],"product_cat":[12312,12304],"product_tag":[],"class_list":{"0":"post-692431","1":"product","2":"type-product","3":"status-publish","5":"product_cat-diger","6":"product_cat-tarih","7":"pa_cilt-ciltsiz","8":"pa_tur-kitap","9":"pa_yayinevi-omega","10":"pa_yazar-james-churchward","12":"first","13":"instock","14":"sale","15":"shipping-taxable","16":"purchasable","17":"product-type-simple"},"_links":{"self":[{"href":"https:\/\/roveyayinevi.com.tr\/index.php\/wp-json\/wp\/v2\/product\/692431","targetHints":{"allow":["GET"]}}],"collection":[{"href":"https:\/\/roveyayinevi.com.tr\/index.php\/wp-json\/wp\/v2\/product"}],"about":[{"href":"https:\/\/roveyayinevi.com.tr\/index.php\/wp-json\/wp\/v2\/types\/product"}],"wp:attachment":[{"href":"https:\/\/roveyayinevi.com.tr\/index.php\/wp-json\/wp\/v2\/media?parent=692431"}],"wp:term":[{"taxonomy":"product_brand","embeddable":true,"href":"https:\/\/roveyayinevi.com.tr\/index.php\/wp-json\/wp\/v2\/product_brand?post=692431"},{"taxonomy":"product_cat","embeddable":true,"href":"https:\/\/roveyayinevi.com.tr\/index.php\/wp-json\/wp\/v2\/product_cat?post=692431"},{"taxonomy":"product_tag","embeddable":true,"href":"https:\/\/roveyayinevi.com.tr\/index.php\/wp-json\/wp\/v2\/product_tag?post=692431"}],"curies":[{"name":"wp","href":"https:\/\/api.w.org\/{rel}","templated":true}]}}