{"id":692430,"date":"2025-08-27T14:06:25","date_gmt":"2025-08-27T11:06:25","guid":{"rendered":"https:\/\/roveyayinevi.com.tr\/index.php\/urun\/kayip-kita-mu\/"},"modified":"2026-04-16T02:02:31","modified_gmt":"2026-04-15T23:02:31","slug":"kayip-kita-mu","status":"publish","type":"product","link":"https:\/\/roveyayinevi.com.tr\/index.php\/urun\/kayip-kita-mu\/","title":{"rendered":"Kay\u0131p K\u0131ta Mu"},"content":{"rendered":"<p>Eskiden bilim adamlar\u0131 Pasifik Okyanusu\u2019nun ortas\u0131nda Mu gibi devasa bir k\u0131tan\u0131n var oldu\u011fu fikrine olduk\u00e7a ku\u015fkuyla yakla\u015f\u0131yorlard\u0131. Ancak, bug\u00fcne dek yap\u0131lan ara\u015ft\u0131rmalar sonucunda b\u00f6yle bir k\u0131tan\u0131n varl\u0131\u011f\u0131n\u0131 kan\u0131tlayan verilere ula\u015f\u0131ld\u0131. Hindistan\u2019daki bir tap\u0131nakta bulunan ve bilgili bir rahibin yard\u0131m\u0131yla \u015fifreleri \u00e7\u00f6z\u00fclen kutsal tabletler bu veriler aras\u0131nda \u00f6nemli bir yer tutar. Valmiki\u2019nin kaleme ald\u0131\u011f\u0131 klasik Hint destan\u0131 Ramayana gibi metinlerde de Mu\u2019nun varl\u0131\u011f\u0131 teyid edilir. Valmiki, ayr\u0131ca Ramayana\u2019da Nakallar\u0131n Burma\u2019ya Pasifik Okyanusu\u2019ndan geldikleri bilgisini de verir. Kay\u0131p K\u0131ta Mu\u2019nun varl\u0131\u011f\u0131na i\u015faret eden ba\u015fka bir veri de konumlar\u0131 ve \u00fczerlerindeki semboller yoluyla Mu\u2019nun insanl\u0131\u011f\u0131n anavatan\u0131 oldu\u011fu bilgilerini ta\u015f\u0131yan harabelerdir. M\u0131s\u0131r, Burma, Hindistan, Japonya, \u00c7in, G\u00fcney Denizi Adalar\u0131, Orta Amerika, G\u00fcney Amerika ile baz\u0131 Kuzey Amerika K\u0131z\u0131lderili kabileleri ve di\u011fer eski medeniyetlerin ya\u015fad\u0131\u011f\u0131 yerlerde bulunan eski semboller ve s\u00fcrd\u00fcr\u00fclen geleneklerin evrensel bir niteli\u011fe sahip olu\u015fu da bu veriler aras\u0131nda yer al\u0131r. Kay\u0131p K\u0131ta Mu, \u00f6mr\u00fcn\u00fc neredeyse bu konuya harcayan James Churchward\u2019\u0131n Mu ara\u015ft\u0131rmalar\u0131 hakk\u0131ndaki temel bilgilerini i\u00e7eren ilk kitab\u0131d\u0131r. <\/p>\n","protected":false},"excerpt":{"rendered":"<p>Eskiden bilim adamlar\u0131 Pasifik Okyanusu\u2019nun ortas\u0131nda Mu gibi devasa bir k\u0131tan\u0131n var oldu\u011fu fikrine olduk\u00e7a ku\u015fkuyla yakla\u015f\u0131yorlard\u0131. Ancak, bug\u00fcne dek yap\u0131lan ara\u015ft\u0131rmalar sonucunda b\u00f6yle bir k\u0131tan\u0131n<span class=\"excerpt-hellip\"> [\u2026]<\/span><\/p>\n","protected":false},"featured_media":0,"template":"","meta":{"_monsterinsights_skip_tracking":false,"_monsterinsights_sitenote_active":false,"_monsterinsights_sitenote_note":"","_monsterinsights_sitenote_category":0},"product_brand":[],"product_cat":[13005,18664],"product_tag":[],"class_list":{"0":"post-692430","1":"product","2":"type-product","3":"status-publish","5":"product_cat-bilim-muhendislik","6":"product_cat-muhendislik","7":"pa_cilt-ciltsiz","8":"pa_tur-kitap","9":"pa_yayinevi-omega","10":"pa_yazar-james-churchward","12":"first","13":"instock","14":"sale","15":"shipping-taxable","16":"purchasable","17":"product-type-simple"},"_links":{"self":[{"href":"https:\/\/roveyayinevi.com.tr\/index.php\/wp-json\/wp\/v2\/product\/692430","targetHints":{"allow":["GET"]}}],"collection":[{"href":"https:\/\/roveyayinevi.com.tr\/index.php\/wp-json\/wp\/v2\/product"}],"about":[{"href":"https:\/\/roveyayinevi.com.tr\/index.php\/wp-json\/wp\/v2\/types\/product"}],"wp:attachment":[{"href":"https:\/\/roveyayinevi.com.tr\/index.php\/wp-json\/wp\/v2\/media?parent=692430"}],"wp:term":[{"taxonomy":"product_brand","embeddable":true,"href":"https:\/\/roveyayinevi.com.tr\/index.php\/wp-json\/wp\/v2\/product_brand?post=692430"},{"taxonomy":"product_cat","embeddable":true,"href":"https:\/\/roveyayinevi.com.tr\/index.php\/wp-json\/wp\/v2\/product_cat?post=692430"},{"taxonomy":"product_tag","embeddable":true,"href":"https:\/\/roveyayinevi.com.tr\/index.php\/wp-json\/wp\/v2\/product_tag?post=692430"}],"curies":[{"name":"wp","href":"https:\/\/api.w.org\/{rel}","templated":true}]}}