{"id":692428,"date":"2025-08-27T14:06:24","date_gmt":"2025-08-27T11:06:24","guid":{"rendered":"https:\/\/roveyayinevi.com.tr\/index.php\/urun\/golge-etkisi\/"},"modified":"2026-04-05T02:02:58","modified_gmt":"2026-04-04T23:02:58","slug":"golge-etkisi","status":"publish","type":"product","link":"https:\/\/roveyayinevi.com.tr\/index.php\/urun\/golge-etkisi\/","title":{"rendered":"G\u00f6lge Etkisi"},"content":{"rendered":"<p>Masallar, destanlar, peri masallar\u0131, Avatar ve Harry Potter gibi filmler, kolektif g\u00f6lgenin ehlile\u015ftirilmesine ve \u0131\u015f\u0131\u011f\u0131n \u00e7o\u011falmas\u0131na nas\u0131l katk\u0131 sunuyor? G\u00f6lge Etkisi: G\u00f6lgenizle Y\u00fczle\u015ferek Hayat\u0131n\u0131z\u0131 D\u00f6n\u00fc\u015ft\u00fcr\u00fcn\u2019de, kitaplar\u0131 \u00e7oksatanlar listesinden inmeyen ve \u00f6\u011fretileriyle bir\u00e7ok ki\u015finin hayat\u0131n\u0131 d\u00f6n\u00fc\u015ft\u00fcrmesine vesile olan \u00fc\u00e7 yazar, Deepak Chopra, Debbie Ford ve Marianne Williamson bulu\u015ftu. \u00dc\u00e7 usta isim, benli\u011fimizin karanl\u0131kta kalan, yok sayd\u0131\u011f\u0131m\u0131z par\u00e7alar\u0131yla bar\u0131\u015farak ve onlar\u0131 \u0131\u015f\u0131\u011fa davet ederek nas\u0131l istedi\u011fimiz hayat\u0131 yaratabilece\u011fimize dair \u00e7\u0131\u011f\u0131r a\u00e7an bir rehber haz\u0131rlad\u0131lar. G\u00f6lge sadece onu karanl\u0131k mahzeninde kilitli tuttu\u011fumuz zaman tehlike sa\u00e7ar. \u0130\u015fte o zaman g\u00f6lge diyetimizi bozarak, ili\u015fkilerimizi sabote ederek ve hayallerimizi \u00f6ld\u00fcrerek elimizde patlayabilir. G\u00f6lge karakterlerimize iyilik i\u00e7in \u00e7al\u0131\u015fan renkli ve g\u00fc\u00e7l\u00fc enerjiler olarak b\u00fct\u00fcnle\u015fmi\u015f ki\u015fili\u011fimizin birle\u015fmi\u015f par\u00e7alar\u0131 h\u00e2linde hizmet etmelerini sa\u011flamak i\u00e7in yol a\u00e7arsak, onlar bizi daha zengin ve ger\u00e7ek tecr\u00fcbelere, daha ger\u00e7ek ba\u011flant\u0131lara ve daha d\u00fcr\u00fcst bir ifade benli\u011fine g\u00f6t\u00fcr\u00fcrler. G\u00f6lge kucakland\u0131\u011f\u0131nda kalplerimizi iyile\u015ftirir, bizi yeni f\u0131rsatlara, yeni davran\u0131\u015flara ve yeni bir gelece\u011fe haz\u0131rlar. G\u00f6lgelerimizle arkada\u015f oldu\u011fumuzda sakl\u0131 duygular\u0131m\u0131z ve hayat s\u00f6nd\u00fcren inan\u00e7lar\u0131m\u0131z, bilin\u00e7li fark\u0131ndal\u0131\u011f\u0131m\u0131z\u0131n \u0131\u015f\u0131\u011f\u0131nda kendimizi, di\u011ferlerini ve d\u00fcnyay\u0131 g\u00f6rd\u00fc\u011f\u00fcm\u00fcz gibi ger\u00e7ek \u015fekillerine d\u00f6n\u00fc\u015f\u00fcrler. O zaman \u00f6zg\u00fcrl\u00fc\u011f\u00fc yakalar\u0131z. <\/p>\n","protected":false},"excerpt":{"rendered":"<p>Masallar, destanlar, peri masallar\u0131, Avatar ve Harry Potter gibi filmler, kolektif g\u00f6lgenin ehlile\u015ftirilmesine ve \u0131\u015f\u0131\u011f\u0131n \u00e7o\u011falmas\u0131na nas\u0131l katk\u0131 sunuyor? G\u00f6lge Etkisi: G\u00f6lgenizle Y\u00fczle\u015ferek Hayat\u0131n\u0131z\u0131 D\u00f6n\u00fc\u015ft\u00fcr\u00fcn\u2019de, kitaplar\u0131<span class=\"excerpt-hellip\"> [\u2026]<\/span><\/p>\n","protected":false},"featured_media":0,"template":"","meta":{"_monsterinsights_skip_tracking":false,"_monsterinsights_sitenote_active":false,"_monsterinsights_sitenote_note":"","_monsterinsights_sitenote_category":0},"product_brand":[],"product_cat":[12364,12376],"product_tag":[],"class_list":{"0":"post-692428","1":"product","2":"type-product","3":"status-publish","5":"product_cat-genel-konular","6":"product_cat-kisisel-gelisim","7":"pa_cilt-ciltsiz","8":"pa_tur-kitap","9":"pa_yayinevi-omega","10":"pa_yazar-deepak-chopra","12":"first","13":"instock","14":"sale","15":"shipping-taxable","16":"purchasable","17":"product-type-simple"},"_links":{"self":[{"href":"https:\/\/roveyayinevi.com.tr\/index.php\/wp-json\/wp\/v2\/product\/692428","targetHints":{"allow":["GET"]}}],"collection":[{"href":"https:\/\/roveyayinevi.com.tr\/index.php\/wp-json\/wp\/v2\/product"}],"about":[{"href":"https:\/\/roveyayinevi.com.tr\/index.php\/wp-json\/wp\/v2\/types\/product"}],"wp:attachment":[{"href":"https:\/\/roveyayinevi.com.tr\/index.php\/wp-json\/wp\/v2\/media?parent=692428"}],"wp:term":[{"taxonomy":"product_brand","embeddable":true,"href":"https:\/\/roveyayinevi.com.tr\/index.php\/wp-json\/wp\/v2\/product_brand?post=692428"},{"taxonomy":"product_cat","embeddable":true,"href":"https:\/\/roveyayinevi.com.tr\/index.php\/wp-json\/wp\/v2\/product_cat?post=692428"},{"taxonomy":"product_tag","embeddable":true,"href":"https:\/\/roveyayinevi.com.tr\/index.php\/wp-json\/wp\/v2\/product_tag?post=692428"}],"curies":[{"name":"wp","href":"https:\/\/api.w.org\/{rel}","templated":true}]}}