{"id":692427,"date":"2025-08-27T14:06:24","date_gmt":"2025-08-27T11:06:24","guid":{"rendered":"https:\/\/roveyayinevi.com.tr\/index.php\/urun\/roma-mitleri\/"},"modified":"2026-04-16T02:02:31","modified_gmt":"2026-04-15T23:02:31","slug":"roma-mitleri","status":"publish","type":"product","link":"https:\/\/roveyayinevi.com.tr\/index.php\/urun\/roma-mitleri\/","title":{"rendered":"Roma Mitleri"},"content":{"rendered":"<p>Roma mitleri tanr\u0131lar hakk\u0131ndaki hik\u00e2yelerden de\u011fil ama Romal\u0131lar\u0131n kendilerine ait hik\u00e2yelerden olu\u015fmaktad\u0131r. Livy, Virgil ve Ovid gibi mitleri eski zamanlardan bize aktaran yazarlar, Roma\u2019n\u0131n eski g\u00fcnlerine dair mitleri sanki ger\u00e7ek tarihmi\u015f\u00e7esine ele al\u0131yorlard\u0131. Aeneas\u2019\u0131n, Romulus\u2019un, Remus\u2019un ve Yedi Kral\u2019\u0131n hik\u00e2yeleri Roma \u015fehrinin kurulu\u015fu hakk\u0131nda bize \u00e7e\u015fitli ipu\u00e7lar\u0131 veriyorlar. Roma\u2019n\u0131n kaderi   onun mukadder tanr\u0131sal g\u00fcc\u00fc   b\u00fct\u00fcn hik\u00e2yelerde ana konu olarak ele al\u0131n\u0131yordu. Baz\u0131 mitler erdemli ve kamusal (hem erkek hem kad\u0131n) ki\u015filikleri model olarak g\u00f6steriyor ve buna \u00f6yk\u00fcnmek de te\u015fvik <\/p>\n","protected":false},"excerpt":{"rendered":"<p>Roma mitleri tanr\u0131lar hakk\u0131ndaki hik\u00e2yelerden de\u011fil ama Romal\u0131lar\u0131n kendilerine ait hik\u00e2yelerden olu\u015fmaktad\u0131r. Livy, Virgil ve Ovid gibi mitleri eski zamanlardan bize aktaran yazarlar, Roma\u2019n\u0131n eski g\u00fcnlerine<span class=\"excerpt-hellip\"> [\u2026]<\/span><\/p>\n","protected":false},"featured_media":0,"template":"","meta":{"_monsterinsights_skip_tracking":false,"_monsterinsights_sitenote_active":false,"_monsterinsights_sitenote_note":"","_monsterinsights_sitenote_category":0},"product_brand":[],"product_cat":[12718,12858],"product_tag":[],"class_list":{"0":"post-692427","1":"product","2":"type-product","3":"status-publish","5":"product_cat-din","6":"product_cat-mitolojiler","7":"pa_tur-kitap","8":"pa_yayinevi-phoenix-yayinevi","9":"pa_yazar-jane-f-gardner","11":"first","12":"instock","13":"sale","14":"shipping-taxable","15":"purchasable","16":"product-type-simple"},"_links":{"self":[{"href":"https:\/\/roveyayinevi.com.tr\/index.php\/wp-json\/wp\/v2\/product\/692427","targetHints":{"allow":["GET"]}}],"collection":[{"href":"https:\/\/roveyayinevi.com.tr\/index.php\/wp-json\/wp\/v2\/product"}],"about":[{"href":"https:\/\/roveyayinevi.com.tr\/index.php\/wp-json\/wp\/v2\/types\/product"}],"wp:attachment":[{"href":"https:\/\/roveyayinevi.com.tr\/index.php\/wp-json\/wp\/v2\/media?parent=692427"}],"wp:term":[{"taxonomy":"product_brand","embeddable":true,"href":"https:\/\/roveyayinevi.com.tr\/index.php\/wp-json\/wp\/v2\/product_brand?post=692427"},{"taxonomy":"product_cat","embeddable":true,"href":"https:\/\/roveyayinevi.com.tr\/index.php\/wp-json\/wp\/v2\/product_cat?post=692427"},{"taxonomy":"product_tag","embeddable":true,"href":"https:\/\/roveyayinevi.com.tr\/index.php\/wp-json\/wp\/v2\/product_tag?post=692427"}],"curies":[{"name":"wp","href":"https:\/\/api.w.org\/{rel}","templated":true}]}}