{"id":692419,"date":"2025-08-27T14:06:23","date_gmt":"2025-08-27T11:06:23","guid":{"rendered":"https:\/\/roveyayinevi.com.tr\/index.php\/urun\/nasrettin-hoca-hikayeleri\/"},"modified":"2026-04-16T02:02:31","modified_gmt":"2026-04-15T23:02:31","slug":"nasrettin-hoca-hikayeleri","status":"publish","type":"product","link":"https:\/\/roveyayinevi.com.tr\/index.php\/urun\/nasrettin-hoca-hikayeleri\/","title":{"rendered":"Nasrettin Hoca Hikayeleri"},"content":{"rendered":"<p>Milli E\u011fitim Bakanl\u0131\u011f\u0131\u2019nca \u0130lk\u00f6\u011fretim Okullar\u0131 i\u00e7in belirlenmi\u015f 100 Temel Eser listesinden se\u00e7ilen k\u0131rk kitapl\u0131k set. <\/p>\n","protected":false},"excerpt":{"rendered":"<p>Milli E\u011fitim Bakanl\u0131\u011f\u0131\u2019nca \u0130lk\u00f6\u011fretim Okullar\u0131 i\u00e7in belirlenmi\u015f 100 Temel Eser listesinden se\u00e7ilen k\u0131rk kitapl\u0131k set.<\/p>\n","protected":false},"featured_media":0,"template":"","meta":{"_monsterinsights_skip_tracking":false,"_monsterinsights_sitenote_active":false,"_monsterinsights_sitenote_note":"","_monsterinsights_sitenote_category":0},"product_brand":[],"product_cat":[12492,12274],"product_tag":[],"class_list":{"0":"post-692419","1":"product","2":"type-product","3":"status-publish","5":"product_cat-bilmece-bulmaca","6":"product_cat-cocuk-ve-genclik-kitaplari","7":"pa_tur-kitap","8":"pa_yayinevi-parilti-yayinlari","9":"pa_yazar-kolektif","11":"first","12":"instock","13":"sale","14":"shipping-taxable","15":"purchasable","16":"product-type-simple"},"_links":{"self":[{"href":"https:\/\/roveyayinevi.com.tr\/index.php\/wp-json\/wp\/v2\/product\/692419","targetHints":{"allow":["GET"]}}],"collection":[{"href":"https:\/\/roveyayinevi.com.tr\/index.php\/wp-json\/wp\/v2\/product"}],"about":[{"href":"https:\/\/roveyayinevi.com.tr\/index.php\/wp-json\/wp\/v2\/types\/product"}],"wp:attachment":[{"href":"https:\/\/roveyayinevi.com.tr\/index.php\/wp-json\/wp\/v2\/media?parent=692419"}],"wp:term":[{"taxonomy":"product_brand","embeddable":true,"href":"https:\/\/roveyayinevi.com.tr\/index.php\/wp-json\/wp\/v2\/product_brand?post=692419"},{"taxonomy":"product_cat","embeddable":true,"href":"https:\/\/roveyayinevi.com.tr\/index.php\/wp-json\/wp\/v2\/product_cat?post=692419"},{"taxonomy":"product_tag","embeddable":true,"href":"https:\/\/roveyayinevi.com.tr\/index.php\/wp-json\/wp\/v2\/product_tag?post=692419"}],"curies":[{"name":"wp","href":"https:\/\/api.w.org\/{rel}","templated":true}]}}