{"id":692417,"date":"2025-08-27T14:06:22","date_gmt":"2025-08-27T11:06:22","guid":{"rendered":"https:\/\/roveyayinevi.com.tr\/index.php\/urun\/gecmisten-gelecege-basari-oykuleri\/"},"modified":"2026-04-05T02:02:58","modified_gmt":"2026-04-04T23:02:58","slug":"gecmisten-gelecege-basari-oykuleri","status":"publish","type":"product","link":"https:\/\/roveyayinevi.com.tr\/index.php\/urun\/gecmisten-gelecege-basari-oykuleri\/","title":{"rendered":"Ge\u00e7mi\u015ften Gelece\u011fe Ba\u015far\u0131 \u00d6yk\u00fcleri"},"content":{"rendered":"<p>\u00dcstelemek ba\u015far\u0131n\u0131n temel unsurudur.Kap\u0131y\u0131 yeterince uzun s\u00fcre ve y\u00fcksek sesle \u00e7alarsan\u0131z, birilerini uyand\u0131raca\u011f\u0131n\u0131zdan emin olabilirsiniz.<\/p>\n","protected":false},"excerpt":{"rendered":"<p>\u00dcstelemek ba\u015far\u0131n\u0131n temel unsurudur.Kap\u0131y\u0131 yeterince uzun s\u00fcre ve y\u00fcksek sesle \u00e7alarsan\u0131z, birilerini uyand\u0131raca\u011f\u0131n\u0131zdan emin olabilirsiniz.<\/p>\n","protected":false},"featured_media":0,"template":"","meta":{"_monsterinsights_skip_tracking":false,"_monsterinsights_sitenote_active":false,"_monsterinsights_sitenote_note":"","_monsterinsights_sitenote_category":0},"product_brand":[],"product_cat":[12364,12376],"product_tag":[],"class_list":{"0":"post-692417","1":"product","2":"type-product","3":"status-publish","5":"product_cat-genel-konular","6":"product_cat-kisisel-gelisim","7":"pa_cilt-ciltsiz","8":"pa_tur-kitap","9":"pa_yayinevi-omega","10":"pa_yazar-timucin-findik","12":"first","13":"instock","14":"sale","15":"shipping-taxable","16":"purchasable","17":"product-type-simple"},"_links":{"self":[{"href":"https:\/\/roveyayinevi.com.tr\/index.php\/wp-json\/wp\/v2\/product\/692417","targetHints":{"allow":["GET"]}}],"collection":[{"href":"https:\/\/roveyayinevi.com.tr\/index.php\/wp-json\/wp\/v2\/product"}],"about":[{"href":"https:\/\/roveyayinevi.com.tr\/index.php\/wp-json\/wp\/v2\/types\/product"}],"wp:attachment":[{"href":"https:\/\/roveyayinevi.com.tr\/index.php\/wp-json\/wp\/v2\/media?parent=692417"}],"wp:term":[{"taxonomy":"product_brand","embeddable":true,"href":"https:\/\/roveyayinevi.com.tr\/index.php\/wp-json\/wp\/v2\/product_brand?post=692417"},{"taxonomy":"product_cat","embeddable":true,"href":"https:\/\/roveyayinevi.com.tr\/index.php\/wp-json\/wp\/v2\/product_cat?post=692417"},{"taxonomy":"product_tag","embeddable":true,"href":"https:\/\/roveyayinevi.com.tr\/index.php\/wp-json\/wp\/v2\/product_tag?post=692417"}],"curies":[{"name":"wp","href":"https:\/\/api.w.org\/{rel}","templated":true}]}}