{"id":692413,"date":"2025-08-27T14:06:21","date_gmt":"2025-08-27T11:06:21","guid":{"rendered":"https:\/\/roveyayinevi.com.tr\/index.php\/urun\/beyaz-evin-gizemi\/"},"modified":"2026-04-16T02:02:31","modified_gmt":"2026-04-15T23:02:31","slug":"beyaz-evin-gizemi","status":"publish","type":"product","link":"https:\/\/roveyayinevi.com.tr\/index.php\/urun\/beyaz-evin-gizemi\/","title":{"rendered":"Beyaz Evin Gizemi"},"content":{"rendered":"<p>Bu yaz s\u00fcper olacak. Eray ile ailesi Dostlar Sitesi\u2019ndeki yazl\u0131k evlerine ta\u015f\u0131nd\u0131lar ve g\u00fcnlerini ne\u015fe i\u00e7inde ge\u00e7irmeye ba\u015flad\u0131lar. Ama Eray ve arkada\u015flar\u0131n\u0131n kafalar\u0131n\u0131 kurcalayan bir gizem var: \u00c7evresi y\u00fcksek duvarlarla \u00e7evrili, geceleri bile bembeyaz bir ev.Bu evde kim ya\u015f\u0131yor, niye bu kadar sessiz,bir \u015feyler mi saklan\u0131yor i\u00e7inde? Sizce Eray, Korhan, Nilay, Burak, Burcu, Levent,Zeynep ve Sinem evin s\u0131rr\u0131n\u0131 \u00e7\u00f6zebilecekler mi?\ufffc<\/p>\n","protected":false},"excerpt":{"rendered":"<p>Bu yaz s\u00fcper olacak. Eray ile ailesi Dostlar Sitesi\u2019ndeki yazl\u0131k evlerine ta\u015f\u0131nd\u0131lar ve g\u00fcnlerini ne\u015fe i\u00e7inde ge\u00e7irmeye ba\u015flad\u0131lar. Ama Eray ve arkada\u015flar\u0131n\u0131n kafalar\u0131n\u0131 kurcalayan bir gizem<span class=\"excerpt-hellip\"> [\u2026]<\/span><\/p>\n","protected":false},"featured_media":0,"template":"","meta":{"_monsterinsights_skip_tracking":false,"_monsterinsights_sitenote_active":false,"_monsterinsights_sitenote_note":"","_monsterinsights_sitenote_category":0},"product_brand":[],"product_cat":[12274,12284],"product_tag":[],"class_list":{"0":"post-692413","1":"product","2":"type-product","3":"status-publish","5":"product_cat-cocuk-ve-genclik-kitaplari","6":"product_cat-hikayeler","7":"pa_cilt-ciltsiz","8":"pa_tur-kitap","9":"pa_yayinevi-dogan-egmont-yayincilik","10":"pa_yazar-canan-tan","12":"first","13":"instock","14":"sale","15":"shipping-taxable","16":"purchasable","17":"product-type-simple"},"_links":{"self":[{"href":"https:\/\/roveyayinevi.com.tr\/index.php\/wp-json\/wp\/v2\/product\/692413","targetHints":{"allow":["GET"]}}],"collection":[{"href":"https:\/\/roveyayinevi.com.tr\/index.php\/wp-json\/wp\/v2\/product"}],"about":[{"href":"https:\/\/roveyayinevi.com.tr\/index.php\/wp-json\/wp\/v2\/types\/product"}],"wp:attachment":[{"href":"https:\/\/roveyayinevi.com.tr\/index.php\/wp-json\/wp\/v2\/media?parent=692413"}],"wp:term":[{"taxonomy":"product_brand","embeddable":true,"href":"https:\/\/roveyayinevi.com.tr\/index.php\/wp-json\/wp\/v2\/product_brand?post=692413"},{"taxonomy":"product_cat","embeddable":true,"href":"https:\/\/roveyayinevi.com.tr\/index.php\/wp-json\/wp\/v2\/product_cat?post=692413"},{"taxonomy":"product_tag","embeddable":true,"href":"https:\/\/roveyayinevi.com.tr\/index.php\/wp-json\/wp\/v2\/product_tag?post=692413"}],"curies":[{"name":"wp","href":"https:\/\/api.w.org\/{rel}","templated":true}]}}