{"id":692408,"date":"2025-08-27T14:06:20","date_gmt":"2025-08-27T11:06:20","guid":{"rendered":"https:\/\/roveyayinevi.com.tr\/index.php\/urun\/okul-yonetimi-ilkogretim-ve-ortaogretim-okul-mudurleri-icin\/"},"modified":"2026-04-16T02:02:31","modified_gmt":"2026-04-15T23:02:31","slug":"okul-yonetimi-ilkogretim-ve-ortaogretim-okul-mudurleri-icin","status":"publish","type":"product","link":"https:\/\/roveyayinevi.com.tr\/index.php\/urun\/okul-yonetimi-ilkogretim-ve-ortaogretim-okul-mudurleri-icin\/","title":{"rendered":"Okul Y\u00f6netimi \u0130lk\u00f6\u011fretim ve Orta\u00f6\u011fretim Okul M\u00fcd\u00fcrleri \u0130\u00e7in"},"content":{"rendered":"<p>Bu kitab\u0131n i\u00e7eri\u011fini belirlemek \u00fczere e\u011fitim sistemi, e\u011fitim y\u00f6netimi ve okul y\u00f6netimi konular\u0131 yan\u0131s\u0131ra ilk\u00f6\u011fretim ve orta\u00f6\u011fretim okul m\u00fcd\u00fcrlerinin g\u00f6revleri analiz edildi. Analiz sonunda, a) g\u00f6rev alanlar\u0131 b) alanlara giren i\u015fler, c) i\u015flerin i\u015flemleri ve i\u015flem basamaklar\u0131 s\u0131ralanm\u0131\u015ft\u0131r. E\u011fitim sisteminde y\u00f6neticilik \u00f6nemli bir meslektir. Meslek e\u011fitiminin temel ilkelerinden biri i\u015flemlerin \u00f6\u011fretilmesidir. Bu nedenle kitapta okul y\u00f6netiminin i\u015flemleri nas\u0131l yapmalar\u0131 gerekti\u011fi ayr\u0131nt\u0131l\u0131 olarak a\u00e7\u0131klanm\u0131\u015ft\u0131r. <\/p>\n","protected":false},"excerpt":{"rendered":"<p>Bu kitab\u0131n i\u00e7eri\u011fini belirlemek \u00fczere e\u011fitim sistemi, e\u011fitim y\u00f6netimi ve okul y\u00f6netimi konular\u0131 yan\u0131s\u0131ra ilk\u00f6\u011fretim ve orta\u00f6\u011fretim okul m\u00fcd\u00fcrlerinin g\u00f6revleri analiz edildi. Analiz sonunda, a) g\u00f6rev<span class=\"excerpt-hellip\"> [\u2026]<\/span><\/p>\n","protected":false},"featured_media":0,"template":"","meta":{"_monsterinsights_skip_tracking":false,"_monsterinsights_sitenote_active":false,"_monsterinsights_sitenote_note":"","_monsterinsights_sitenote_category":0},"product_brand":[],"product_cat":[12573,12566],"product_tag":[],"class_list":{"0":"post-692408","1":"product","2":"type-product","3":"status-publish","5":"product_cat-akademik-kitaplar","6":"product_cat-egitim","7":"pa_cilt-ciltsiz","8":"pa_tur-kitap","9":"pa_yayinevi-pegem-akademik-kitaplar","10":"pa_yazar-a-haydar-taymaz","12":"first","13":"instock","14":"sale","15":"shipping-taxable","16":"purchasable","17":"product-type-simple"},"_links":{"self":[{"href":"https:\/\/roveyayinevi.com.tr\/index.php\/wp-json\/wp\/v2\/product\/692408","targetHints":{"allow":["GET"]}}],"collection":[{"href":"https:\/\/roveyayinevi.com.tr\/index.php\/wp-json\/wp\/v2\/product"}],"about":[{"href":"https:\/\/roveyayinevi.com.tr\/index.php\/wp-json\/wp\/v2\/types\/product"}],"wp:attachment":[{"href":"https:\/\/roveyayinevi.com.tr\/index.php\/wp-json\/wp\/v2\/media?parent=692408"}],"wp:term":[{"taxonomy":"product_brand","embeddable":true,"href":"https:\/\/roveyayinevi.com.tr\/index.php\/wp-json\/wp\/v2\/product_brand?post=692408"},{"taxonomy":"product_cat","embeddable":true,"href":"https:\/\/roveyayinevi.com.tr\/index.php\/wp-json\/wp\/v2\/product_cat?post=692408"},{"taxonomy":"product_tag","embeddable":true,"href":"https:\/\/roveyayinevi.com.tr\/index.php\/wp-json\/wp\/v2\/product_tag?post=692408"}],"curies":[{"name":"wp","href":"https:\/\/api.w.org\/{rel}","templated":true}]}}