{"id":692407,"date":"2025-08-27T14:06:20","date_gmt":"2025-08-27T11:06:20","guid":{"rendered":"https:\/\/roveyayinevi.com.tr\/index.php\/urun\/hammit-2-masallar-ulkesi-serisi-hammit-tepegoz-ile-kaf-daginda\/"},"modified":"2026-04-16T02:02:31","modified_gmt":"2026-04-15T23:02:31","slug":"hammit-2-masallar-ulkesi-serisi-hammit-tepegoz-ile-kaf-daginda","status":"publish","type":"product","link":"https:\/\/roveyayinevi.com.tr\/index.php\/urun\/hammit-2-masallar-ulkesi-serisi-hammit-tepegoz-ile-kaf-daginda\/","title":{"rendered":"Hammit 2 Masallar \u00dclkesi Serisi \/ Hammit Tepeg\u00f6z \u0130le Kaf Da\u011f\u0131&#8217;nda"},"content":{"rendered":"<p>Anadolu\u2019dan Fantasti\u2019ye\u2026Z\u00fcmr\u00fct Sand\u0131k, Hammit ve arkada\u015flar\u0131ndad\u0131r. Z\u00fcmr\u00fct Sand\u0131k\u2019\u0131 Tepeg\u00f6z\u2019e vermek \u00fczere Kaf Da\u011f\u0131\u2019na do\u011fru yola \u00e7\u0131karlar. Ama Tepeg\u00f6z onlar\u0131 pek de ho\u015f kar\u015f\u0131lamaz. Karn\u0131 daima a\u00e7 olan Tepeg\u00f6z, Kaf Da\u011f\u0131\u2019ndaki bu misafirlerine birer ziyafet g\u00f6z\u00fcyle bakmaktad\u0131r!Birbirinden garip masallar, tuzaklar, \u00e7\u00f6z\u00fclmeyi bekleyen \u015fifreler, heyecan, gizem, macera ve elbette e\u011flence\u2026 Hepsi bu seride!Haydi, durma! Sayfalar\u0131 \u00e7evir, sen de bu e\u011flenceli maceraya kat\u0131l!Geceleri kendi fantastik d\u00fcnyas\u0131na dalan Hammit ve arkada\u015flar\u0131n\u0131n maceralar\u0131na doyamayacaks\u0131n\u0131z\u2026 <\/p>\n","protected":false},"excerpt":{"rendered":"<p>Anadolu\u2019dan Fantasti\u2019ye\u2026Z\u00fcmr\u00fct Sand\u0131k, Hammit ve arkada\u015flar\u0131ndad\u0131r. Z\u00fcmr\u00fct Sand\u0131k\u2019\u0131 Tepeg\u00f6z\u2019e vermek \u00fczere Kaf Da\u011f\u0131\u2019na do\u011fru yola \u00e7\u0131karlar. Ama Tepeg\u00f6z onlar\u0131 pek de ho\u015f kar\u015f\u0131lamaz. Karn\u0131 daima a\u00e7<span class=\"excerpt-hellip\"> [\u2026]<\/span><\/p>\n","protected":false},"featured_media":0,"template":"","meta":{"_monsterinsights_skip_tracking":false,"_monsterinsights_sitenote_active":false,"_monsterinsights_sitenote_note":"","_monsterinsights_sitenote_category":0},"product_brand":[],"product_cat":[12274,12284],"product_tag":[],"class_list":{"0":"post-692407","1":"product","2":"type-product","3":"status-publish","5":"product_cat-cocuk-ve-genclik-kitaplari","6":"product_cat-hikayeler","7":"pa_tur-kitap","8":"pa_yayinevi-timas-cocuk","9":"pa_yazar-cem-gulbent","11":"first","12":"instock","13":"sale","14":"shipping-taxable","15":"purchasable","16":"product-type-simple"},"_links":{"self":[{"href":"https:\/\/roveyayinevi.com.tr\/index.php\/wp-json\/wp\/v2\/product\/692407","targetHints":{"allow":["GET"]}}],"collection":[{"href":"https:\/\/roveyayinevi.com.tr\/index.php\/wp-json\/wp\/v2\/product"}],"about":[{"href":"https:\/\/roveyayinevi.com.tr\/index.php\/wp-json\/wp\/v2\/types\/product"}],"wp:attachment":[{"href":"https:\/\/roveyayinevi.com.tr\/index.php\/wp-json\/wp\/v2\/media?parent=692407"}],"wp:term":[{"taxonomy":"product_brand","embeddable":true,"href":"https:\/\/roveyayinevi.com.tr\/index.php\/wp-json\/wp\/v2\/product_brand?post=692407"},{"taxonomy":"product_cat","embeddable":true,"href":"https:\/\/roveyayinevi.com.tr\/index.php\/wp-json\/wp\/v2\/product_cat?post=692407"},{"taxonomy":"product_tag","embeddable":true,"href":"https:\/\/roveyayinevi.com.tr\/index.php\/wp-json\/wp\/v2\/product_tag?post=692407"}],"curies":[{"name":"wp","href":"https:\/\/api.w.org\/{rel}","templated":true}]}}