{"id":692403,"date":"2025-08-27T14:06:19","date_gmt":"2025-08-27T11:06:19","guid":{"rendered":"https:\/\/roveyayinevi.com.tr\/index.php\/urun\/kuresel-duzenin-sifreleri\/"},"modified":"2026-04-16T02:02:31","modified_gmt":"2026-04-15T23:02:31","slug":"kuresel-duzenin-sifreleri","status":"publish","type":"product","link":"https:\/\/roveyayinevi.com.tr\/index.php\/urun\/kuresel-duzenin-sifreleri\/","title":{"rendered":"K\u00fcresel D\u00fczenin \u015eifreleri"},"content":{"rendered":"<p>Bug\u00fcne de\u011fin bildi\u011finiz her \u015fey de\u011fi\u015fiyor!\u0130nsanl\u0131k b\u00fcy\u00fck bir t\u00fcrb\u00fclans \u00e7a\u011f\u0131na girdi.Kimse ya\u015fanan bu b\u00fcy\u00fck kaosu \u00e7\u00f6zemiyor.Cansu Canan \u00d6zgen t\u00fcm bilinmeyenleri ak\u0131l s\u00fczgecinden ge\u00e7irerek Dr. Ramazan Kurto\u011flu\u2019na soruyor. Ve K\u00fcresel D\u00fczenin \u015eifreleri ayd\u0131nlan\u0131yor.- Evanjelistler d\u00fcnyay\u0131 i\u015fgale mi haz\u0131rlan\u0131yor?- T\u00fcrkiye b\u00f6lgesel g\u00fc\u00e7 olabilecek mi?- Yeni d\u00fczende haritalar nas\u0131l \u00e7izilecek?- \u201cAn\u0131 ya\u015fa\u201d yeni d\u00fcnya d\u00fczeninde ne anlama geliyor?- Yeni ekonomik kriz ne zaman \u00e7\u0131kacak, nas\u0131l planlan\u0131yor?- G\u00fcndelik hayat\u0131m\u0131zda kulland\u0131\u011f\u0131m\u0131z ama fark etmedi\u011fimiz semboller ne anlama geliyor?- Hollywood hangi operasyonlarda g\u00f6rev al\u0131yor? Alg\u0131y\u0131 nas\u0131l belirliyor?- As\u0131l oyun kurucu Vatikan m\u0131?- Gizli \u00f6rg\u00fctlerin g\u00fc\u00e7 sava\u015f\u0131 hayat\u0131m\u0131z\u0131 nas\u0131l etkiliyor- Peki planlanan k\u0131yamet sava\u015f\u0131n\u0131n kazanan\u0131 kim olacak?\u201cB\u00fcy\u00fck Oyun\u2019un \u015fifreleri bu kitapla \u00e7\u00f6z\u00fcl\u00fcyor!\u201d <\/p>\n","protected":false},"excerpt":{"rendered":"<p>Bug\u00fcne de\u011fin bildi\u011finiz her \u015fey de\u011fi\u015fiyor!\u0130nsanl\u0131k b\u00fcy\u00fck bir t\u00fcrb\u00fclans \u00e7a\u011f\u0131na girdi.Kimse ya\u015fanan bu b\u00fcy\u00fck kaosu \u00e7\u00f6zemiyor.Cansu Canan \u00d6zgen t\u00fcm bilinmeyenleri ak\u0131l s\u00fczgecinden ge\u00e7irerek Dr. Ramazan Kurto\u011flu\u2019na<span class=\"excerpt-hellip\"> [\u2026]<\/span><\/p>\n","protected":false},"featured_media":0,"template":"","meta":{"_monsterinsights_skip_tracking":false,"_monsterinsights_sitenote_active":false,"_monsterinsights_sitenote_note":"","_monsterinsights_sitenote_category":0},"product_brand":[],"product_cat":[17574,13527],"product_tag":[],"class_list":{"0":"post-692403","1":"product","2":"type-product","3":"status-publish","5":"product_cat-politika","6":"product_cat-sureli-yayinlar","7":"pa_cilt-ciltsiz","8":"pa_tur-kitap","9":"pa_yayinevi-asi-kitap","10":"pa_yazar-cansu-canan-ozgen","12":"first","13":"instock","14":"sale","15":"shipping-taxable","16":"purchasable","17":"product-type-simple"},"_links":{"self":[{"href":"https:\/\/roveyayinevi.com.tr\/index.php\/wp-json\/wp\/v2\/product\/692403","targetHints":{"allow":["GET"]}}],"collection":[{"href":"https:\/\/roveyayinevi.com.tr\/index.php\/wp-json\/wp\/v2\/product"}],"about":[{"href":"https:\/\/roveyayinevi.com.tr\/index.php\/wp-json\/wp\/v2\/types\/product"}],"wp:attachment":[{"href":"https:\/\/roveyayinevi.com.tr\/index.php\/wp-json\/wp\/v2\/media?parent=692403"}],"wp:term":[{"taxonomy":"product_brand","embeddable":true,"href":"https:\/\/roveyayinevi.com.tr\/index.php\/wp-json\/wp\/v2\/product_brand?post=692403"},{"taxonomy":"product_cat","embeddable":true,"href":"https:\/\/roveyayinevi.com.tr\/index.php\/wp-json\/wp\/v2\/product_cat?post=692403"},{"taxonomy":"product_tag","embeddable":true,"href":"https:\/\/roveyayinevi.com.tr\/index.php\/wp-json\/wp\/v2\/product_tag?post=692403"}],"curies":[{"name":"wp","href":"https:\/\/api.w.org\/{rel}","templated":true}]}}