{"id":692402,"date":"2025-08-27T14:06:19","date_gmt":"2025-08-27T11:06:19","guid":{"rendered":"https:\/\/roveyayinevi.com.tr\/index.php\/urun\/tembellik-hakki\/"},"modified":"2026-04-16T02:02:31","modified_gmt":"2026-04-15T23:02:31","slug":"tembellik-hakki","status":"publish","type":"product","link":"https:\/\/roveyayinevi.com.tr\/index.php\/urun\/tembellik-hakki\/","title":{"rendered":"Tembellik Hakk\u0131"},"content":{"rendered":"<p>\u201c(&#8230;) \u00c7al\u0131\u015f\u0131n, \u00e7al\u0131\u015f\u0131n proleterler; toplumsal zenginli\u011fi ve kendi sefaletlerinizi art\u0131rmak i\u00e7in \u00e7al\u0131\u015f\u0131n, \u00e7al\u0131\u015f\u0131n; \u00e7al\u0131\u015f\u0131n \u00e7\u00fcnk\u00fc \u00e7al\u0131\u015f\u0131nca daha da yoksulla\u015f\u0131rs\u0131n\u0131z ve b\u00f6ylelikle \u00e7al\u0131\u015fmak ve sefil olmak i\u00e7in daha \u00e7ok nedeniniz olur. Kapitalist \u00fcretimin ac\u0131mas\u0131z yasas\u0131 budur i\u015fte.\u201d \ufffcTan\u0131t\u0131m Metni<\/p>\n","protected":false},"excerpt":{"rendered":"<p>\u201c(&#8230;) \u00c7al\u0131\u015f\u0131n, \u00e7al\u0131\u015f\u0131n proleterler; toplumsal zenginli\u011fi ve kendi sefaletlerinizi art\u0131rmak i\u00e7in \u00e7al\u0131\u015f\u0131n, \u00e7al\u0131\u015f\u0131n; \u00e7al\u0131\u015f\u0131n \u00e7\u00fcnk\u00fc \u00e7al\u0131\u015f\u0131nca daha da yoksulla\u015f\u0131rs\u0131n\u0131z ve b\u00f6ylelikle \u00e7al\u0131\u015fmak ve sefil olmak i\u00e7in<span class=\"excerpt-hellip\"> [\u2026]<\/span><\/p>\n","protected":false},"featured_media":0,"template":"","meta":{"_monsterinsights_skip_tracking":false,"_monsterinsights_sitenote_active":false,"_monsterinsights_sitenote_note":"","_monsterinsights_sitenote_category":0},"product_brand":[],"product_cat":[12388,15536],"product_tag":[],"class_list":{"0":"post-692402","1":"product","2":"type-product","3":"status-publish","5":"product_cat-felsefe","6":"product_cat-siyaset-felsefesi","7":"pa_tur-kitap","8":"pa_yayinevi-islik-yayinlari","9":"pa_yazar-paul-lafargue","11":"first","12":"instock","13":"sale","14":"shipping-taxable","15":"purchasable","16":"product-type-simple"},"_links":{"self":[{"href":"https:\/\/roveyayinevi.com.tr\/index.php\/wp-json\/wp\/v2\/product\/692402","targetHints":{"allow":["GET"]}}],"collection":[{"href":"https:\/\/roveyayinevi.com.tr\/index.php\/wp-json\/wp\/v2\/product"}],"about":[{"href":"https:\/\/roveyayinevi.com.tr\/index.php\/wp-json\/wp\/v2\/types\/product"}],"wp:attachment":[{"href":"https:\/\/roveyayinevi.com.tr\/index.php\/wp-json\/wp\/v2\/media?parent=692402"}],"wp:term":[{"taxonomy":"product_brand","embeddable":true,"href":"https:\/\/roveyayinevi.com.tr\/index.php\/wp-json\/wp\/v2\/product_brand?post=692402"},{"taxonomy":"product_cat","embeddable":true,"href":"https:\/\/roveyayinevi.com.tr\/index.php\/wp-json\/wp\/v2\/product_cat?post=692402"},{"taxonomy":"product_tag","embeddable":true,"href":"https:\/\/roveyayinevi.com.tr\/index.php\/wp-json\/wp\/v2\/product_tag?post=692402"}],"curies":[{"name":"wp","href":"https:\/\/api.w.org\/{rel}","templated":true}]}}