{"id":692400,"date":"2025-08-27T14:06:19","date_gmt":"2025-08-27T11:06:19","guid":{"rendered":"https:\/\/roveyayinevi.com.tr\/index.php\/urun\/evliya-menkibeleri\/"},"modified":"2026-04-16T02:02:30","modified_gmt":"2026-04-15T23:02:30","slug":"evliya-menkibeleri","status":"publish","type":"product","link":"https:\/\/roveyayinevi.com.tr\/index.php\/urun\/evliya-menkibeleri\/","title":{"rendered":"Evliya Menk\u0131beleri"},"content":{"rendered":"<p>Evliya Menk\u0131beleri (Nefahat\u00fc\u2019l-\u00dcns) tasavvuf k\u00fclt\u00fcr\u00fcnden ve irfan\u0131ndan yararlanmay\u0131 sa\u011flamak i\u00e7in yaz\u0131lan eserlerin belki de en kapsaml\u0131s\u0131 ve en \u00f6nemlisidir. Bu eser XV. y\u00fczy\u0131lda ya\u015fayan \u00fcnl\u00fc \u00e2lim Abdurrahman C\u00e2mi taraf\u0131ndan yaz\u0131lm\u0131\u015f, Belgrad\u2019\u0131n fethi \u015ferefine L\u00e2mi\u00ee \u00c7elebi taraf\u0131ndan birtak\u0131m eklemelerle birlikte 1521 y\u0131l\u0131nda Osmanl\u0131 T\u00fcrk\u00e7esine \u00e7evrilmi\u015ftir. Evliya Menk\u0131beleri gerek \u0130slam \u00e2leminde gerekse Bat\u0131\u2019da tasavvuf alan\u0131nda yap\u0131lan inceleme ve ara\u015ft\u0131rmalarda g\u00fcvenilir bir kaynak olarak kullan\u0131lmaktad\u0131r. Yeterli derecede Arap\u00e7a ve Fars\u00e7a bilmeyen T\u00fcrk ara\u015ft\u0131rmac\u0131lar\u0131 i\u00e7in de vazge\u00e7ilmez bir metindir. C\u00e2mi, Nak\u015fibendiye tarikat\u0131na mensup olmakla beraber eserinde b\u00fct\u00fcn tarikatlara belli bir mesafeden bakarak hepsine e\u015fit \u015fekilde yer vermi\u015ftir. S\u00fbfileri anlat\u0131rken kronolojik bir s\u0131ra takip etmemi\u015f, onlar\u0131 daha ziyade mensup olduklar\u0131 tasavvuf\u00ee hareketlere ve \u015feyhlere (tarikatlara, temay\u00fcllere ve b\u00f6lgelere) g\u00f6re grupland\u0131rarak anlatm\u0131\u015ft\u0131r. Bu bak\u0131mdan eser tasavvuf d\u00fcnyas\u0131n\u0131n XV. y\u00fczy\u0131la kadar ge\u00e7irdi\u011fi de\u011fi\u015fikliklerin takip edilmesini m\u00fcmk\u00fcn k\u0131lmakta ve bu bak\u0131mdan bir tasavvuf tarihi niteli\u011fini de b\u00fcnyesinde bar\u0131nd\u0131rmaktad\u0131r. Tasavvuf hayat\u0131n\u0131 ve k\u00fclt\u00fcr\u00fcn\u00fc yeni nesillere tan\u0131tmay\u0131 hedefleyen bu \u00e7al\u0131\u015fma, eserin giri\u015f k\u0131sm\u0131nda C\u00e2mi ve L\u00e2mi\u00ee hakk\u0131nda ayr\u0131nt\u0131l\u0131 bilgilere ve eserle ilgili ayd\u0131nlat\u0131c\u0131 mahiyette birtak\u0131m hususlara da yer veren Prof. Dr. S\u00fcleyman Uluda\u011f ve Prof. Dr. Mustafa Kara taraf\u0131ndan dilimize kazand\u0131r\u0131lm\u0131\u015ft\u0131r. <\/p>\n","protected":false},"excerpt":{"rendered":"<p>Evliya Menk\u0131beleri (Nefahat\u00fc\u2019l-\u00dcns) tasavvuf k\u00fclt\u00fcr\u00fcnden ve irfan\u0131ndan yararlanmay\u0131 sa\u011flamak i\u00e7in yaz\u0131lan eserlerin belki de en kapsaml\u0131s\u0131 ve en \u00f6nemlisidir. Bu eser XV. y\u00fczy\u0131lda ya\u015fayan \u00fcnl\u00fc \u00e2lim<span class=\"excerpt-hellip\"> [\u2026]<\/span><\/p>\n","protected":false},"featured_media":0,"template":"","meta":{"_monsterinsights_skip_tracking":false,"_monsterinsights_sitenote_active":false,"_monsterinsights_sitenote_note":"","_monsterinsights_sitenote_category":0},"product_brand":[],"product_cat":[12718,12719,12720],"product_tag":[],"class_list":{"0":"post-692400","1":"product","2":"type-product","3":"status-publish","5":"product_cat-din","6":"product_cat-islam","7":"product_cat-tasavvuf-mezhepler-tarikatlar","8":"pa_tur-kitap","9":"pa_yayinevi-pinhan-yayincilik","10":"pa_yazar-abdurrahman-cami","12":"first","13":"instock","14":"sale","15":"shipping-taxable","16":"purchasable","17":"product-type-simple"},"_links":{"self":[{"href":"https:\/\/roveyayinevi.com.tr\/index.php\/wp-json\/wp\/v2\/product\/692400","targetHints":{"allow":["GET"]}}],"collection":[{"href":"https:\/\/roveyayinevi.com.tr\/index.php\/wp-json\/wp\/v2\/product"}],"about":[{"href":"https:\/\/roveyayinevi.com.tr\/index.php\/wp-json\/wp\/v2\/types\/product"}],"wp:attachment":[{"href":"https:\/\/roveyayinevi.com.tr\/index.php\/wp-json\/wp\/v2\/media?parent=692400"}],"wp:term":[{"taxonomy":"product_brand","embeddable":true,"href":"https:\/\/roveyayinevi.com.tr\/index.php\/wp-json\/wp\/v2\/product_brand?post=692400"},{"taxonomy":"product_cat","embeddable":true,"href":"https:\/\/roveyayinevi.com.tr\/index.php\/wp-json\/wp\/v2\/product_cat?post=692400"},{"taxonomy":"product_tag","embeddable":true,"href":"https:\/\/roveyayinevi.com.tr\/index.php\/wp-json\/wp\/v2\/product_tag?post=692400"}],"curies":[{"name":"wp","href":"https:\/\/api.w.org\/{rel}","templated":true}]}}