{"id":692399,"date":"2025-08-27T14:06:18","date_gmt":"2025-08-27T11:06:18","guid":{"rendered":"https:\/\/roveyayinevi.com.tr\/index.php\/urun\/andersen-masallari-cilt-3\/"},"modified":"2026-04-16T02:02:30","modified_gmt":"2026-04-15T23:02:30","slug":"andersen-masallari-cilt-3","status":"publish","type":"product","link":"https:\/\/roveyayinevi.com.tr\/index.php\/urun\/andersen-masallari-cilt-3\/","title":{"rendered":"Andersen Masallar\u0131 Cilt: 3"},"content":{"rendered":"<p>\u00c7irkin \u00d6rdek, Kibrit\u00e7i K\u0131z, Karlar Krali\u00e7esi, Kur\u015fun Asker, Ger\u00e7ek Prenses gibi bug\u00fcn d\u00fcnya \u00e7ap\u0131nda bilinen ve hemen hemen her \u00e7ocu\u011fun b\u00fcy\u00fcrken dinledi\u011fi masallar\u0131n Danimarkal\u0131 yazar\u0131d\u0131r Andersen. \u0130lkin 1835&#8217;te \u00c7ocuklar i\u00e7in Masallar ad\u0131yla bas\u0131lan ve 1852&#8217;de Hikayeler ad\u0131n\u0131 alan bu eser toplamda 156 tane masal ve hikayeden olu\u015fmaktad\u0131r. Bu eser, romandan seyahat g\u00fcncesine, tiyatro oyunundan \u015fiire kadar bir\u00e7ok farkl\u0131 t\u00fcrde eserleri olan Andersen&#8217;e kal\u0131c\u0131 bir ba\u015far\u0131 sa\u011flam\u0131\u015f ve t\u00fcm d\u00fcnyada tan\u0131nmas\u0131na sebep olmu\u015ftur. \ufffcTan\u0131t\u0131m Metni<\/p>\n","protected":false},"excerpt":{"rendered":"<p>\u00c7irkin \u00d6rdek, Kibrit\u00e7i K\u0131z, Karlar Krali\u00e7esi, Kur\u015fun Asker, Ger\u00e7ek Prenses gibi bug\u00fcn d\u00fcnya \u00e7ap\u0131nda bilinen ve hemen hemen her \u00e7ocu\u011fun b\u00fcy\u00fcrken dinledi\u011fi masallar\u0131n Danimarkal\u0131 yazar\u0131d\u0131r Andersen.<span class=\"excerpt-hellip\"> [\u2026]<\/span><\/p>\n","protected":false},"featured_media":0,"template":"","meta":{"_monsterinsights_skip_tracking":false,"_monsterinsights_sitenote_active":false,"_monsterinsights_sitenote_note":"","_monsterinsights_sitenote_category":0},"product_brand":[],"product_cat":[12274,12523],"product_tag":[],"class_list":{"0":"post-692399","1":"product","2":"type-product","3":"status-publish","5":"product_cat-cocuk-ve-genclik-kitaplari","6":"product_cat-masallar","7":"pa_tur-kitap","8":"pa_yayinevi-pinhan-yayincilik","9":"pa_yazar-hans-christian-andersen","11":"first","12":"instock","13":"sale","14":"shipping-taxable","15":"purchasable","16":"product-type-simple"},"_links":{"self":[{"href":"https:\/\/roveyayinevi.com.tr\/index.php\/wp-json\/wp\/v2\/product\/692399","targetHints":{"allow":["GET"]}}],"collection":[{"href":"https:\/\/roveyayinevi.com.tr\/index.php\/wp-json\/wp\/v2\/product"}],"about":[{"href":"https:\/\/roveyayinevi.com.tr\/index.php\/wp-json\/wp\/v2\/types\/product"}],"wp:attachment":[{"href":"https:\/\/roveyayinevi.com.tr\/index.php\/wp-json\/wp\/v2\/media?parent=692399"}],"wp:term":[{"taxonomy":"product_brand","embeddable":true,"href":"https:\/\/roveyayinevi.com.tr\/index.php\/wp-json\/wp\/v2\/product_brand?post=692399"},{"taxonomy":"product_cat","embeddable":true,"href":"https:\/\/roveyayinevi.com.tr\/index.php\/wp-json\/wp\/v2\/product_cat?post=692399"},{"taxonomy":"product_tag","embeddable":true,"href":"https:\/\/roveyayinevi.com.tr\/index.php\/wp-json\/wp\/v2\/product_tag?post=692399"}],"curies":[{"name":"wp","href":"https:\/\/api.w.org\/{rel}","templated":true}]}}