{"id":692396,"date":"2025-08-27T14:06:18","date_gmt":"2025-08-27T11:06:18","guid":{"rendered":"https:\/\/roveyayinevi.com.tr\/index.php\/urun\/baglanma\/"},"modified":"2026-04-16T02:02:30","modified_gmt":"2026-04-15T23:02:30","slug":"baglanma","status":"publish","type":"product","link":"https:\/\/roveyayinevi.com.tr\/index.php\/urun\/baglanma\/","title":{"rendered":"Ba\u011flanma"},"content":{"rendered":"<p>Alan\u0131ndaki temel eserlerden biri olan Ba\u011flanma ve Kaybetme \u00fc\u00e7lemesinin ilk cildi olan Ba\u011flanma, ba\u011flanma ili\u015fkilerinin nas\u0131l kuruldu\u011funu anlat\u0131r ve \u00e7ocu\u011fun anneye olan ba\u011flar\u0131n\u0131n do\u011fas\u0131n\u0131 inceler. Bowlby, \u00e7ocuklar \u00fczerine yap\u0131lan deneysel \u00e7al\u0131\u015fmalar\u0131n ve bunlardan gelen verileri onaylayan biyolojik bulu\u015flar\u0131n nas\u0131l baz\u0131 davran\u0131\u015f kal\u0131plar\u0131n\u0131 ortaya \u00e7\u0131kard\u0131\u011f\u0131n\u0131 g\u00f6stermeye \u00e7al\u0131\u015f\u0131r. Ona g\u00f6re ba\u011flanma davran\u0131\u015f\u0131, hayatta kalma m\u00fccadelesinde y\u0131rt\u0131c\u0131lara kar\u015f\u0131 korunmak i\u00e7in ortaya \u00e7\u0131kan, beslenme ve \u00fcreme kadar \u00f6nemli olan i\u00e7g\u00fcd\u00fcsel bir tepkidir. Kitaba i\u00e7g\u00fcd\u00fcsel davran\u0131\u015f, nedenleri, i\u015flevleri ve ontogeni tart\u0131\u015fmalar\u0131yla ba\u015flayan Bowlby, ba\u011flanma davran\u0131\u015f\u0131n\u0131n nas\u0131l geli\u015fti\u011fi, nas\u0131l idare edildi\u011fi, ne i\u015flevi oldu\u011funa dair kuramsal bir form\u00fclasyon vermeye \u00e7al\u0131\u015f\u0131r. Bu cildin ilk bas\u0131m\u0131ndan sonraki on be\u015f senelik s\u00fcre\u00e7te hem kuramsal hem ampirik bir \u00e7ok geli\u015fmeye itafen ikinci bask\u0131ya iki yeni b\u00f6l\u00fcm eklenmi\u015f, ve di\u011fer b\u00f6l\u00fcmler g\u00f6zden ge\u00e7irilmi\u015ftir. Bug\u00fcn alan\u0131nda h\u00e2l\u00e2 en \u00f6nemli ba\u015fvuru kaynaklar\u0131ndan biri olarak kabul edilen eserin birinci cildi olan Ba\u011flanma titiz bir \u00e7eviriyle T\u00fcrk\u00e7e&#8217;de\u2026<\/p>\n","protected":false},"excerpt":{"rendered":"<p>Alan\u0131ndaki temel eserlerden biri olan Ba\u011flanma ve Kaybetme \u00fc\u00e7lemesinin ilk cildi olan Ba\u011flanma, ba\u011flanma ili\u015fkilerinin nas\u0131l kuruldu\u011funu anlat\u0131r ve \u00e7ocu\u011fun anneye olan ba\u011flar\u0131n\u0131n do\u011fas\u0131n\u0131 inceler. Bowlby,<span class=\"excerpt-hellip\"> [\u2026]<\/span><\/p>\n","protected":false},"featured_media":0,"template":"","meta":{"_monsterinsights_skip_tracking":false,"_monsterinsights_sitenote_active":false,"_monsterinsights_sitenote_note":"","_monsterinsights_sitenote_category":0},"product_brand":[],"product_cat":[12358,12357],"product_tag":[],"class_list":{"0":"post-692396","1":"product","2":"type-product","3":"status-publish","5":"product_cat-genel-psikoloji","6":"product_cat-psikoloji","7":"pa_cilt-ciltsiz","8":"pa_tur-kitap","9":"pa_yayinevi-pinhan-yayincilik","10":"pa_yazar-john-bowlby","12":"first","13":"instock","14":"sale","15":"shipping-taxable","16":"purchasable","17":"product-type-simple"},"_links":{"self":[{"href":"https:\/\/roveyayinevi.com.tr\/index.php\/wp-json\/wp\/v2\/product\/692396","targetHints":{"allow":["GET"]}}],"collection":[{"href":"https:\/\/roveyayinevi.com.tr\/index.php\/wp-json\/wp\/v2\/product"}],"about":[{"href":"https:\/\/roveyayinevi.com.tr\/index.php\/wp-json\/wp\/v2\/types\/product"}],"wp:attachment":[{"href":"https:\/\/roveyayinevi.com.tr\/index.php\/wp-json\/wp\/v2\/media?parent=692396"}],"wp:term":[{"taxonomy":"product_brand","embeddable":true,"href":"https:\/\/roveyayinevi.com.tr\/index.php\/wp-json\/wp\/v2\/product_brand?post=692396"},{"taxonomy":"product_cat","embeddable":true,"href":"https:\/\/roveyayinevi.com.tr\/index.php\/wp-json\/wp\/v2\/product_cat?post=692396"},{"taxonomy":"product_tag","embeddable":true,"href":"https:\/\/roveyayinevi.com.tr\/index.php\/wp-json\/wp\/v2\/product_tag?post=692396"}],"curies":[{"name":"wp","href":"https:\/\/api.w.org\/{rel}","templated":true}]}}