{"id":692393,"date":"2025-08-27T14:06:17","date_gmt":"2025-08-27T11:06:17","guid":{"rendered":"https:\/\/roveyayinevi.com.tr\/index.php\/urun\/kendime-dusunceler-2\/"},"modified":"2026-04-16T02:02:30","modified_gmt":"2026-04-15T23:02:30","slug":"kendime-dusunceler-2","status":"publish","type":"product","link":"https:\/\/roveyayinevi.com.tr\/index.php\/urun\/kendime-dusunceler-2\/","title":{"rendered":"Kendime D\u00fc\u015f\u00fcnceler"},"content":{"rendered":"<p>MS 2. yu\u0308zy\u0131lda ya\u015fam\u0131\u015f olan Marcus Aurelius, Roma imparatorlu\u011fu\u2019nun Alt\u0131n \u00c7a\u011f\u0131\u2019n\u0131n simgele\u015fmi\u015f isimlerinden biridir. Ba\u015far\u0131l\u0131 bir imparator ve komutan olmas\u0131n\u0131n yan\u0131 s\u0131ra ald\u0131\u011f\u0131 derin felsefe e\u011fitiminden ve engin bilgisinden dolay\u0131 \u201cFilozof imparator\u201d olarak tan\u0131n\u0131r. Sanki binlerce y\u0131l daha ya\u015fayacakm\u0131\u015fs\u0131n gibi ya\u015fama. Kader, ba\u015f\u0131n\u0131n u\u0308zerinde bir k\u0131l\u0131\u00e7 gibi as\u0131l\u0131 duruyor. Ya\u015fam\u0131n boyunca iyi biri olmaya \u00e7al\u0131\u015f. Kendime Du\u0308\u015fu\u0308nceler imparator Filozof\u2019un evren, insan, do\u011fa, ak\u0131l, ya\u015fam ve \u00f6lu\u0308m u\u0308zerine gu\u0308n gu\u0308n tuttu\u011fu notlardan olu\u015fuyor. Bu notlar, her ne kadar \u00e7ok bu\u0308yu\u0308k sorumluluklar\u0131 olan bir ki\u015finin kendi kendine verdi\u011fi \u00f6\u011fu\u0308tler gibi g\u00f6ru\u0308nse de asl\u0131nda evrensel bir ders niteli\u011fi ta\u015f\u0131yor. On iki kitap olarak Yunanca kaleme al\u0131nm\u0131\u015f olan ve bir\u00e7ok ku\u015fak taraf\u0131ndan antik\u00e7a\u011f\u0131n en \u00f6nemli eserlerinden biri olarak g\u00f6ru\u0308len Kendime Du\u0308\u015fu\u0308nceler, gu\u0308nu\u0308mu\u0308zde de gu\u0308nlu\u0308k hayat\u0131n zorluklar\u0131na dair pratik ve ilham verici bir rehber g\u00f6revi u\u0308stleniyor. <\/p>\n","protected":false},"excerpt":{"rendered":"<p>MS 2. yu\u0308zy\u0131lda ya\u015fam\u0131\u015f olan Marcus Aurelius, Roma imparatorlu\u011fu\u2019nun Alt\u0131n \u00c7a\u011f\u0131\u2019n\u0131n simgele\u015fmi\u015f isimlerinden biridir. Ba\u015far\u0131l\u0131 bir imparator ve komutan olmas\u0131n\u0131n yan\u0131 s\u0131ra ald\u0131\u011f\u0131 derin felsefe e\u011fitiminden<span class=\"excerpt-hellip\"> [\u2026]<\/span><\/p>\n","protected":false},"featured_media":0,"template":"","meta":{"_monsterinsights_skip_tracking":false,"_monsterinsights_sitenote_active":false,"_monsterinsights_sitenote_note":"","_monsterinsights_sitenote_category":0},"product_brand":[],"product_cat":[20351,12388],"product_tag":[],"class_list":{"0":"post-692393","1":"product","2":"type-product","3":"status-publish","5":"product_cat-dusunce","6":"product_cat-felsefe","7":"pa_cilt-ciltsiz","8":"pa_tur-kitap","9":"pa_yayinevi-say-yayinlari","10":"pa_yazar-marcus-aurelius","12":"first","13":"instock","14":"sale","15":"shipping-taxable","16":"purchasable","17":"product-type-simple"},"_links":{"self":[{"href":"https:\/\/roveyayinevi.com.tr\/index.php\/wp-json\/wp\/v2\/product\/692393","targetHints":{"allow":["GET"]}}],"collection":[{"href":"https:\/\/roveyayinevi.com.tr\/index.php\/wp-json\/wp\/v2\/product"}],"about":[{"href":"https:\/\/roveyayinevi.com.tr\/index.php\/wp-json\/wp\/v2\/types\/product"}],"wp:attachment":[{"href":"https:\/\/roveyayinevi.com.tr\/index.php\/wp-json\/wp\/v2\/media?parent=692393"}],"wp:term":[{"taxonomy":"product_brand","embeddable":true,"href":"https:\/\/roveyayinevi.com.tr\/index.php\/wp-json\/wp\/v2\/product_brand?post=692393"},{"taxonomy":"product_cat","embeddable":true,"href":"https:\/\/roveyayinevi.com.tr\/index.php\/wp-json\/wp\/v2\/product_cat?post=692393"},{"taxonomy":"product_tag","embeddable":true,"href":"https:\/\/roveyayinevi.com.tr\/index.php\/wp-json\/wp\/v2\/product_tag?post=692393"}],"curies":[{"name":"wp","href":"https:\/\/api.w.org\/{rel}","templated":true}]}}