{"id":692391,"date":"2025-08-27T14:06:17","date_gmt":"2025-08-27T11:06:17","guid":{"rendered":"https:\/\/roveyayinevi.com.tr\/index.php\/urun\/sibumi\/"},"modified":"2026-04-16T02:02:30","modified_gmt":"2026-04-15T23:02:30","slug":"sibumi","status":"publish","type":"product","link":"https:\/\/roveyayinevi.com.tr\/index.php\/urun\/sibumi\/","title":{"rendered":"\u015eibumi"},"content":{"rendered":"<p>\u0130nan\u0131lmaz \u00f6l\u00e7\u00fcde kar\u0131\u015f\u0131k ve \u00f6zg\u00fcn bir roman kahraman\u0131 Nicholai Hel. Yar\u0131 Rus, yar\u0131 Alman as\u0131ll\u0131 koyu bir Amerikan d\u00fc\u015fman\u0131. \u015eanghay&#8217;da do\u011fmu\u015f, bir Japon generali taraf\u0131ndan b\u00fcy\u00fct\u00fclm\u00fc\u015f; bir Japon bilgesinden de &#8216;Go&#8217; oyunu \u00f6\u011frenmi\u015f. Bask dili dahil yedi dili ana dili gibi konu\u015fuyor. Plastik kartla ya da kur\u015fun kalemle bir insan\u0131 rahatl\u0131kla \u00f6ld\u00fcrebilecek ustal\u0131klar\u0131 da edinmi\u015f. \u00dcst\u00fcn d\u00fczeydeki &#8216;yak\u0131n alg\u0131lama&#8217; yetene\u011fi y\u00fcz\u00fcnden foto\u011fraf\u0131 bile \u00e7ekilemeyen bu profesyonel ter\u00f6rist avc\u0131s\u0131, ter\u00f6rc\u00fc, korkusuz ma\u011farac\u0131, yenilmez sava\u015f\u00e7\u0131 ve ger\u00e7ek feylesof, g\u00fcn\u00fcn birinde emekli olarak ya\u015fad\u0131\u011f\u0131 \u015fatosundan \u00e7\u0131k\u0131yor; amans\u0131z ve ac\u0131mas\u0131z bir d\u00f6v\u00fc\u015fe kat\u0131lmak \u00fczere&#8230; <\/p>\n","protected":false},"excerpt":{"rendered":"<p>\u0130nan\u0131lmaz \u00f6l\u00e7\u00fcde kar\u0131\u015f\u0131k ve \u00f6zg\u00fcn bir roman kahraman\u0131 Nicholai Hel. Yar\u0131 Rus, yar\u0131 Alman as\u0131ll\u0131 koyu bir Amerikan d\u00fc\u015fman\u0131. \u015eanghay&#8217;da do\u011fmu\u015f, bir Japon generali taraf\u0131ndan b\u00fcy\u00fct\u00fclm\u00fc\u015f;<span class=\"excerpt-hellip\"> [\u2026]<\/span><\/p>\n","protected":false},"featured_media":0,"template":"","meta":{"_monsterinsights_skip_tracking":false,"_monsterinsights_sitenote_active":false,"_monsterinsights_sitenote_note":"","_monsterinsights_sitenote_category":0},"product_brand":[],"product_cat":[12803,12291],"product_tag":[],"class_list":{"0":"post-692391","1":"product","2":"type-product","3":"status-publish","5":"product_cat-aksiyon-macera","6":"product_cat-edebiyat","7":"pa_cilt-ciltsiz","8":"pa_tur-kitap","9":"pa_yayinevi-e-yayinlari","10":"pa_yazar-trevanian","12":"first","13":"instock","14":"sale","15":"shipping-taxable","16":"purchasable","17":"product-type-simple"},"_links":{"self":[{"href":"https:\/\/roveyayinevi.com.tr\/index.php\/wp-json\/wp\/v2\/product\/692391","targetHints":{"allow":["GET"]}}],"collection":[{"href":"https:\/\/roveyayinevi.com.tr\/index.php\/wp-json\/wp\/v2\/product"}],"about":[{"href":"https:\/\/roveyayinevi.com.tr\/index.php\/wp-json\/wp\/v2\/types\/product"}],"wp:attachment":[{"href":"https:\/\/roveyayinevi.com.tr\/index.php\/wp-json\/wp\/v2\/media?parent=692391"}],"wp:term":[{"taxonomy":"product_brand","embeddable":true,"href":"https:\/\/roveyayinevi.com.tr\/index.php\/wp-json\/wp\/v2\/product_brand?post=692391"},{"taxonomy":"product_cat","embeddable":true,"href":"https:\/\/roveyayinevi.com.tr\/index.php\/wp-json\/wp\/v2\/product_cat?post=692391"},{"taxonomy":"product_tag","embeddable":true,"href":"https:\/\/roveyayinevi.com.tr\/index.php\/wp-json\/wp\/v2\/product_tag?post=692391"}],"curies":[{"name":"wp","href":"https:\/\/api.w.org\/{rel}","templated":true}]}}