{"id":692386,"date":"2025-08-27T14:06:16","date_gmt":"2025-08-27T11:06:16","guid":{"rendered":"https:\/\/roveyayinevi.com.tr\/index.php\/urun\/uzayda-sahibini-arayan-kopek\/"},"modified":"2026-04-16T02:02:30","modified_gmt":"2026-04-15T23:02:30","slug":"uzayda-sahibini-arayan-kopek","status":"publish","type":"product","link":"https:\/\/roveyayinevi.com.tr\/index.php\/urun\/uzayda-sahibini-arayan-kopek\/","title":{"rendered":"Uzayda Sahibini Arayan K\u00f6pek"},"content":{"rendered":"<p>Siz hi\u00e7 konu\u015fan ve kitap okuyan bir k\u00f6pek g\u00f6rd\u00fcn\u00fcz m\u00fc?Hem de uzay\u0131n derinliklerinde!Gen\u00e7 ku\u015fa\u011f\u0131n ba\u015far\u0131l\u0131 kalemlerinden G\u00f6ktu\u011f Canbaba\u2019dan s\u0131rad\u0131\u015f\u0131 bir karakter ve kahkaha dolu bir \u00f6yk\u00fc dahaBirbirinden ilgin\u00e7 icatlar\u0131yla etrafa \u00fcn salm\u0131\u015f Mucit, sevgili e\u015fi Papatya ile mutlu mesut ya\u015f\u0131yordu. \u0130nsanlardan uzak hayatlar\u0131 huzur doluydu.Ta ki Papatya bir g\u00fcn nereden geldi\u011fi belli olmayan bir uzay gemisi taraf\u0131ndan ka\u00e7\u0131r\u0131l\u0131ncaya dek! Mucit\u2019in, SivriKulak ad\u0131n\u0131 verdi\u011fi sevimli yavru k\u00f6pekle tan\u0131\u015fmas\u0131 da ayn\u0131 g\u00fcn oldu. Bu bir tesad\u00fcf olamazd\u0131. Aradan on y\u0131l ge\u00e7ti\u2026Mucit, kar\u0131s\u0131n\u0131 bulmak i\u00e7in pek \u00e7ok icat yapt\u0131. Uzay gemisi de bunlardan biriydi. Ama Mucit\u2019in y\u00fckseklik korkusu vard\u0131. Bu y\u00fczden uzaya gidecek cesur kahraman, SivriKulak\u2019tan ba\u015fkas\u0131 de\u011fildi!<\/p>\n","protected":false},"excerpt":{"rendered":"<p>Siz hi\u00e7 konu\u015fan ve kitap okuyan bir k\u00f6pek g\u00f6rd\u00fcn\u00fcz m\u00fc?Hem de uzay\u0131n derinliklerinde!Gen\u00e7 ku\u015fa\u011f\u0131n ba\u015far\u0131l\u0131 kalemlerinden G\u00f6ktu\u011f Canbaba\u2019dan s\u0131rad\u0131\u015f\u0131 bir karakter ve kahkaha dolu bir \u00f6yk\u00fc<span class=\"excerpt-hellip\"> [\u2026]<\/span><\/p>\n","protected":false},"featured_media":0,"template":"","meta":{"_monsterinsights_skip_tracking":false,"_monsterinsights_sitenote_active":false,"_monsterinsights_sitenote_note":"","_monsterinsights_sitenote_category":0},"product_brand":[],"product_cat":[12275,12274],"product_tag":[],"class_list":{"0":"post-692386","1":"product","2":"type-product","3":"status-publish","5":"product_cat-6-12-yas-kitaplari","6":"product_cat-cocuk-ve-genclik-kitaplari","7":"pa_cilt-ciltsiz","8":"pa_tur-kitap","9":"pa_yayinevi-dogan-egmont-yayincilik","10":"pa_yazar-goktug-canbaba","12":"first","13":"instock","14":"sale","15":"shipping-taxable","16":"purchasable","17":"product-type-simple"},"_links":{"self":[{"href":"https:\/\/roveyayinevi.com.tr\/index.php\/wp-json\/wp\/v2\/product\/692386","targetHints":{"allow":["GET"]}}],"collection":[{"href":"https:\/\/roveyayinevi.com.tr\/index.php\/wp-json\/wp\/v2\/product"}],"about":[{"href":"https:\/\/roveyayinevi.com.tr\/index.php\/wp-json\/wp\/v2\/types\/product"}],"wp:attachment":[{"href":"https:\/\/roveyayinevi.com.tr\/index.php\/wp-json\/wp\/v2\/media?parent=692386"}],"wp:term":[{"taxonomy":"product_brand","embeddable":true,"href":"https:\/\/roveyayinevi.com.tr\/index.php\/wp-json\/wp\/v2\/product_brand?post=692386"},{"taxonomy":"product_cat","embeddable":true,"href":"https:\/\/roveyayinevi.com.tr\/index.php\/wp-json\/wp\/v2\/product_cat?post=692386"},{"taxonomy":"product_tag","embeddable":true,"href":"https:\/\/roveyayinevi.com.tr\/index.php\/wp-json\/wp\/v2\/product_tag?post=692386"}],"curies":[{"name":"wp","href":"https:\/\/api.w.org\/{rel}","templated":true}]}}