{"id":692385,"date":"2025-08-27T14:06:16","date_gmt":"2025-08-27T11:06:16","guid":{"rendered":"https:\/\/roveyayinevi.com.tr\/index.php\/urun\/zar-adam\/"},"modified":"2026-04-06T12:21:43","modified_gmt":"2026-04-06T09:21:43","slug":"zar-adam","status":"publish","type":"product","link":"https:\/\/roveyayinevi.com.tr\/index.php\/urun\/zar-adam\/","title":{"rendered":"Zar Adam"},"content":{"rendered":"<p>Zarlar hayat\u0131n\u0131z\u0131 belirleme ba\u015flad\u0131\u011f\u0131nda art\u0131k her \u015fey m\u00fcmk\u00fcn olmaktad\u0131r.\u0130lk sayfas\u0131ndan itibaren sizi kendisine ba\u011flayacak. Uzun s\u00fcre haf\u0131zan\u0131zdan silemeyece\u011finiz uluslararas\u0131 k\u00fclt bestseller kitaplar\u0131ndan biri. <\/p>\n","protected":false},"excerpt":{"rendered":"<p>Zarlar hayat\u0131n\u0131z\u0131 belirleme ba\u015flad\u0131\u011f\u0131nda art\u0131k her \u015fey m\u00fcmk\u00fcn olmaktad\u0131r.\u0130lk sayfas\u0131ndan itibaren sizi kendisine ba\u011flayacak. Uzun s\u00fcre haf\u0131zan\u0131zdan silemeyece\u011finiz uluslararas\u0131 k\u00fclt bestseller kitaplar\u0131ndan biri.<\/p>\n","protected":false},"featured_media":0,"template":"","meta":{"_monsterinsights_skip_tracking":false,"_monsterinsights_sitenote_active":false,"_monsterinsights_sitenote_note":"","_monsterinsights_sitenote_category":0},"product_brand":[],"product_cat":[12364],"product_tag":[],"class_list":{"0":"post-692385","1":"product","2":"type-product","3":"status-publish","5":"product_cat-genel-konular","6":"pa_tur-kitap","7":"pa_yayinevi-pegasus-yayinlari","8":"pa_yazar-luke-rhinehart","10":"first","11":"instock","12":"sale","13":"shipping-taxable","14":"purchasable","15":"product-type-simple"},"_links":{"self":[{"href":"https:\/\/roveyayinevi.com.tr\/index.php\/wp-json\/wp\/v2\/product\/692385","targetHints":{"allow":["GET"]}}],"collection":[{"href":"https:\/\/roveyayinevi.com.tr\/index.php\/wp-json\/wp\/v2\/product"}],"about":[{"href":"https:\/\/roveyayinevi.com.tr\/index.php\/wp-json\/wp\/v2\/types\/product"}],"wp:attachment":[{"href":"https:\/\/roveyayinevi.com.tr\/index.php\/wp-json\/wp\/v2\/media?parent=692385"}],"wp:term":[{"taxonomy":"product_brand","embeddable":true,"href":"https:\/\/roveyayinevi.com.tr\/index.php\/wp-json\/wp\/v2\/product_brand?post=692385"},{"taxonomy":"product_cat","embeddable":true,"href":"https:\/\/roveyayinevi.com.tr\/index.php\/wp-json\/wp\/v2\/product_cat?post=692385"},{"taxonomy":"product_tag","embeddable":true,"href":"https:\/\/roveyayinevi.com.tr\/index.php\/wp-json\/wp\/v2\/product_tag?post=692385"}],"curies":[{"name":"wp","href":"https:\/\/api.w.org\/{rel}","templated":true}]}}