{"id":692383,"date":"2025-08-27T14:06:15","date_gmt":"2025-08-27T11:06:15","guid":{"rendered":"https:\/\/roveyayinevi.com.tr\/index.php\/urun\/hammit-2-masallar-ulkesi-serisi-hammit-kirmizi-baslikli-sosi\/"},"modified":"2026-04-16T02:02:30","modified_gmt":"2026-04-15T23:02:30","slug":"hammit-2-masallar-ulkesi-serisi-hammit-kirmizi-baslikli-sosi","status":"publish","type":"product","link":"https:\/\/roveyayinevi.com.tr\/index.php\/urun\/hammit-2-masallar-ulkesi-serisi-hammit-kirmizi-baslikli-sosi\/","title":{"rendered":"Hammit 2 Masallar \u00dclkesi Serisi \/ Hammit K\u0131rm\u0131z\u0131 Ba\u015fl\u0131kl\u0131 Sosi"},"content":{"rendered":"<p>Anadolu\u2019dan Fantasti\u2019ye\u2026Hammit ve arkada\u015flar\u0131n\u0131n Masallar \u00dclkesi\u2019ndeki yolcuklar\u0131 ba\u015flad\u0131. Ama bir sorun var\u2026 Yaramaz mirket Sosi ortal\u0131klarda yok! Bu, k\u00f6t\u00fc kalpli Ador\u2019un bir oyunu olabilir mi? Yoksa kendi masallar\u0131n\u0131 ya\u015fayan kahramanlar\u0131m\u0131z\u0131n i\u00e7ine d\u00fc\u015ft\u00fckleri tuzaklardan biri mi?Birbirinden garip masallar, tuzaklar, \u00e7\u00f6z\u00fclmeyi bekleyen \u015fifreler, heyecan, gizem, macera ve elbette e\u011flence\u2026 Hepsi bu seride!Haydi, durma! Sayfalar\u0131 \u00e7evir, sen de bu e\u011flenceli maceraya kat\u0131l!Geceleri kendi fantastik d\u00fcnyas\u0131na dalan Hammit ve arkada\u015flar\u0131n\u0131n maceralar\u0131na doyamayacaks\u0131n\u0131z\u2026 <\/p>\n","protected":false},"excerpt":{"rendered":"<p>Anadolu\u2019dan Fantasti\u2019ye\u2026Hammit ve arkada\u015flar\u0131n\u0131n Masallar \u00dclkesi\u2019ndeki yolcuklar\u0131 ba\u015flad\u0131. Ama bir sorun var\u2026 Yaramaz mirket Sosi ortal\u0131klarda yok! Bu, k\u00f6t\u00fc kalpli Ador\u2019un bir oyunu olabilir mi? Yoksa<span class=\"excerpt-hellip\"> [\u2026]<\/span><\/p>\n","protected":false},"featured_media":0,"template":"","meta":{"_monsterinsights_skip_tracking":false,"_monsterinsights_sitenote_active":false,"_monsterinsights_sitenote_note":"","_monsterinsights_sitenote_category":0},"product_brand":[],"product_cat":[12274,12284],"product_tag":[],"class_list":{"0":"post-692383","1":"product","2":"type-product","3":"status-publish","5":"product_cat-cocuk-ve-genclik-kitaplari","6":"product_cat-hikayeler","7":"pa_tur-kitap","8":"pa_yayinevi-timas-cocuk","9":"pa_yazar-cem-gulbent","11":"first","12":"instock","13":"sale","14":"shipping-taxable","15":"purchasable","16":"product-type-simple"},"_links":{"self":[{"href":"https:\/\/roveyayinevi.com.tr\/index.php\/wp-json\/wp\/v2\/product\/692383","targetHints":{"allow":["GET"]}}],"collection":[{"href":"https:\/\/roveyayinevi.com.tr\/index.php\/wp-json\/wp\/v2\/product"}],"about":[{"href":"https:\/\/roveyayinevi.com.tr\/index.php\/wp-json\/wp\/v2\/types\/product"}],"wp:attachment":[{"href":"https:\/\/roveyayinevi.com.tr\/index.php\/wp-json\/wp\/v2\/media?parent=692383"}],"wp:term":[{"taxonomy":"product_brand","embeddable":true,"href":"https:\/\/roveyayinevi.com.tr\/index.php\/wp-json\/wp\/v2\/product_brand?post=692383"},{"taxonomy":"product_cat","embeddable":true,"href":"https:\/\/roveyayinevi.com.tr\/index.php\/wp-json\/wp\/v2\/product_cat?post=692383"},{"taxonomy":"product_tag","embeddable":true,"href":"https:\/\/roveyayinevi.com.tr\/index.php\/wp-json\/wp\/v2\/product_tag?post=692383"}],"curies":[{"name":"wp","href":"https:\/\/api.w.org\/{rel}","templated":true}]}}