{"id":692381,"date":"2025-08-27T14:06:15","date_gmt":"2025-08-27T11:06:15","guid":{"rendered":"https:\/\/roveyayinevi.com.tr\/index.php\/urun\/rahimler-gocu\/"},"modified":"2026-04-16T02:02:30","modified_gmt":"2026-04-15T23:02:30","slug":"rahimler-gocu","status":"publish","type":"product","link":"https:\/\/roveyayinevi.com.tr\/index.php\/urun\/rahimler-gocu\/","title":{"rendered":"Rahimler G\u00f6\u00e7\u00fc"},"content":{"rendered":"<p>Elinin Hamuruyla D\u00fcnya Ekonomisini Yo\u011furmak N\u00fcfusla ilgili yap\u0131lan tahminler, d\u00fcnya piyasalar\u0131nda aktif emek g\u00fcc\u00fcn\u00fcn toplamdan daha az art\u0131\u011f\u0131n\u0131 ifade etmektedir. Ya\u015flanan n\u00fcfusla birlikte de\u011fi\u015fen harcama ve tasarruf al\u0131\u015fkanl\u0131klar\u0131, geleneksel para ve maliye politikalar\u0131n\u0131n eski ihti\u015famlar\u0131n\u0131 ellerinden alacak kadar ciddiler. K\u00fcremizin ekonomik olarak daha s\u00fcrd\u00fcr\u00fclebilir bir gezegen haline gelmesi i\u00e7in gereken en \u00f6nemli kaynak, enerji ve finansmandan daha \u00e7ok, aktif emek g\u00fcc\u00fcd\u00fcr. D\u00fcnyam\u0131z\u0131, bug\u00fcn s\u0131k\u0131\u015ft\u0131\u011f\u0131 k\u0131s\u0131r d\u00f6ng\u00fcden kurtaracak as\u0131l itici g\u00fc\u00e7, daha misafirperver rahimler ordusudur. \u00c7in, Hindistan, Japonya, Avrupa ve daha nice co\u011frafi mek\u00e2nlar&#8230; Rahimler g\u00f6\u00e7\u00fc, insanl\u0131k tarihinin ikinci d\u00f6n\u00fcm noktas\u0131 olabilir&#8230; Elma yay\u0131nevi, kad\u0131nlar\u0131n d\u00fcnya ekonomisinde ne derece b\u00fcy\u00fck bir g\u00fc\u00e7 oldu\u011funu anlatan bir kitapla bulu\u015fuyor okuyucusuyla&#8230; Biraz kurgusal, biraz mizahi ama ger\u00e7ek olaylar\u0131n \u00fczerinden anlat\u0131lan ekonomik bir \u00f6yk\u00fc bu&#8230;  \u0130\u015fte size kitaptan baz\u0131 ba\u015fl\u0131klar, 2038`e Ne Kald\u0131 \u015eunun \u015euras\u0131nda? Latin Amerika`dan \u0130kinci Bir &#8220;Y\u00fczy\u0131ll\u0131k Yaln\u0131zl\u0131k&#8221; Manken Gibi Azubis Yitirilmi\u015f K\u0131zlar\u0131n ve Gelinlerin \u0130ntikam\u0131 Vesvese ile M\u00fccadele Derne\u011fi \u0130flasa S\u00fcr\u00fckleyen Ku\u015f Pisli\u011fi Terlik F\u0131rlatan Merkez Bankas\u0131 \u0130yi okumalar. <\/p>\n","protected":false},"excerpt":{"rendered":"<p>Elinin Hamuruyla D\u00fcnya Ekonomisini Yo\u011furmak N\u00fcfusla ilgili yap\u0131lan tahminler, d\u00fcnya piyasalar\u0131nda aktif emek g\u00fcc\u00fcn\u00fcn toplamdan daha az art\u0131\u011f\u0131n\u0131 ifade etmektedir. Ya\u015flanan n\u00fcfusla birlikte de\u011fi\u015fen harcama ve<span class=\"excerpt-hellip\"> [\u2026]<\/span><\/p>\n","protected":false},"featured_media":0,"template":"","meta":{"_monsterinsights_skip_tracking":false,"_monsterinsights_sitenote_active":false,"_monsterinsights_sitenote_note":"","_monsterinsights_sitenote_category":0},"product_brand":[],"product_cat":[13044,13043],"product_tag":[],"class_list":{"0":"post-692381","1":"product","2":"type-product","3":"status-publish","5":"product_cat-dunya-ekonomisi","6":"product_cat-ekonomi","7":"pa_cilt-ciltsiz","8":"pa_tur-kitap","9":"pa_yayinevi-elma-yayinevi","10":"pa_yazar-sarvar-gurbanov","12":"first","13":"instock","14":"sale","15":"shipping-taxable","16":"purchasable","17":"product-type-simple"},"_links":{"self":[{"href":"https:\/\/roveyayinevi.com.tr\/index.php\/wp-json\/wp\/v2\/product\/692381","targetHints":{"allow":["GET"]}}],"collection":[{"href":"https:\/\/roveyayinevi.com.tr\/index.php\/wp-json\/wp\/v2\/product"}],"about":[{"href":"https:\/\/roveyayinevi.com.tr\/index.php\/wp-json\/wp\/v2\/types\/product"}],"wp:attachment":[{"href":"https:\/\/roveyayinevi.com.tr\/index.php\/wp-json\/wp\/v2\/media?parent=692381"}],"wp:term":[{"taxonomy":"product_brand","embeddable":true,"href":"https:\/\/roveyayinevi.com.tr\/index.php\/wp-json\/wp\/v2\/product_brand?post=692381"},{"taxonomy":"product_cat","embeddable":true,"href":"https:\/\/roveyayinevi.com.tr\/index.php\/wp-json\/wp\/v2\/product_cat?post=692381"},{"taxonomy":"product_tag","embeddable":true,"href":"https:\/\/roveyayinevi.com.tr\/index.php\/wp-json\/wp\/v2\/product_tag?post=692381"}],"curies":[{"name":"wp","href":"https:\/\/api.w.org\/{rel}","templated":true}]}}