{"id":692380,"date":"2025-08-27T14:06:15","date_gmt":"2025-08-27T11:06:15","guid":{"rendered":"https:\/\/roveyayinevi.com.tr\/index.php\/urun\/buyuk-yaris\/"},"modified":"2026-04-11T13:20:59","modified_gmt":"2026-04-11T10:20:59","slug":"buyuk-yaris","status":"publish","type":"product","link":"https:\/\/roveyayinevi.com.tr\/index.php\/urun\/buyuk-yaris\/","title":{"rendered":"B\u00fcy\u00fck Yar\u0131\u015f"},"content":{"rendered":"<p>\u0130lk kez 36 y\u0131l \u00f6nce yay\u0131mlanan ve ya\u015fanm\u0131\u015f bir olaya dayanan \u201cB\u00fcy\u00fck Yar\u0131\u015f\u201d, \u00e7a\u011fda\u015f \u00e7ocuk klasikleri aras\u0131nda say\u0131l\u0131yor. <\/p>\n","protected":false},"excerpt":{"rendered":"<p>\u0130lk kez 36 y\u0131l \u00f6nce yay\u0131mlanan ve ya\u015fanm\u0131\u015f bir olaya dayanan \u201cB\u00fcy\u00fck Yar\u0131\u015f\u201d, \u00e7a\u011fda\u015f \u00e7ocuk klasikleri aras\u0131nda say\u0131l\u0131yor.<\/p>\n","protected":false},"featured_media":0,"template":"","meta":{"_monsterinsights_skip_tracking":false,"_monsterinsights_sitenote_active":false,"_monsterinsights_sitenote_note":"","_monsterinsights_sitenote_category":0},"product_brand":[],"product_cat":[12274,12284],"product_tag":[],"class_list":{"0":"post-692380","1":"product","2":"type-product","3":"status-publish","5":"product_cat-cocuk-ve-genclik-kitaplari","6":"product_cat-hikayeler","7":"pa_cilt-ciltsiz","8":"pa_tur-kitap","9":"pa_yayinevi-beyaz-balina-yayinlari","10":"pa_yazar-john-reynolds-gardiner","12":"first","13":"instock","14":"sale","15":"shipping-taxable","16":"purchasable","17":"product-type-simple"},"_links":{"self":[{"href":"https:\/\/roveyayinevi.com.tr\/index.php\/wp-json\/wp\/v2\/product\/692380","targetHints":{"allow":["GET"]}}],"collection":[{"href":"https:\/\/roveyayinevi.com.tr\/index.php\/wp-json\/wp\/v2\/product"}],"about":[{"href":"https:\/\/roveyayinevi.com.tr\/index.php\/wp-json\/wp\/v2\/types\/product"}],"wp:attachment":[{"href":"https:\/\/roveyayinevi.com.tr\/index.php\/wp-json\/wp\/v2\/media?parent=692380"}],"wp:term":[{"taxonomy":"product_brand","embeddable":true,"href":"https:\/\/roveyayinevi.com.tr\/index.php\/wp-json\/wp\/v2\/product_brand?post=692380"},{"taxonomy":"product_cat","embeddable":true,"href":"https:\/\/roveyayinevi.com.tr\/index.php\/wp-json\/wp\/v2\/product_cat?post=692380"},{"taxonomy":"product_tag","embeddable":true,"href":"https:\/\/roveyayinevi.com.tr\/index.php\/wp-json\/wp\/v2\/product_tag?post=692380"}],"curies":[{"name":"wp","href":"https:\/\/api.w.org\/{rel}","templated":true}]}}