{"id":692376,"date":"2025-08-27T14:06:14","date_gmt":"2025-08-27T11:06:14","guid":{"rendered":"https:\/\/roveyayinevi.com.tr\/index.php\/urun\/tanrisiz-ahlak\/"},"modified":"2026-04-16T02:02:30","modified_gmt":"2026-04-15T23:02:30","slug":"tanrisiz-ahlak","status":"publish","type":"product","link":"https:\/\/roveyayinevi.com.tr\/index.php\/urun\/tanrisiz-ahlak\/","title":{"rendered":"Tanr\u0131s\u0131z Ahlak"},"content":{"rendered":"<p>\u0130lk s\u00f6zc\u00fc\u011f\u00fcn \u00fcst\u00fc niye \u00e7izili? \u00c7\u00fcnk\u00fc bu kitab\u0131n amac\u0131, Tanr\u0131s\u0131z ahlak konusunda bir sorun olmad\u0131\u011f\u0131n\u0131 g\u00f6stermektir. Felsefe profes\u00f6r\u00fc Walter Sinnott Armstrong, dini ele al\u0131rken esasen ahlak\u0131n neden hi\u00e7bir anlam ta\u015f\u0131mad\u0131\u011f\u0131n\u0131 g\u00f6stermek amac\u0131yla bu kitab\u0131 yazd\u0131\u011f\u0131n\u0131 belirtir. Dostoyevski\u2019nin roman kahraman\u0131 \u0130van Karamazov, \u201cTanr\u0131 \u00f6ld\u00fcyse, her \u015fey mubaht\u0131r\u201d der. Bu dogmay\u0131 kabul eden ateistler, ahlak\u0131n s\u00fcbjektif oldu\u011funa h\u00fckmederler. Bu dogmay\u0131 kabul eden teistlerse, ateistlerin tehlikeli olduklar\u0131na inan\u0131r. Bu \u00e7eki\u015fmede her iki taraf\u0131n da hatal\u0131 oldu\u011funu ve gaflar\u0131n\u0131n, \u201cTanr\u0131 \u00f6ld\u00fcyse, her \u015fey mubaht\u0131r\u201d bi\u00e7iminde m\u00fc\u015ftereken yapt\u0131klar\u0131 yanl\u0131\u015f varsay\u0131mlar\u0131ndan kaynakland\u0131\u011f\u0131n\u0131 g\u00f6stermek isteyen bu kitap, Karamazov\u2019un bu pop\u00fcler ifadesine y\u00f6nelik uzunca bir tekziptir. \u201cTanr\u0131 \u00f6ld\u00fcyse, her \u015fey mubaht\u0131r\u201d varsay\u0131m\u0131 konusunda insanlar\u0131n sadece iki se\u00e7ene\u011fi var: Ya (a) Tanr\u0131\u2019ya inanmak ve bir dine mensup olmak ya da (b) kendilerinin ve dostlar\u0131n\u0131n ahlaken iyi olmad\u0131klar\u0131n\u0131 ve kendilerine zarar verenlerin ahlaken k\u00f6t\u00fc olduklar\u0131n\u0131; \u00e7\u00fcnk\u00fc hi\u00e7bir \u015feyin ger\u00e7ekten ahlaken iyi veya k\u00f6t\u00fc, do\u011fru veya yanl\u0131\u015f olmad\u0131\u011f\u0131n\u0131 kabul etmek zorundalar. \u00c7o\u011fu kimse bir \u00fc\u00e7\u00fcnc\u00fc se\u00e7ene\u011fi arzulamaktad\u0131r; bunun nedenini anlamak kolay. Tanr\u0131\u2019ya inansalar bile, herhangi bir Tanr\u0131\u2019ya ya da kendi inand\u0131klar\u0131 Tanr\u0131\u2019ya inanmayan arkada\u015flar\u0131yla payla\u015fabilecekleri bir ahlak istiyorlar h\u00e2l\u00e2. Bu kitapta yazar, Tanr\u0131\u2019n\u0131n varl\u0131\u011f\u0131 aleyhine \u00fc\u00e7 arg\u00fcman sunuyor. Buna g\u00f6re: Birincisi, mutlak g\u00fcce sahip ve toptan iyi bir Tanr\u0131, d\u00fcnyam\u0131zdaki k\u00f6t\u00fcl\u00fck miktar\u0131 ve t\u00fcrleriyle ba\u011fda\u015fmamakta. \u0130kincisi, ebedi ve de\u011fi\u015fmez bir Tanr\u0131\u2019n\u0131n zaman i\u00e7indeki olaylarda hi\u00e7bir etkisi olamaz, dolay\u0131s\u0131yla d\u00fcnyay\u0131 yaratamaz veya dualara cevap veremez. \u00dc\u00e7\u00fcnc\u00fcs\u00fc, e\u011fer Tanr\u0131 olsayd\u0131, O\u2019nun varl\u0131\u011f\u0131 a\u00e7\u0131s\u0131ndan bizim bulabilece\u011fimizden \u00e7ok daha iyi kan\u0131tlar\u0131m\u0131z olurdu. Dini inan\u00e7lara sayg\u0131 duymak ve nezaket, ateistlerin sessiz kalmas\u0131 demek de\u011fildir. Dini inan\u00e7lara y\u00f6neltilecek ele\u015ftiriler nedense kabal\u0131k ya da anayasaya ayk\u0131r\u0131l\u0131k olarak g\u00f6r\u00fcl\u00fcyor; ancak hi\u00e7 de \u00f6yle de\u011fildir. Bu konular\u0131 d\u00fc\u015f\u00fcn\u00fcp merak edenler i\u00e7in zevkle okunacak bir kitap Tanr\u0131s\u0131z Ahlak?<\/p>\n","protected":false},"excerpt":{"rendered":"<p>\u0130lk s\u00f6zc\u00fc\u011f\u00fcn \u00fcst\u00fc niye \u00e7izili? \u00c7\u00fcnk\u00fc bu kitab\u0131n amac\u0131, Tanr\u0131s\u0131z ahlak konusunda bir sorun olmad\u0131\u011f\u0131n\u0131 g\u00f6stermektir. Felsefe profes\u00f6r\u00fc Walter Sinnott Armstrong, dini ele al\u0131rken esasen ahlak\u0131n<span class=\"excerpt-hellip\"> [\u2026]<\/span><\/p>\n","protected":false},"featured_media":0,"template":"","meta":{"_monsterinsights_skip_tracking":false,"_monsterinsights_sitenote_active":false,"_monsterinsights_sitenote_note":"","_monsterinsights_sitenote_category":0},"product_brand":[],"product_cat":[19998,12388],"product_tag":[],"class_list":{"0":"post-692376","1":"product","2":"type-product","3":"status-publish","5":"product_cat-din-felsefesi","6":"product_cat-felsefe","7":"pa_cilt-ciltsiz","8":"pa_tur-kitap","9":"pa_yayinevi-ayrinti-yayinlari","10":"pa_yazar-walter-sinnott-armstrong","12":"first","13":"instock","14":"sale","15":"shipping-taxable","16":"purchasable","17":"product-type-simple"},"_links":{"self":[{"href":"https:\/\/roveyayinevi.com.tr\/index.php\/wp-json\/wp\/v2\/product\/692376","targetHints":{"allow":["GET"]}}],"collection":[{"href":"https:\/\/roveyayinevi.com.tr\/index.php\/wp-json\/wp\/v2\/product"}],"about":[{"href":"https:\/\/roveyayinevi.com.tr\/index.php\/wp-json\/wp\/v2\/types\/product"}],"wp:attachment":[{"href":"https:\/\/roveyayinevi.com.tr\/index.php\/wp-json\/wp\/v2\/media?parent=692376"}],"wp:term":[{"taxonomy":"product_brand","embeddable":true,"href":"https:\/\/roveyayinevi.com.tr\/index.php\/wp-json\/wp\/v2\/product_brand?post=692376"},{"taxonomy":"product_cat","embeddable":true,"href":"https:\/\/roveyayinevi.com.tr\/index.php\/wp-json\/wp\/v2\/product_cat?post=692376"},{"taxonomy":"product_tag","embeddable":true,"href":"https:\/\/roveyayinevi.com.tr\/index.php\/wp-json\/wp\/v2\/product_tag?post=692376"}],"curies":[{"name":"wp","href":"https:\/\/api.w.org\/{rel}","templated":true}]}}