{"id":692372,"date":"2025-08-27T14:06:13","date_gmt":"2025-08-27T11:06:13","guid":{"rendered":"https:\/\/roveyayinevi.com.tr\/index.php\/urun\/sihirli-kitap-2\/"},"modified":"2026-04-16T02:02:30","modified_gmt":"2026-04-15T23:02:30","slug":"sihirli-kitap-2","status":"publish","type":"product","link":"https:\/\/roveyayinevi.com.tr\/index.php\/urun\/sihirli-kitap-2\/","title":{"rendered":"Sihirli Kitap"},"content":{"rendered":"<p>Bu kitap, bu g\u00fcne dek verdi\u011fi ayd\u0131nlat\u0131c\u0131 \u00f6\u011fretilerle pek \u00e7ok insan\u0131 uyand\u0131rm\u0131\u015f ve ya\u015famlar\u0131n\u0131 ola\u011fan\u00fcst\u00fc bir bi\u00e7imde de\u011fi\u015ftirmi\u015f olan Ramtha&#8217;n\u0131n \u00f6\u011frencilerine sundu\u011fu \u00e7ok \u00f6nemli ve kadim bilgelik \u00f6\u011fretilerini, Ramtha&#8217;n\u0131n se\u00e7me \u00f6\u011fretilerini ve bilgeli\u011fini i\u00e7ermektedir. \ufffcTan\u0131t\u0131m Metni<\/p>\n","protected":false},"excerpt":{"rendered":"<p>Bu kitap, bu g\u00fcne dek verdi\u011fi ayd\u0131nlat\u0131c\u0131 \u00f6\u011fretilerle pek \u00e7ok insan\u0131 uyand\u0131rm\u0131\u015f ve ya\u015famlar\u0131n\u0131 ola\u011fan\u00fcst\u00fc bir bi\u00e7imde de\u011fi\u015ftirmi\u015f olan Ramtha&#8217;n\u0131n \u00f6\u011frencilerine sundu\u011fu \u00e7ok \u00f6nemli ve kadim<span class=\"excerpt-hellip\"> [\u2026]<\/span><\/p>\n","protected":false},"featured_media":0,"template":"","meta":{"_monsterinsights_skip_tracking":false,"_monsterinsights_sitenote_active":false,"_monsterinsights_sitenote_note":"","_monsterinsights_sitenote_category":0},"product_brand":[],"product_cat":[12364,12376],"product_tag":[],"class_list":{"0":"post-692372","1":"product","2":"type-product","3":"status-publish","5":"product_cat-genel-konular","6":"product_cat-kisisel-gelisim","7":"pa_tur-kitap","8":"pa_yayinevi-akasa-yayinlari","9":"pa_yazar-j-z-knight","11":"first","12":"instock","13":"sale","14":"shipping-taxable","15":"purchasable","16":"product-type-simple"},"_links":{"self":[{"href":"https:\/\/roveyayinevi.com.tr\/index.php\/wp-json\/wp\/v2\/product\/692372","targetHints":{"allow":["GET"]}}],"collection":[{"href":"https:\/\/roveyayinevi.com.tr\/index.php\/wp-json\/wp\/v2\/product"}],"about":[{"href":"https:\/\/roveyayinevi.com.tr\/index.php\/wp-json\/wp\/v2\/types\/product"}],"wp:attachment":[{"href":"https:\/\/roveyayinevi.com.tr\/index.php\/wp-json\/wp\/v2\/media?parent=692372"}],"wp:term":[{"taxonomy":"product_brand","embeddable":true,"href":"https:\/\/roveyayinevi.com.tr\/index.php\/wp-json\/wp\/v2\/product_brand?post=692372"},{"taxonomy":"product_cat","embeddable":true,"href":"https:\/\/roveyayinevi.com.tr\/index.php\/wp-json\/wp\/v2\/product_cat?post=692372"},{"taxonomy":"product_tag","embeddable":true,"href":"https:\/\/roveyayinevi.com.tr\/index.php\/wp-json\/wp\/v2\/product_tag?post=692372"}],"curies":[{"name":"wp","href":"https:\/\/api.w.org\/{rel}","templated":true}]}}