{"id":692369,"date":"2025-08-27T14:06:12","date_gmt":"2025-08-27T11:06:12","guid":{"rendered":"https:\/\/roveyayinevi.com.tr\/index.php\/urun\/asla-konusmayacaksin\/"},"modified":"2026-01-22T02:05:50","modified_gmt":"2026-01-21T23:05:50","slug":"asla-konusmayacaksin","status":"publish","type":"product","link":"https:\/\/roveyayinevi.com.tr\/index.php\/urun\/asla-konusmayacaksin\/","title":{"rendered":"Asla Konu\u015fmayacaks\u0131n"},"content":{"rendered":"<p>Ali \u00d6zg\u00fcr \u00d6zkarc\u0131\u2019n\u0131n ikinci ele\u015ftiri kitab\u0131 Asla Konu\u015fmayacaks\u0131n, Beh\u00e7et Necatigil \u015fiirinin derin \u00e7\u00f6z\u00fcmlemesi. \u00d6zkarc\u0131, Necatigil \u00fczerine yap\u0131lan bildik yorumlar\u0131n d\u0131\u015f\u0131na \u00e7\u0131kmay\u0131 ama\u00e7l\u0131yor. Bir yandan \u015fairin zaaf\u0131 ile \u015fiir tekni\u011fi aras\u0131ndaki ba\u011f\u0131 irdelerken, di\u011fer yandan Necatigil\u2019i yorumlayanlarla diyalog kuruyor. Necatigil \u015fiirini b\u00fct\u00fcn\u00fcyle ele alma \u00e7abas\u0131 da diyebiliriz Asla Konu\u015fmayacaks\u0131n i\u00e7in. \ufffcTan\u0131t\u0131m Metni<\/p>\n","protected":false},"excerpt":{"rendered":"<p>Ali \u00d6zg\u00fcr \u00d6zkarc\u0131\u2019n\u0131n ikinci ele\u015ftiri kitab\u0131 Asla Konu\u015fmayacaks\u0131n, Beh\u00e7et Necatigil \u015fiirinin derin \u00e7\u00f6z\u00fcmlemesi. \u00d6zkarc\u0131, Necatigil \u00fczerine yap\u0131lan bildik yorumlar\u0131n d\u0131\u015f\u0131na \u00e7\u0131kmay\u0131 ama\u00e7l\u0131yor. Bir yandan \u015fairin zaaf\u0131<span class=\"excerpt-hellip\"> [\u2026]<\/span><\/p>\n","protected":false},"featured_media":0,"template":"","meta":{"_monsterinsights_skip_tracking":false,"_monsterinsights_sitenote_active":false,"_monsterinsights_sitenote_note":"","_monsterinsights_sitenote_category":0},"product_brand":[],"product_cat":[12291,12610],"product_tag":[],"class_list":{"0":"post-692369","1":"product","2":"type-product","3":"status-publish","5":"product_cat-edebiyat","6":"product_cat-elestiri-inceleme-kuram","7":"pa_tur-kitap","8":"pa_yayinevi-edebi-seyler","9":"pa_yazar-ali-ozgur-ozkarci","11":"first","12":"instock","13":"sale","14":"shipping-taxable","15":"purchasable","16":"product-type-simple"},"_links":{"self":[{"href":"https:\/\/roveyayinevi.com.tr\/index.php\/wp-json\/wp\/v2\/product\/692369","targetHints":{"allow":["GET"]}}],"collection":[{"href":"https:\/\/roveyayinevi.com.tr\/index.php\/wp-json\/wp\/v2\/product"}],"about":[{"href":"https:\/\/roveyayinevi.com.tr\/index.php\/wp-json\/wp\/v2\/types\/product"}],"wp:attachment":[{"href":"https:\/\/roveyayinevi.com.tr\/index.php\/wp-json\/wp\/v2\/media?parent=692369"}],"wp:term":[{"taxonomy":"product_brand","embeddable":true,"href":"https:\/\/roveyayinevi.com.tr\/index.php\/wp-json\/wp\/v2\/product_brand?post=692369"},{"taxonomy":"product_cat","embeddable":true,"href":"https:\/\/roveyayinevi.com.tr\/index.php\/wp-json\/wp\/v2\/product_cat?post=692369"},{"taxonomy":"product_tag","embeddable":true,"href":"https:\/\/roveyayinevi.com.tr\/index.php\/wp-json\/wp\/v2\/product_tag?post=692369"}],"curies":[{"name":"wp","href":"https:\/\/api.w.org\/{rel}","templated":true}]}}