{"id":692368,"date":"2025-08-27T14:06:12","date_gmt":"2025-08-27T11:06:12","guid":{"rendered":"https:\/\/roveyayinevi.com.tr\/index.php\/urun\/sabrimi-zorluyorsun-6-11-yas-arasi-cocuklari-anlama-rehberi\/"},"modified":"2026-04-16T02:02:30","modified_gmt":"2026-04-15T23:02:30","slug":"sabrimi-zorluyorsun-6-11-yas-arasi-cocuklari-anlama-rehberi","status":"publish","type":"product","link":"https:\/\/roveyayinevi.com.tr\/index.php\/urun\/sabrimi-zorluyorsun-6-11-yas-arasi-cocuklari-anlama-rehberi\/","title":{"rendered":"Sabr\u0131m\u0131 Zorluyorsun! 6-11 Ya\u015f Aras\u0131 \u00c7ocuklar\u0131 Anlama Rehberi"},"content":{"rendered":"<p>6-11 ya\u015f aras\u0131nda \u00e7ocu\u011fu olan anne babalar! Bu kitap sizin i\u00e7in. \u00c7ocu\u011funuz en ufak d\u00fc\u015f k\u0131r\u0131kl\u0131\u011f\u0131nda ortal\u0131\u011f\u0131 aya\u011fa m\u0131 kald\u0131r\u0131yor? Ne yapsan\u0131z daha da fazlas\u0131n\u0131 m\u0131 istiyor? Size asla bir \u015fey anlatm\u0131yor mu? Evde hi\u00e7bir i\u015f yapm\u0131yor mu? E\u015fyalar\u0131n\u0131 sa\u011fa sola geli\u015fig\u00fczel at\u0131yor mu? \u015eiddet i\u00e7eren video oyunlar\u0131 m\u0131 oynuyor? Yerinde durmuyor, dikkatini toplayam\u0131yor mu? Yasak olan\u0131 yapmaktan vazge\u00e7miyor mu?\u00c7ocu\u011funuzun bu t\u00fcr can s\u0131k\u0131c\u0131 davran\u0131\u015flar\u0131 asl\u0131nda hi\u00e7 tahmin etmedi\u011finiz nedenlerden kaynaklan\u0131yor olabilir. Bu kitap var g\u00fcc\u00fcn\u00fczle itti\u011finiz halde a\u00e7amad\u0131\u011f\u0131n\u0131z kap\u0131lar\u0131 belki de sadece \u00e7ekerek kolayca a\u00e7abilece\u011finizi g\u00f6steriyor. Denemedi\u011fim Yol Kalmad\u0131 kitab\u0131nda, 1-5 ya\u015f aras\u0131nda \u00e7ocu\u011fu olan anne babalara hitap eden Isabelle Filliozat, bu kez 6-11 ya\u015f aral\u0131\u011f\u0131ndaki \u00e7ocuklarda en s\u0131k kar\u015f\u0131la\u015f\u0131lan sorunlara de\u011finiyor ve bunlara farkl\u0131 a\u00e7\u0131lardan yakla\u015f\u0131yor.Anne babas\u0131yla ayn\u0131 mesle\u011fi payla\u015fan, deneyimli bir psikolog ve iki \u00e7ocuk annesi olan yazar, zengin mesleki ve ki\u015fisel deneyimlerini payla\u015f\u0131yor. Bu sorunlar\u0131n nedenlerini ve bunlara nas\u0131l yakla\u015f\u0131labilece\u011fini sevimli \u00e7izimler e\u015fli\u011finde anlat\u0131yor. Ayr\u0131ca herkesin anlayaca\u011f\u0131 bir dil kullanmas\u0131 ve bol \u00f6rnek vermesi kitab\u0131 daha da ilgi \u00e7ekici k\u0131l\u0131yor. Bu kitab\u0131 okuduktan sonra \u00e7ocuklara ve ya\u015fama bak\u0131\u015f\u0131n\u0131z t\u00fcm\u00fcyle de\u011fi\u015fecek, daha donan\u0131ml\u0131 bir ebeveyn haline geleceksiniz. <\/p>\n","protected":false},"excerpt":{"rendered":"<p>6-11 ya\u015f aras\u0131nda \u00e7ocu\u011fu olan anne babalar! Bu kitap sizin i\u00e7in. \u00c7ocu\u011funuz en ufak d\u00fc\u015f k\u0131r\u0131kl\u0131\u011f\u0131nda ortal\u0131\u011f\u0131 aya\u011fa m\u0131 kald\u0131r\u0131yor? Ne yapsan\u0131z daha da fazlas\u0131n\u0131 m\u0131<span class=\"excerpt-hellip\"> [\u2026]<\/span><\/p>\n","protected":false},"featured_media":0,"template":"","meta":{"_monsterinsights_skip_tracking":false,"_monsterinsights_sitenote_active":false,"_monsterinsights_sitenote_note":"","_monsterinsights_sitenote_category":0},"product_brand":[],"product_cat":[12831,12324],"product_tag":[],"class_list":{"0":"post-692368","1":"product","2":"type-product","3":"status-publish","5":"product_cat-aile-ve-cocuk","6":"product_cat-sosyoloji","7":"pa_cilt-ciltsiz","8":"pa_tur-kitap","9":"pa_yayinevi-kuraldisi-yayinevi","10":"pa_yazar-isabelle-fillozat","12":"first","13":"instock","14":"sale","15":"shipping-taxable","16":"purchasable","17":"product-type-simple"},"_links":{"self":[{"href":"https:\/\/roveyayinevi.com.tr\/index.php\/wp-json\/wp\/v2\/product\/692368","targetHints":{"allow":["GET"]}}],"collection":[{"href":"https:\/\/roveyayinevi.com.tr\/index.php\/wp-json\/wp\/v2\/product"}],"about":[{"href":"https:\/\/roveyayinevi.com.tr\/index.php\/wp-json\/wp\/v2\/types\/product"}],"wp:attachment":[{"href":"https:\/\/roveyayinevi.com.tr\/index.php\/wp-json\/wp\/v2\/media?parent=692368"}],"wp:term":[{"taxonomy":"product_brand","embeddable":true,"href":"https:\/\/roveyayinevi.com.tr\/index.php\/wp-json\/wp\/v2\/product_brand?post=692368"},{"taxonomy":"product_cat","embeddable":true,"href":"https:\/\/roveyayinevi.com.tr\/index.php\/wp-json\/wp\/v2\/product_cat?post=692368"},{"taxonomy":"product_tag","embeddable":true,"href":"https:\/\/roveyayinevi.com.tr\/index.php\/wp-json\/wp\/v2\/product_tag?post=692368"}],"curies":[{"name":"wp","href":"https:\/\/api.w.org\/{rel}","templated":true}]}}