{"id":692366,"date":"2025-08-27T14:06:12","date_gmt":"2025-08-27T11:06:12","guid":{"rendered":"https:\/\/roveyayinevi.com.tr\/index.php\/urun\/bir-tanri-yaratmak\/"},"modified":"2026-04-16T02:02:30","modified_gmt":"2026-04-15T23:02:30","slug":"bir-tanri-yaratmak","status":"publish","type":"product","link":"https:\/\/roveyayinevi.com.tr\/index.php\/urun\/bir-tanri-yaratmak\/","title":{"rendered":"Bir Tanr\u0131 Yaratmak"},"content":{"rendered":"<p>Devlet dini haline getirilen olgular \u0130slam \u00fclkeleri d\u0131\u015f\u0131nda b\u00fct\u00fcn d\u00fcnyada zay\u0131fl\u0131yor. \u00d6rne\u011fin \u0130ngiltere\u2019de 2014 y\u0131l\u0131nda yap\u0131lan ara\u015ft\u0131rmaya g\u00f6re \u0130ngilizlerin y\u00fczde 42\u2019si dinin gereksiz; y\u00fczde 45\u2019i gerekli oldu\u011funa inan\u0131yormu\u015f! Geriye kalan y\u00fczde 13 ise, \u201cDin olsa da olur, olmasa da&#8230;\u201d diyormu\u015f! <\/p>\n","protected":false},"excerpt":{"rendered":"<p>Devlet dini haline getirilen olgular \u0130slam \u00fclkeleri d\u0131\u015f\u0131nda b\u00fct\u00fcn d\u00fcnyada zay\u0131fl\u0131yor. \u00d6rne\u011fin \u0130ngiltere\u2019de 2014 y\u0131l\u0131nda yap\u0131lan ara\u015ft\u0131rmaya g\u00f6re \u0130ngilizlerin y\u00fczde 42\u2019si dinin gereksiz; y\u00fczde 45\u2019i gerekli<span class=\"excerpt-hellip\"> [\u2026]<\/span><\/p>\n","protected":false},"featured_media":0,"template":"","meta":{"_monsterinsights_skip_tracking":false,"_monsterinsights_sitenote_active":false,"_monsterinsights_sitenote_note":"","_monsterinsights_sitenote_category":0},"product_brand":[],"product_cat":[12389,12388],"product_tag":[],"class_list":{"0":"post-692366","1":"product","2":"type-product","3":"status-publish","5":"product_cat-diger-felsefe","6":"product_cat-felsefe","7":"pa_tur-kitap","8":"pa_yayinevi-herdem-kitap","9":"pa_yazar-halil-ibrahim-ay","11":"first","12":"instock","13":"sale","14":"shipping-taxable","15":"purchasable","16":"product-type-simple"},"_links":{"self":[{"href":"https:\/\/roveyayinevi.com.tr\/index.php\/wp-json\/wp\/v2\/product\/692366","targetHints":{"allow":["GET"]}}],"collection":[{"href":"https:\/\/roveyayinevi.com.tr\/index.php\/wp-json\/wp\/v2\/product"}],"about":[{"href":"https:\/\/roveyayinevi.com.tr\/index.php\/wp-json\/wp\/v2\/types\/product"}],"wp:attachment":[{"href":"https:\/\/roveyayinevi.com.tr\/index.php\/wp-json\/wp\/v2\/media?parent=692366"}],"wp:term":[{"taxonomy":"product_brand","embeddable":true,"href":"https:\/\/roveyayinevi.com.tr\/index.php\/wp-json\/wp\/v2\/product_brand?post=692366"},{"taxonomy":"product_cat","embeddable":true,"href":"https:\/\/roveyayinevi.com.tr\/index.php\/wp-json\/wp\/v2\/product_cat?post=692366"},{"taxonomy":"product_tag","embeddable":true,"href":"https:\/\/roveyayinevi.com.tr\/index.php\/wp-json\/wp\/v2\/product_tag?post=692366"}],"curies":[{"name":"wp","href":"https:\/\/api.w.org\/{rel}","templated":true}]}}