{"id":692364,"date":"2025-08-27T14:06:11","date_gmt":"2025-08-27T11:06:11","guid":{"rendered":"https:\/\/roveyayinevi.com.tr\/index.php\/urun\/sahi-mi-susam\/"},"modified":"2026-04-16T02:02:30","modified_gmt":"2026-04-15T23:02:30","slug":"sahi-mi-susam","status":"publish","type":"product","link":"https:\/\/roveyayinevi.com.tr\/index.php\/urun\/sahi-mi-susam\/","title":{"rendered":"Sahi mi Susam"},"content":{"rendered":"<p>\u00d6nel&#8217;in s\u00f6zc\u00fckleri daha fazla \u00e7ocukla kol kola girmeli. \u00c7\u00fcnk\u00fc onun sundu\u011fu d\u00fcnya hep umut kokar, inceliklere alk\u0131\u015f tutar, ba\u015fka kap\u0131lar aralar. Varl\u0131\u011f\u0131 bir \u00e7ocu\u011fa sunulmu\u015f f\u0131st\u0131kl\u0131 \u00e7ikolata gibidir, sevin\u00e7 uyand\u0131r\u0131r. \u0130\u015fte bu kitap, bizi sar\u0131p sarmalamak i\u00e7in can atan kocaman bir f\u0131st\u0131kl\u0131 \u00e7ikolata! \u00dcstelik \u00fczerinde a\u011fz\u0131m\u0131za lay\u0131k bir sos da var: co\u015fkun bir hayal \u015felalesinden d\u00f6k\u00fclen tatl\u0131 dilli sat\u0131rlar\u2026 Susam, bir kediden daha h\u0131zl\u0131 b\u00fcy\u00fcyen kentte, bah\u00e7eli bir evde ya\u015f\u0131yor. \u015eenlikli sakinleriyle g\u00f6\u011fe uzanan Uzay Apartman\u0131&#8217;n\u0131n hemen biti\u015fi\u011finde.  Yar\u0131y\u0131l tatili s\u00fcrerken, mahallede ya\u015fad\u0131klar\u0131 heyecan veriyor ona. Ama bazen kafas\u0131 kar\u0131\u015f\u0131yor, bu y\u00fczden &#8220;Sahi mi?&#8221; sorusunu yan\u0131ndan hi\u00e7 ay\u0131rm\u0131yor. \u00d6rne\u011fin, Topa\u00e7 Amca&#8217;n\u0131n verdi\u011fi y\u00fcz on bir basamakl\u0131 g\u00f6rev, orkestras\u0131n\u0131 kaybeden Bay Min\u00f6r, koleksiyoncu \u015eenlik Abla ve b\u00fcy\u00fck ya\u011fmuru bekleyen Nuh \u015fa\u015f\u0131rt\u0131yor onu. Kek seven evcil filler, suskun insanlar ve az\u0131l\u0131 d\u00fc\u015f h\u0131rs\u0131zlar\u0131 da. Sonra\u2026 \u00c7ocuklar\u0131n istedikleri kadar \u00e7ocuk kalabilecekleri bir form\u00fcl \u00fczerinde \u00e7al\u0131\u015fan \u00f6\u011fretmeni ve daha nicesi\u2026 Peki di\u011fer \u00e7ocuklar nerede? Belki Susam&#8217;\u0131n defteri bize s\u00f6yler. \u0130\u015fte kitab\u0131m\u0131z\u0131n dile\u011fi: \u00c7\u0131kt\u0131\u011f\u0131n\u0131z basamaklar sizi hep mutlu kalabal\u0131klara g\u00f6t\u00fcrs\u00fcn! <\/p>\n","protected":false},"excerpt":{"rendered":"<p>\u00d6nel&#8217;in s\u00f6zc\u00fckleri daha fazla \u00e7ocukla kol kola girmeli. \u00c7\u00fcnk\u00fc onun sundu\u011fu d\u00fcnya hep umut kokar, inceliklere alk\u0131\u015f tutar, ba\u015fka kap\u0131lar aralar. Varl\u0131\u011f\u0131 bir \u00e7ocu\u011fa sunulmu\u015f f\u0131st\u0131kl\u0131<span class=\"excerpt-hellip\"> [\u2026]<\/span><\/p>\n","protected":false},"featured_media":0,"template":"","meta":{"_monsterinsights_skip_tracking":false,"_monsterinsights_sitenote_active":false,"_monsterinsights_sitenote_note":"","_monsterinsights_sitenote_category":0},"product_brand":[],"product_cat":[12275,12274],"product_tag":[],"class_list":{"0":"post-692364","1":"product","2":"type-product","3":"status-publish","5":"product_cat-6-12-yas-kitaplari","6":"product_cat-cocuk-ve-genclik-kitaplari","7":"pa_cilt-ciltsiz","8":"pa_tur-kitap","9":"pa_yayinevi-elma-yayinevi","10":"pa_yazar-ahmet-onel","12":"first","13":"instock","14":"sale","15":"shipping-taxable","16":"purchasable","17":"product-type-simple"},"_links":{"self":[{"href":"https:\/\/roveyayinevi.com.tr\/index.php\/wp-json\/wp\/v2\/product\/692364","targetHints":{"allow":["GET"]}}],"collection":[{"href":"https:\/\/roveyayinevi.com.tr\/index.php\/wp-json\/wp\/v2\/product"}],"about":[{"href":"https:\/\/roveyayinevi.com.tr\/index.php\/wp-json\/wp\/v2\/types\/product"}],"wp:attachment":[{"href":"https:\/\/roveyayinevi.com.tr\/index.php\/wp-json\/wp\/v2\/media?parent=692364"}],"wp:term":[{"taxonomy":"product_brand","embeddable":true,"href":"https:\/\/roveyayinevi.com.tr\/index.php\/wp-json\/wp\/v2\/product_brand?post=692364"},{"taxonomy":"product_cat","embeddable":true,"href":"https:\/\/roveyayinevi.com.tr\/index.php\/wp-json\/wp\/v2\/product_cat?post=692364"},{"taxonomy":"product_tag","embeddable":true,"href":"https:\/\/roveyayinevi.com.tr\/index.php\/wp-json\/wp\/v2\/product_tag?post=692364"}],"curies":[{"name":"wp","href":"https:\/\/api.w.org\/{rel}","templated":true}]}}