{"id":692363,"date":"2025-08-27T14:06:11","date_gmt":"2025-08-27T11:06:11","guid":{"rendered":"https:\/\/roveyayinevi.com.tr\/index.php\/urun\/bir-bilicinin-dusleri\/"},"modified":"2026-04-16T02:02:30","modified_gmt":"2026-04-15T23:02:30","slug":"bir-bilicinin-dusleri","status":"publish","type":"product","link":"https:\/\/roveyayinevi.com.tr\/index.php\/urun\/bir-bilicinin-dusleri\/","title":{"rendered":"Bir Bilicinin D\u00fc\u015fleri"},"content":{"rendered":"<p>\u201cRuh nedir? Ruhun v\u00fccuttaki konumu neresidir? Ruhla bedenin birlikteli\u011fi nas\u0131l d\u00fc\u015f\u00fcn\u00fclebilir? Bir ruh ile bir bedenin birlikte bir b\u00fct\u00fcn olu\u015fturmas\u0131na hangi zorunluluk neden olur ve belli bir y\u0131k\u0131m oldu\u011funda hangi sebepler bu birli\u011fi yine ortadan kald\u0131r\u0131r?\u201d <\/p>\n","protected":false},"excerpt":{"rendered":"<p>\u201cRuh nedir? Ruhun v\u00fccuttaki konumu neresidir? Ruhla bedenin birlikteli\u011fi nas\u0131l d\u00fc\u015f\u00fcn\u00fclebilir? Bir ruh ile bir bedenin birlikte bir b\u00fct\u00fcn olu\u015fturmas\u0131na hangi zorunluluk neden olur ve belli<span class=\"excerpt-hellip\"> [\u2026]<\/span><\/p>\n","protected":false},"featured_media":0,"template":"","meta":{"_monsterinsights_skip_tracking":false,"_monsterinsights_sitenote_active":false,"_monsterinsights_sitenote_note":"","_monsterinsights_sitenote_category":0},"product_brand":[],"product_cat":[20351,12388],"product_tag":[],"class_list":{"0":"post-692363","1":"product","2":"type-product","3":"status-publish","5":"product_cat-dusunce","6":"product_cat-felsefe","7":"pa_cilt-ciltsiz","8":"pa_tur-kitap","9":"pa_yayinevi-say-yayinlari","10":"pa_yazar-immanuel-kant","12":"first","13":"instock","14":"sale","15":"shipping-taxable","16":"purchasable","17":"product-type-simple"},"_links":{"self":[{"href":"https:\/\/roveyayinevi.com.tr\/index.php\/wp-json\/wp\/v2\/product\/692363","targetHints":{"allow":["GET"]}}],"collection":[{"href":"https:\/\/roveyayinevi.com.tr\/index.php\/wp-json\/wp\/v2\/product"}],"about":[{"href":"https:\/\/roveyayinevi.com.tr\/index.php\/wp-json\/wp\/v2\/types\/product"}],"wp:attachment":[{"href":"https:\/\/roveyayinevi.com.tr\/index.php\/wp-json\/wp\/v2\/media?parent=692363"}],"wp:term":[{"taxonomy":"product_brand","embeddable":true,"href":"https:\/\/roveyayinevi.com.tr\/index.php\/wp-json\/wp\/v2\/product_brand?post=692363"},{"taxonomy":"product_cat","embeddable":true,"href":"https:\/\/roveyayinevi.com.tr\/index.php\/wp-json\/wp\/v2\/product_cat?post=692363"},{"taxonomy":"product_tag","embeddable":true,"href":"https:\/\/roveyayinevi.com.tr\/index.php\/wp-json\/wp\/v2\/product_tag?post=692363"}],"curies":[{"name":"wp","href":"https:\/\/api.w.org\/{rel}","templated":true}]}}