{"id":692361,"date":"2025-08-27T14:06:11","date_gmt":"2025-08-27T11:06:11","guid":{"rendered":"https:\/\/roveyayinevi.com.tr\/index.php\/urun\/isik-insanlarin-pesinde-profesor-iyon-ile-fen-2\/"},"modified":"2026-04-16T02:02:30","modified_gmt":"2026-04-15T23:02:30","slug":"isik-insanlarin-pesinde-profesor-iyon-ile-fen-2","status":"publish","type":"product","link":"https:\/\/roveyayinevi.com.tr\/index.php\/urun\/isik-insanlarin-pesinde-profesor-iyon-ile-fen-2\/","title":{"rendered":"I\u015f\u0131k \u0130nsanlar\u0131n Pe\u015finde : Profes\u00f6r \u0130yon \u0130le Fen 2"},"content":{"rendered":"<p>Beste, tam bir kitap kurdu. Ama kitaplarda okudu\u011fu \u00f6yk\u00fclerle ger\u00e7ekleri \u00e7o\u011fu zaman birbirine kar\u0131\u015ft\u0131r\u0131yor. Bu y\u00fczden de kendisini bir t\u00fcrl\u00fc derslerine veremiyor. Neyse ki \u00e7ocuklara yard\u0131m etmeyi g\u00f6rev edinmi\u015f Fen Gezegeni\u2019nin Ba\u015fkan\u0131 Profes\u00f6r \u0130yon vard\u0131r! Uzman Flo, masal anlat\u0131c\u0131s\u0131 olarak kar\u015f\u0131s\u0131na \u00e7\u0131kt\u0131\u011f\u0131 Beste\u2019ye anlatt\u0131klar\u0131yla duruma el koyacakt\u0131r.Okurlar bu keyifli ve \u00f6\u011fretici \u00f6yk\u00fclere bay\u0131lacaklar! <\/p>\n","protected":false},"excerpt":{"rendered":"<p>Beste, tam bir kitap kurdu. Ama kitaplarda okudu\u011fu \u00f6yk\u00fclerle ger\u00e7ekleri \u00e7o\u011fu zaman birbirine kar\u0131\u015ft\u0131r\u0131yor. Bu y\u00fczden de kendisini bir t\u00fcrl\u00fc derslerine veremiyor. Neyse ki \u00e7ocuklara yard\u0131m<span class=\"excerpt-hellip\"> [\u2026]<\/span><\/p>\n","protected":false},"featured_media":0,"template":"","meta":{"_monsterinsights_skip_tracking":false,"_monsterinsights_sitenote_active":false,"_monsterinsights_sitenote_note":"","_monsterinsights_sitenote_category":0},"product_brand":[],"product_cat":[13829,12274],"product_tag":[],"class_list":{"0":"post-692361","1":"product","2":"type-product","3":"status-publish","5":"product_cat-bilimsel-kitaplar","6":"product_cat-cocuk-ve-genclik-kitaplari","7":"pa_cilt-ciltsiz","8":"pa_tur-kitap","9":"pa_yayinevi-timas-cocuk","10":"pa_yazar-birsen-ekim-ozen","12":"first","13":"instock","14":"sale","15":"shipping-taxable","16":"purchasable","17":"product-type-simple"},"_links":{"self":[{"href":"https:\/\/roveyayinevi.com.tr\/index.php\/wp-json\/wp\/v2\/product\/692361","targetHints":{"allow":["GET"]}}],"collection":[{"href":"https:\/\/roveyayinevi.com.tr\/index.php\/wp-json\/wp\/v2\/product"}],"about":[{"href":"https:\/\/roveyayinevi.com.tr\/index.php\/wp-json\/wp\/v2\/types\/product"}],"wp:attachment":[{"href":"https:\/\/roveyayinevi.com.tr\/index.php\/wp-json\/wp\/v2\/media?parent=692361"}],"wp:term":[{"taxonomy":"product_brand","embeddable":true,"href":"https:\/\/roveyayinevi.com.tr\/index.php\/wp-json\/wp\/v2\/product_brand?post=692361"},{"taxonomy":"product_cat","embeddable":true,"href":"https:\/\/roveyayinevi.com.tr\/index.php\/wp-json\/wp\/v2\/product_cat?post=692361"},{"taxonomy":"product_tag","embeddable":true,"href":"https:\/\/roveyayinevi.com.tr\/index.php\/wp-json\/wp\/v2\/product_tag?post=692361"}],"curies":[{"name":"wp","href":"https:\/\/api.w.org\/{rel}","templated":true}]}}