{"id":692360,"date":"2025-08-27T14:06:11","date_gmt":"2025-08-27T11:06:11","guid":{"rendered":"https:\/\/roveyayinevi.com.tr\/index.php\/urun\/gelecekten-bir-gun-profesor-iyon-ile-fen-2\/"},"modified":"2026-04-16T02:02:30","modified_gmt":"2026-04-15T23:02:30","slug":"gelecekten-bir-gun-profesor-iyon-ile-fen-2","status":"publish","type":"product","link":"https:\/\/roveyayinevi.com.tr\/index.php\/urun\/gelecekten-bir-gun-profesor-iyon-ile-fen-2\/","title":{"rendered":"Gelecekten Bir G\u00fcn : Profes\u00f6r \u0130yon \u0130le Fen 2"},"content":{"rendered":"<p>Arascan \u00e7evre konusunda birazc\u0131k duyars\u0131z. Musluklar\u0131 s\u00fcrekli a\u00e7\u0131k b\u0131rak\u0131yor, defterinden sayfalar\u0131 kopar\u0131yor\u2026 Neyse ki \u00e7ocuklara yard\u0131m etmeyi g\u00f6rev edinmi\u015f Fen Gezegeni\u2019nin Ba\u015fkan\u0131 Profes\u00f6r \u0130yon vard\u0131r! Uzman Eko, b\u00f6yle giderse ileride D\u00fcnya\u2019n\u0131n ne b\u00fcy\u00fck bir felaket ile kar\u015f\u0131 kar\u015f\u0131ya kalaca\u011f\u0131n\u0131 g\u00f6sterip Arascan\u2019a yard\u0131mc\u0131 olur.Okurlar bu keyifli ve \u00f6\u011fretici \u00f6yk\u00fclere bay\u0131lacaklar! <\/p>\n","protected":false},"excerpt":{"rendered":"<p>Arascan \u00e7evre konusunda birazc\u0131k duyars\u0131z. Musluklar\u0131 s\u00fcrekli a\u00e7\u0131k b\u0131rak\u0131yor, defterinden sayfalar\u0131 kopar\u0131yor\u2026 Neyse ki \u00e7ocuklara yard\u0131m etmeyi g\u00f6rev edinmi\u015f Fen Gezegeni\u2019nin Ba\u015fkan\u0131 Profes\u00f6r \u0130yon vard\u0131r! Uzman<span class=\"excerpt-hellip\"> [\u2026]<\/span><\/p>\n","protected":false},"featured_media":0,"template":"","meta":{"_monsterinsights_skip_tracking":false,"_monsterinsights_sitenote_active":false,"_monsterinsights_sitenote_note":"","_monsterinsights_sitenote_category":0},"product_brand":[],"product_cat":[13829,12274],"product_tag":[],"class_list":{"0":"post-692360","1":"product","2":"type-product","3":"status-publish","5":"product_cat-bilimsel-kitaplar","6":"product_cat-cocuk-ve-genclik-kitaplari","7":"pa_cilt-ciltsiz","8":"pa_tur-kitap","9":"pa_yayinevi-timas-cocuk","10":"pa_yazar-birsen-ekim-ozen","12":"first","13":"instock","14":"sale","15":"shipping-taxable","16":"purchasable","17":"product-type-simple"},"_links":{"self":[{"href":"https:\/\/roveyayinevi.com.tr\/index.php\/wp-json\/wp\/v2\/product\/692360","targetHints":{"allow":["GET"]}}],"collection":[{"href":"https:\/\/roveyayinevi.com.tr\/index.php\/wp-json\/wp\/v2\/product"}],"about":[{"href":"https:\/\/roveyayinevi.com.tr\/index.php\/wp-json\/wp\/v2\/types\/product"}],"wp:attachment":[{"href":"https:\/\/roveyayinevi.com.tr\/index.php\/wp-json\/wp\/v2\/media?parent=692360"}],"wp:term":[{"taxonomy":"product_brand","embeddable":true,"href":"https:\/\/roveyayinevi.com.tr\/index.php\/wp-json\/wp\/v2\/product_brand?post=692360"},{"taxonomy":"product_cat","embeddable":true,"href":"https:\/\/roveyayinevi.com.tr\/index.php\/wp-json\/wp\/v2\/product_cat?post=692360"},{"taxonomy":"product_tag","embeddable":true,"href":"https:\/\/roveyayinevi.com.tr\/index.php\/wp-json\/wp\/v2\/product_tag?post=692360"}],"curies":[{"name":"wp","href":"https:\/\/api.w.org\/{rel}","templated":true}]}}