{"id":692359,"date":"2025-08-27T14:06:10","date_gmt":"2025-08-27T11:06:10","guid":{"rendered":"https:\/\/roveyayinevi.com.tr\/index.php\/urun\/dostluk-ormani-3-eli-sarikanat-tek-basina\/"},"modified":"2026-04-16T02:02:30","modified_gmt":"2026-04-15T23:02:30","slug":"dostluk-ormani-3-eli-sarikanat-tek-basina","status":"publish","type":"product","link":"https:\/\/roveyayinevi.com.tr\/index.php\/urun\/dostluk-ormani-3-eli-sarikanat-tek-basina\/","title":{"rendered":"Dostluk Orman\u0131-3 \/ Eli Sar\u0131kanat Tek Ba\u015f\u0131na"},"content":{"rendered":"<p>S\u0131r tutabilir misin?Lale ile Ceren, iki iyi arkada\u015f. \u0130kisi de hayvanlar\u0131 \u00e7ok seviyor. Dostluk Orman\u0131\u2019n\u0131 ke\u015ffettikleri zaman hayalleri ger\u00e7ek oluyor. \u00c7\u00fcnk\u00fc bu gizli d\u00fcnyada ya\u015fayan hayvanlar konu\u015fabiliyor!\u00d6rdek yavrusu Eli Sar\u0131kanat\u2019\u0131n do\u011fum g\u00fcn\u00fc! Ailesi, onun i\u00e7in S\u00f6\u011f\u00fcta\u011fac\u0131 Nehri\u2019ndeki teknelerinde bir parti d\u00fczenleyecek. Ama Boggitler, Sar\u0131kanatlar\u0131n teknelerini \u00e7al\u0131yor.Hem de Eli teknedeyken! Lale ile Ceren \u00f6rdek yavrusunu bulabilecek mi?<\/p>\n","protected":false},"excerpt":{"rendered":"<p>S\u0131r tutabilir misin?Lale ile Ceren, iki iyi arkada\u015f. \u0130kisi de hayvanlar\u0131 \u00e7ok seviyor. Dostluk Orman\u0131\u2019n\u0131 ke\u015ffettikleri zaman hayalleri ger\u00e7ek oluyor. \u00c7\u00fcnk\u00fc bu gizli d\u00fcnyada ya\u015fayan hayvanlar<span class=\"excerpt-hellip\"> [\u2026]<\/span><\/p>\n","protected":false},"featured_media":0,"template":"","meta":{"_monsterinsights_skip_tracking":false,"_monsterinsights_sitenote_active":false,"_monsterinsights_sitenote_note":"","_monsterinsights_sitenote_category":0},"product_brand":[],"product_cat":[12274,12284],"product_tag":[],"class_list":{"0":"post-692359","1":"product","2":"type-product","3":"status-publish","5":"product_cat-cocuk-ve-genclik-kitaplari","6":"product_cat-hikayeler","7":"pa_cilt-ciltsiz","8":"pa_tur-kitap","9":"pa_yayinevi-beyaz-balina-yayinlari","10":"pa_yazar-daisy-meadows","12":"first","13":"instock","14":"sale","15":"shipping-taxable","16":"purchasable","17":"product-type-simple"},"_links":{"self":[{"href":"https:\/\/roveyayinevi.com.tr\/index.php\/wp-json\/wp\/v2\/product\/692359","targetHints":{"allow":["GET"]}}],"collection":[{"href":"https:\/\/roveyayinevi.com.tr\/index.php\/wp-json\/wp\/v2\/product"}],"about":[{"href":"https:\/\/roveyayinevi.com.tr\/index.php\/wp-json\/wp\/v2\/types\/product"}],"wp:attachment":[{"href":"https:\/\/roveyayinevi.com.tr\/index.php\/wp-json\/wp\/v2\/media?parent=692359"}],"wp:term":[{"taxonomy":"product_brand","embeddable":true,"href":"https:\/\/roveyayinevi.com.tr\/index.php\/wp-json\/wp\/v2\/product_brand?post=692359"},{"taxonomy":"product_cat","embeddable":true,"href":"https:\/\/roveyayinevi.com.tr\/index.php\/wp-json\/wp\/v2\/product_cat?post=692359"},{"taxonomy":"product_tag","embeddable":true,"href":"https:\/\/roveyayinevi.com.tr\/index.php\/wp-json\/wp\/v2\/product_tag?post=692359"}],"curies":[{"name":"wp","href":"https:\/\/api.w.org\/{rel}","templated":true}]}}