{"id":692358,"date":"2025-08-27T14:06:10","date_gmt":"2025-08-27T11:06:10","guid":{"rendered":"https:\/\/roveyayinevi.com.tr\/index.php\/urun\/dostluk-ormani-1-loli-uzunbiyik-kayip\/"},"modified":"2026-04-16T02:02:30","modified_gmt":"2026-04-15T23:02:30","slug":"dostluk-ormani-1-loli-uzunbiyik-kayip","status":"publish","type":"product","link":"https:\/\/roveyayinevi.com.tr\/index.php\/urun\/dostluk-ormani-1-loli-uzunbiyik-kayip\/","title":{"rendered":"Dostluk Orman\u0131-1 \/ Loli Uzunb\u0131y\u0131k Kay\u0131p!"},"content":{"rendered":"<p>Lale ile Ceren, iki iyi arkada\u015f. \u0130kisi de hayvanlar\u0131 \u00e7ok seviyor. Dostluk Orman\u0131\u2019n\u0131 ke\u015ffettikleri zaman hayalleri ger\u00e7ek oluyor. \u00c7\u00fcnk\u00fc bu gizli d\u00fcnyada ya\u015fayan hayvanlar konu\u015fabiliyor! Bu hayvanc\u0131klar\u0131n Lale ile Ceren\u2019in yard\u0131m\u0131na ihtiyac\u0131 var. Yavru tav\u015fan Loli Uzunb\u0131y\u0131k, k\u00f6t\u00fc kalpli Grizelda\u2019n\u0131n elinde\u2026 K\u0131zlar Loli\u2019yi ondan kurtarabilecek mi? \ufffc<\/p>\n","protected":false},"excerpt":{"rendered":"<p>Lale ile Ceren, iki iyi arkada\u015f. \u0130kisi de hayvanlar\u0131 \u00e7ok seviyor. Dostluk Orman\u0131\u2019n\u0131 ke\u015ffettikleri zaman hayalleri ger\u00e7ek oluyor. \u00c7\u00fcnk\u00fc bu gizli d\u00fcnyada ya\u015fayan hayvanlar konu\u015fabiliyor! Bu<span class=\"excerpt-hellip\"> [\u2026]<\/span><\/p>\n","protected":false},"featured_media":0,"template":"","meta":{"_monsterinsights_skip_tracking":false,"_monsterinsights_sitenote_active":false,"_monsterinsights_sitenote_note":"","_monsterinsights_sitenote_category":0},"product_brand":[],"product_cat":[12274,12284],"product_tag":[],"class_list":{"0":"post-692358","1":"product","2":"type-product","3":"status-publish","5":"product_cat-cocuk-ve-genclik-kitaplari","6":"product_cat-hikayeler","7":"pa_cilt-ciltsiz","8":"pa_tur-kitap","9":"pa_yayinevi-beyaz-balina-yayinlari","10":"pa_yazar-daisy-meadows","12":"first","13":"instock","14":"sale","15":"shipping-taxable","16":"purchasable","17":"product-type-simple"},"_links":{"self":[{"href":"https:\/\/roveyayinevi.com.tr\/index.php\/wp-json\/wp\/v2\/product\/692358","targetHints":{"allow":["GET"]}}],"collection":[{"href":"https:\/\/roveyayinevi.com.tr\/index.php\/wp-json\/wp\/v2\/product"}],"about":[{"href":"https:\/\/roveyayinevi.com.tr\/index.php\/wp-json\/wp\/v2\/types\/product"}],"wp:attachment":[{"href":"https:\/\/roveyayinevi.com.tr\/index.php\/wp-json\/wp\/v2\/media?parent=692358"}],"wp:term":[{"taxonomy":"product_brand","embeddable":true,"href":"https:\/\/roveyayinevi.com.tr\/index.php\/wp-json\/wp\/v2\/product_brand?post=692358"},{"taxonomy":"product_cat","embeddable":true,"href":"https:\/\/roveyayinevi.com.tr\/index.php\/wp-json\/wp\/v2\/product_cat?post=692358"},{"taxonomy":"product_tag","embeddable":true,"href":"https:\/\/roveyayinevi.com.tr\/index.php\/wp-json\/wp\/v2\/product_tag?post=692358"}],"curies":[{"name":"wp","href":"https:\/\/api.w.org\/{rel}","templated":true}]}}