{"id":692354,"date":"2025-08-27T14:06:09","date_gmt":"2025-08-27T11:06:09","guid":{"rendered":"https:\/\/roveyayinevi.com.tr\/index.php\/urun\/elektriksiz-prens-profesor-iyon-ile-fen-2\/"},"modified":"2026-04-16T02:02:29","modified_gmt":"2026-04-15T23:02:29","slug":"elektriksiz-prens-profesor-iyon-ile-fen-2","status":"publish","type":"product","link":"https:\/\/roveyayinevi.com.tr\/index.php\/urun\/elektriksiz-prens-profesor-iyon-ile-fen-2\/","title":{"rendered":"Elektriksiz Prens : Profes\u00f6r \u0130yon \u0130le Fen 2"},"content":{"rendered":"<p>Limondan elektrik mi \u00fcretilirmi\u015f? Bilgisayar oyunlar\u0131na pek merakl\u0131 olan Kerim, arkada\u015f\u0131 Aytu\u011f\u2019un elektrik ve pil konusunda yapaca\u011f\u0131 deneyi \u00e7ok komik buluyor. Neyse ki Fen Gezegeni\u2019nin \u00e7ocuklara yard\u0131m etmeyi g\u00f6rev edinmi\u015f Ba\u015fkan\u0131 Profes\u00f6r \u0130yon var! Uzman Elektro, Kerim\u2019i elektri\u011fin olmad\u0131\u011f\u0131 bamba\u015fka bir zamana yolculu\u011fa \u00e7\u0131kar\u0131r. Okurlar bu keyifli ve \u00f6\u011fretici \u00f6yk\u00fclere bay\u0131lacaklar! <\/p>\n","protected":false},"excerpt":{"rendered":"<p>Limondan elektrik mi \u00fcretilirmi\u015f? Bilgisayar oyunlar\u0131na pek merakl\u0131 olan Kerim, arkada\u015f\u0131 Aytu\u011f\u2019un elektrik ve pil konusunda yapaca\u011f\u0131 deneyi \u00e7ok komik buluyor. Neyse ki Fen Gezegeni\u2019nin \u00e7ocuklara<span class=\"excerpt-hellip\"> [\u2026]<\/span><\/p>\n","protected":false},"featured_media":0,"template":"","meta":{"_monsterinsights_skip_tracking":false,"_monsterinsights_sitenote_active":false,"_monsterinsights_sitenote_note":"","_monsterinsights_sitenote_category":0},"product_brand":[],"product_cat":[13829,12274],"product_tag":[],"class_list":{"0":"post-692354","1":"product","2":"type-product","3":"status-publish","5":"product_cat-bilimsel-kitaplar","6":"product_cat-cocuk-ve-genclik-kitaplari","7":"pa_cilt-ciltsiz","8":"pa_tur-kitap","9":"pa_yayinevi-timas-cocuk","10":"pa_yazar-birsen-ekim-ozen","12":"first","13":"instock","14":"sale","15":"shipping-taxable","16":"purchasable","17":"product-type-simple"},"_links":{"self":[{"href":"https:\/\/roveyayinevi.com.tr\/index.php\/wp-json\/wp\/v2\/product\/692354","targetHints":{"allow":["GET"]}}],"collection":[{"href":"https:\/\/roveyayinevi.com.tr\/index.php\/wp-json\/wp\/v2\/product"}],"about":[{"href":"https:\/\/roveyayinevi.com.tr\/index.php\/wp-json\/wp\/v2\/types\/product"}],"wp:attachment":[{"href":"https:\/\/roveyayinevi.com.tr\/index.php\/wp-json\/wp\/v2\/media?parent=692354"}],"wp:term":[{"taxonomy":"product_brand","embeddable":true,"href":"https:\/\/roveyayinevi.com.tr\/index.php\/wp-json\/wp\/v2\/product_brand?post=692354"},{"taxonomy":"product_cat","embeddable":true,"href":"https:\/\/roveyayinevi.com.tr\/index.php\/wp-json\/wp\/v2\/product_cat?post=692354"},{"taxonomy":"product_tag","embeddable":true,"href":"https:\/\/roveyayinevi.com.tr\/index.php\/wp-json\/wp\/v2\/product_tag?post=692354"}],"curies":[{"name":"wp","href":"https:\/\/api.w.org\/{rel}","templated":true}]}}