{"id":692353,"date":"2025-08-27T14:06:09","date_gmt":"2025-08-27T11:06:09","guid":{"rendered":"https:\/\/roveyayinevi.com.tr\/index.php\/urun\/nehcul-belaga\/"},"modified":"2025-11-13T02:21:56","modified_gmt":"2025-11-12T23:21:56","slug":"nehcul-belaga","status":"publish","type":"product","link":"https:\/\/roveyayinevi.com.tr\/index.php\/urun\/nehcul-belaga\/","title":{"rendered":"Nehc\u00fc&#8217;l-Belaga"},"content":{"rendered":"<p>Fasahat ve belagatte ger\u00e7ekten de e\u015fi bulunmayan; mevzu bak\u0131m\u0131ndan \u0130slam dininin esaslar\u0131na, o esaslar\u0131n gerektirdi\u011fi h\u00fck\u00fcmlere de\u011finen; bunlar\u0131 \u0130slam Peygamberi\u2019nden (s.m.) tevar\u00fcs etti\u011fi s\u0131n\u0131rs\u0131z bilgi kudretiyle a\u00e7\u0131klayan; i\u00e7timai ve iktisadi meselelere, \u0130slam dininin insani g\u00f6r\u00fc\u015f\u00fcne ayd\u0131nlat\u0131c\u0131, \u015f\u00fcpheleri giderici \u0131\u015f\u0131klar tutan; ayr\u0131ca da tarihi olaylar\u0131, sebepleri ve sonu\u00e7lar\u0131yla belirten \u2018Nehc\u00fc\u2019l-Belaga\u2019, Emir\u00fc\u2019l-M\u00fc\u2019minin Ali b. Ebi-Talib\u2019in (a.m.) hutbelerinin, s\u00f6zlerinin, \u00f6\u011f\u00fctlerinin, vasiyetlerinin, mektuplar\u0131n\u0131n ve vecizelerinin toplanmas\u0131ndan meydana gelmi\u015ftir. \u201cO Hazret\u2019in \u015fa\u015f\u0131lacak hallerinden biri de, hi\u00e7 kimsenin, \u00fcst\u00fcnl\u00fc\u011f\u00fcnde e\u015fitli\u011fi olmayan fasahat ve belagatidir. Zahidlikte, \u00f6\u011f\u00fctte; korkutmada onun d\u00fc\u015f\u00fcncesine ula\u015fan yoktur; o y\u00fccelikte s\u00f6z s\u00f6ylemek, onun ihatas\u0131na eri\u015fmek imkan\u0131na hi\u00e7 kimse sahip de\u011fildir. Bu s\u00f6zleri okuyup ibretle d\u00fc\u015f\u00fcnen ki\u015fi, san\u0131r ki o Hazret\u2019in, d\u00fcnyadan nasibi, ancak zahidliktir; d\u00fcnyay\u0131 terk etmektir, Allah\u2019a kullukta bulunmakt\u0131r; O, bir buca\u011fa \u00e7ekilmi\u015f yahut bir da\u011f ete\u011fine s\u0131\u011f\u0131nm\u0131\u015f, halktan ayr\u0131lm\u0131\u015ft\u0131r; kendi duygusundan ba\u015fka bir \u015fey duymaz; kendi solu\u011fundan ba\u015fka bir \u015fey i\u015fitmez; kendinden ba\u015fka kimseyi g\u00f6rmez. Bu s\u00f6zlerin, sava\u015f denizlerinde dalgalar yutan, co\u015fup k\u00f6p\u00fcren, sava\u015f deryalar\u0131na dal\u0131p \u00e7\u0131kan, elinde yal\u0131n k\u0131l\u0131\u00e7, haktan ba\u015f \u00e7ekenlerin ba\u015flar\u0131n\u0131 bedenlerinden ay\u0131ran, \u00fcnl\u00fc kahramanlar\u0131, Allah kullu\u011fu yolunda helak topra\u011f\u0131na seren, k\u0131l\u0131c\u0131ndan kanlar damlaya damlaya, canlar d\u00f6k\u00fcle sa\u00e7\u0131lan meydandan d\u00f6nen birisinin s\u00f6zleri oldu\u011funa asla inanmaz. Oysa, bu halle beraber gene de zahidlikte, g\u00f6n\u00fcl al\u00e7akl\u0131\u011f\u0131nda, kullukta, d\u00fcnyan\u0131n b\u00fct\u00fcn zahidlerinin zahididir; kullu\u011fu \u00fcst\u00fcnl\u00fc\u011fe de\u011fi\u015fenlerin ba\u015f\u0131d\u0131r. Bu hal, o Hazret\u2019e has olan \u015fa\u015f\u0131lacak faziletlerdendir. O, z\u0131tlar\u0131 nefsinde toplam\u0131\u015ft\u0131r; yi\u011fitlikle g\u00f6n\u00fcl al\u00e7akl\u0131\u011f\u0131n\u0131, \u00fcst\u00fcnl\u00fckle kullu\u011fu nefsinde cemetmi\u015ftir.\u201d <\/p>\n","protected":false},"excerpt":{"rendered":"<p>Fasahat ve belagatte ger\u00e7ekten de e\u015fi bulunmayan; mevzu bak\u0131m\u0131ndan \u0130slam dininin esaslar\u0131na, o esaslar\u0131n gerektirdi\u011fi h\u00fck\u00fcmlere de\u011finen; bunlar\u0131 \u0130slam Peygamberi\u2019nden (s.m.) tevar\u00fcs etti\u011fi s\u0131n\u0131rs\u0131z bilgi kudretiyle<span class=\"excerpt-hellip\"> [\u2026]<\/span><\/p>\n","protected":false},"featured_media":0,"template":"","meta":{"_monsterinsights_skip_tracking":false,"_monsterinsights_sitenote_active":false,"_monsterinsights_sitenote_note":"","_monsterinsights_sitenote_category":0},"product_brand":[],"product_cat":[16789,12718,12719],"product_tag":[],"class_list":{"0":"post-692353","1":"product","2":"type-product","3":"status-publish","5":"product_cat-diger-islam","6":"product_cat-din","7":"product_cat-islam","8":"pa_cilt-ciltsiz","9":"pa_tur-kitap","10":"pa_yayinevi-kapi-yayinlari","11":"pa_yazar-abdulbaki-golpinarli","13":"first","14":"instock","15":"sale","16":"shipping-taxable","17":"purchasable","18":"product-type-simple"},"_links":{"self":[{"href":"https:\/\/roveyayinevi.com.tr\/index.php\/wp-json\/wp\/v2\/product\/692353","targetHints":{"allow":["GET"]}}],"collection":[{"href":"https:\/\/roveyayinevi.com.tr\/index.php\/wp-json\/wp\/v2\/product"}],"about":[{"href":"https:\/\/roveyayinevi.com.tr\/index.php\/wp-json\/wp\/v2\/types\/product"}],"wp:attachment":[{"href":"https:\/\/roveyayinevi.com.tr\/index.php\/wp-json\/wp\/v2\/media?parent=692353"}],"wp:term":[{"taxonomy":"product_brand","embeddable":true,"href":"https:\/\/roveyayinevi.com.tr\/index.php\/wp-json\/wp\/v2\/product_brand?post=692353"},{"taxonomy":"product_cat","embeddable":true,"href":"https:\/\/roveyayinevi.com.tr\/index.php\/wp-json\/wp\/v2\/product_cat?post=692353"},{"taxonomy":"product_tag","embeddable":true,"href":"https:\/\/roveyayinevi.com.tr\/index.php\/wp-json\/wp\/v2\/product_tag?post=692353"}],"curies":[{"name":"wp","href":"https:\/\/api.w.org\/{rel}","templated":true}]}}