{"id":692351,"date":"2025-08-27T14:06:09","date_gmt":"2025-08-27T11:06:09","guid":{"rendered":"https:\/\/roveyayinevi.com.tr\/index.php\/urun\/alparslanin-akincisi-alperen-oyunun-sonu\/"},"modified":"2026-04-16T02:02:29","modified_gmt":"2026-04-15T23:02:29","slug":"alparslanin-akincisi-alperen-oyunun-sonu","status":"publish","type":"product","link":"https:\/\/roveyayinevi.com.tr\/index.php\/urun\/alparslanin-akincisi-alperen-oyunun-sonu\/","title":{"rendered":"Alparslan&#8217;\u0131n Ak\u0131nc\u0131s\u0131 Alperen &#8211; Oyunun Sonu"},"content":{"rendered":"<p>Sel\u00e7uklu ak\u0131nc\u0131lar\u0131, Sultan Alparslan\u2019\u0131n Anadolu\u2019daki gizli kahramanlar\u0131&#8230; Gen\u00e7 ya\u015f\u0131nda ak\u0131nc\u0131 beyi olan Alperen de onlardan biri. Yel kadar h\u0131zl\u0131 at\u0131yla maceradan maceraya ko\u015fan bir yi\u011fit.  Alperen, Sel\u00e7uklu topraklar\u0131ndaki yolculu\u011funda Bizansl\u0131 hac\u0131 adaylar\u0131na e\u015flik ediyor. Peki, ak\u0131nc\u0131 beyimiz yol oyunca kar\u015f\u0131la\u015ft\u0131\u011f\u0131 e\u015fk\u0131yalarla ba\u015f edebilecek mi? Bizans \u015f\u00f6valyelerinin kendisine oynad\u0131\u011f\u0131 sinsi oyunun sonu nas\u0131l bitecek? Bu heyecanl\u0131 macerada yer almak istersen sen de yolculu\u011fa kat\u0131l! <\/p>\n","protected":false},"excerpt":{"rendered":"<p>Sel\u00e7uklu ak\u0131nc\u0131lar\u0131, Sultan Alparslan\u2019\u0131n Anadolu\u2019daki gizli kahramanlar\u0131&#8230; Gen\u00e7 ya\u015f\u0131nda ak\u0131nc\u0131 beyi olan Alperen de onlardan biri. Yel kadar h\u0131zl\u0131 at\u0131yla maceradan maceraya ko\u015fan bir yi\u011fit. Alperen,<span class=\"excerpt-hellip\"> [\u2026]<\/span><\/p>\n","protected":false},"featured_media":0,"template":"","meta":{"_monsterinsights_skip_tracking":false,"_monsterinsights_sitenote_active":false,"_monsterinsights_sitenote_note":"","_monsterinsights_sitenote_category":0},"product_brand":[],"product_cat":[12291,15117],"product_tag":[],"class_list":{"0":"post-692351","1":"product","2":"type-product","3":"status-publish","5":"product_cat-edebiyat","6":"product_cat-genclik-edebiyati","7":"pa_cilt-ciltsiz","8":"pa_tur-kitap","9":"pa_yayinevi-genc-timas","10":"pa_yazar-ismail-bilgin","12":"first","13":"instock","14":"sale","15":"shipping-taxable","16":"purchasable","17":"product-type-simple"},"_links":{"self":[{"href":"https:\/\/roveyayinevi.com.tr\/index.php\/wp-json\/wp\/v2\/product\/692351","targetHints":{"allow":["GET"]}}],"collection":[{"href":"https:\/\/roveyayinevi.com.tr\/index.php\/wp-json\/wp\/v2\/product"}],"about":[{"href":"https:\/\/roveyayinevi.com.tr\/index.php\/wp-json\/wp\/v2\/types\/product"}],"wp:attachment":[{"href":"https:\/\/roveyayinevi.com.tr\/index.php\/wp-json\/wp\/v2\/media?parent=692351"}],"wp:term":[{"taxonomy":"product_brand","embeddable":true,"href":"https:\/\/roveyayinevi.com.tr\/index.php\/wp-json\/wp\/v2\/product_brand?post=692351"},{"taxonomy":"product_cat","embeddable":true,"href":"https:\/\/roveyayinevi.com.tr\/index.php\/wp-json\/wp\/v2\/product_cat?post=692351"},{"taxonomy":"product_tag","embeddable":true,"href":"https:\/\/roveyayinevi.com.tr\/index.php\/wp-json\/wp\/v2\/product_tag?post=692351"}],"curies":[{"name":"wp","href":"https:\/\/api.w.org\/{rel}","templated":true}]}}